{"id":27657,"date":"2021-12-09T15:47:20","date_gmt":"2021-12-09T14:47:20","guid":{"rendered":"https:\/\/www.globalwineries.nl\/antares-weine\/"},"modified":"2021-12-10T10:15:34","modified_gmt":"2021-12-10T09:15:34","slug":"antares-weine","status":"publish","type":"page","link":"https:\/\/www.globalwineries.nl\/de\/antares-weine\/","title":{"rendered":"Antares weine"},"content":{"rendered":"\n\n\t<section class=\"section\" id=\"section_2065452095\">\n\t\t<div class=\"section-bg fill\" >\n\t\t\t\t\t\t\t\t\t\n\t\t\t\n\n\t\t<\/div>\n\n\t\t\n\n\t\t<div class=\"section-content relative\">\n\t\t\t\n\n<div class=\"row row-collapse\" style=\"max-width:90%\" id=\"row-814732686\">\n\n\n\t<div id=\"col-228958021\" class=\"col small-12 large-12\"  >\n\t\t\t\t<div class=\"col-inner\"  >\n\t\t\t\n\t\t\t\n\n  <div id=\"page-header-1272738384\" class=\"page-header-wrapper\">\n  <div class=\"page-title light featured-title\">\n\n        <div class=\"page-title-bg\">\n      <div class=\"title-bg fill bg-fill\"\n        data-parallax-container=\".page-title\"\n        data-parallax-background\n        data-parallax=\"-\">\n      <\/div>\n      <div class=\"title-overlay fill\"><\/div>\n    <\/div>\n    \n    <div class=\"page-title-inner container align-center flex-row medium-flex-wrap\" >\n              <div class=\"title-wrapper is-larger flex-col text-left medium-text-center\">\n          <h1 class=\"entry-title mb-0\">\n            Antares weine          <\/h1>\n        <\/div>\n                    <div class=\"title-content flex-col flex-right text-right medium-text-center\">\n        <div class=\"title-breadcrumbs pb-half pt-half\"><nav class=\"woocommerce-breadcrumb breadcrumbs uppercase\" aria-label=\"Breadcrumb\">Start<\/nav><\/div>      <\/div>\n    <\/div>\n\n     \n<style>\n#page-header-1272738384 .title-overlay {\n  background-color: rgb(255, 255, 255);\n}\n#page-header-1272738384 .featured-title {\n  background-color: rgb(255, 255, 255);\n}\n<\/style>\n  <\/div>\n    <\/div>\n  \n\n\n\t\t<\/div>\n\t\t\t\t\t<\/div>\n\n\t\n\n<\/div>\n\n\t\t<\/div>\n\n\t\t\n<style>\n#section_2065452095 {\n  padding-top: 15px;\n  padding-bottom: 15px;\n}\n@media (min-width:550px) {\n  #section_2065452095 {\n    padding-top: 15px;\n    padding-bottom: 15px;\n  }\n}\n@media (min-width:850px) {\n  #section_2065452095 {\n    padding-top: 30px;\n    padding-bottom: 30px;\n  }\n}\n<\/style>\n\t<\/section>\n\t\n\n\t<section class=\"section\" id=\"section_828553173\">\n\t\t<div class=\"section-bg fill\" >\n\t\t\t\t\t\t\t\t\t\n\t\t\t\n\n\t\t<\/div>\n\n\t\t\n\n\t\t<div class=\"section-content relative\">\n\t\t\t\n\n<div class=\"row row-large\" style=\"max-width:90%\" id=\"row-1750645106\">\n\n\n\t<div id=\"col-518942087\" class=\"col medium-6 small-12 large-6\"  >\n\t\t\t\t<div class=\"col-inner\"  >\n\t\t\t\n\t\t\t\n\n\t<div class=\"img has-hover x md-x lg-x y md-y lg-y\" id=\"image_406153060\">\n\t\t\t\t\t\t\t\t<div class=\"img-inner dark\" >\n\t\t\t<img loading=\"lazy\" decoding=\"async\" width=\"720\" height=\"478\" src=\"https:\/\/www.globalwineries.nl\/wp-content\/uploads\/2020\/08\/111025-Ivan-Martinovic-2-1024x680-min-e1598544855435.jpg\" class=\"attachment-large size-large\" alt=\"Ivan Martinovic van Antares Wijnen\" srcset=\"https:\/\/www.globalwineries.nl\/wp-content\/uploads\/2020\/08\/111025-Ivan-Martinovic-2-1024x680-min-e1598544855435.jpg 720w, https:\/\/www.globalwineries.nl\/wp-content\/uploads\/2020\/08\/111025-Ivan-Martinovic-2-1024x680-min-e1598544855435-247x164.jpg 247w, https:\/\/www.globalwineries.nl\/wp-content\/uploads\/2020\/08\/111025-Ivan-Martinovic-2-1024x680-min-e1598544855435-510x339.jpg 510w\" sizes=\"auto, (max-width: 720px) 100vw, 720px\" title=\"\">\t\t\t\t\t\t\n\t\t\t\t\t<\/div>\n\t\t\t\t\t\t\t\t\n<style>\n#image_406153060 {\n  width: 100%;\n}\n<\/style>\n\t<\/div>\n\t\n\n\n\t\t<\/div>\n\t\t\t\t\t<\/div>\n\n\t\n\n\t<div id=\"col-1321120649\" class=\"col medium-6 small-12 large-6\"  >\n\t\t\t\t<div class=\"col-inner\"  >\n\t\t\t\n\t\t\t\n\n<h2><span style=\"font-size: 120%;\">\u00dcber Antares Weine<\/span><\/h2>\n<div class=\"is-divider divider clearfix\" style=\"max-width:50px;background-color:rgb(0, 55, 95);\"><\/div>\n\n<p class=\"thin-font\">Antares liegt im \u00e4u\u00dfersten S\u00fcden Chiles, mit Weinbergen nahe der Grenze zu Patagonien. Der Boden ist vulkanisch und das Klima mild, beeinflusst durch den nahen Ozean. Die Weine von Antares eignen sich nicht nur f\u00fcr jeden Anlass, sondern laden auch dazu ein, die reiche chilenische Kultur kennenzulernen.  <\/p>\n<a href=\"https:\/\/www.globalwineries.nl\/de\/?s=antares&#038;post_type=product\" class=\"button secondary lowercase pagina-knop\" >\n\t\t<span>Alle Antares Weine kaufen<\/span>\n\t<\/a>\n\n\n\n\t\t<\/div>\n\t\t\t\t\n<style>\n#col-1321120649 > .col-inner {\n  padding: 0px 0px 0px 0px;\n}\n@media (min-width:550px) {\n  #col-1321120649 > .col-inner {\n    padding: 0px 0 0px 0px;\n  }\n}\n@media (min-width:850px) {\n  #col-1321120649 > .col-inner {\n    padding: 0px 10px 0px 20px;\n  }\n}\n<\/style>\n\t<\/div>\n\n\t\n\n<\/div>\n\n\t\t<\/div>\n\n\t\t\n<style>\n#section_828553173 {\n  padding-top: 30px;\n  padding-bottom: 30px;\n}\n<\/style>\n\t<\/section>\n\t\n\n\t<section class=\"section\" id=\"section_690777307\">\n\t\t<div class=\"section-bg fill\" >\n\t\t\t\t\t\t\t\t\t\n\t\t\t\n\n\t\t<\/div>\n\n\t\t\n\n\t\t<div class=\"section-content relative\">\n\t\t\t\n\n<div class=\"row row-collapse align-center\" style=\"max-width:90%\" id=\"row-707116463\">\n\n\n\t<div id=\"col-1137032775\" class=\"col small-11 large-12\"  >\n\t\t\t\t<div class=\"col-inner\"  >\n\t\t\t\n\t\t\t\n\n<h2>Neue Weine von Antares Weine<\/h2>\n<div class=\"is-divider divider clearfix\" style=\"max-width:50px;background-color:rgb(0, 55, 95);\"><\/div>\n\n\t<div id=\"gap-1887293370\" class=\"gap-element clearfix\" style=\"display:block; height:auto;\">\n\t\t\n<style>\n#gap-1887293370 {\n  padding-top: 30px;\n}\n<\/style>\n\t<\/div>\n\t\n\n\t\n  \n    <div class=\"row  equalize-box large-columns-3 medium-columns- small-columns-2 row-small row-full-width\" >\n  \n\t     <div class=\"col\" >\n\t\t\t\t\t\t<div class=\"col-inner\">\n\t\t\t\t\t\t\n<div class=\"badge-container absolute left top z-1\">\n\n<\/div>\n\t\t\t\t\t\t<div class=\"product-small box has-hover box-normal box-text-bottom\">\n\t\t\t\t\t\t\t<div class=\"box-image\" style=\"width:50%;\">\n\t\t\t\t\t\t\t\t<div class=\"\" >\n\t\t\t\t\t\t\t\t\t<a href=\"https:\/\/www.globalwineries.nl\/de\/product\/antares-chardonnay-sc\/\" aria-label=\"Antares Chardonnay (sc)\">\n\t\t\t\t\t\t\t\t\t\t<img loading=\"lazy\" decoding=\"async\" width=\"600\" height=\"898\" src=\"https:\/\/www.globalwineries.nl\/wp-content\/uploads\/2017\/04\/56003003-2.png\" class=\"attachment-original size-original\" alt=\"Antares Chardonnay\" srcset=\"https:\/\/www.globalwineries.nl\/wp-content\/uploads\/2017\/04\/56003003-2.png 600w, https:\/\/www.globalwineries.nl\/wp-content\/uploads\/2017\/04\/56003003-2-247x370.png 247w, https:\/\/www.globalwineries.nl\/wp-content\/uploads\/2017\/04\/56003003-2-510x763.png 510w, https:\/\/www.globalwineries.nl\/wp-content\/uploads\/2017\/04\/56003003-2-200x300.png 200w\" sizes=\"auto, (max-width: 600px) 100vw, 600px\" title=\"\">\t\t\t\t\t\t\t\t\t<\/a>\n\t\t\t\t\t\t\t\t\t\t\t\t\t\t\t\t\t\t \t\t\t\t\t\t\t\t<\/div>\n\t\t\t\t\t\t\t\t<div class=\"image-tools top right show-on-hover\">\n\t\t\t\t\t\t\t\t\t\t\t\t\t\t\t\t\t<\/div>\n\t\t\t\t\t\t\t\t\t\t\t\t\t\t\t\t\t<div class=\"image-tools grid-tools text-center hide-for-small bottom hover-slide-in show-on-hover\">\n\t\t\t\t\t\t\t\t\t\t\t\t\t\t\t\t\t\t\t<\/div>\n\t\t\t\t\t\t\t\t\t\t\t\t\t\t\t\t\t\t\t\t\t\t\t<\/div>\n\n\t\t\t\t\t\t\t<div class=\"box-text text-center\" >\n\t\t\t\t\t\t\t\t<div class=\"title-wrapper\">\t\t<p class=\"category uppercase is-smaller no-text-overflow product-cat op-8\">\n\t\t\tChili\t\t<\/p>\n\t<p class=\"name product-title woocommerce-loop-product__title\"><a href=\"https:\/\/www.globalwineries.nl\/de\/product\/antares-chardonnay-sc\/\" class=\"woocommerce-LoopProduct-link woocommerce-loop-product__link\">Antares Chardonnay (sc)<\/a><\/p><\/div><div class=\"price-wrapper\">\n\t<span class=\"price\"><span class=\"woocommerce-Price-amount amount\"><bdi><span class=\"woocommerce-Price-currencySymbol\">&euro;<\/span>6,72<\/bdi><\/span> <span class=\"custom-price-prefix\">pro Flasche<\/span><\/span>\n<\/div>\t<span id=\"woocommerce_loop_add_to_cart_link_describedby_27175\" class=\"screen-reader-text\">\n\t\t\t<\/span>\n\t\t\t\t\t\t\t<\/div>\n\t\t\t\t\t\t<\/div>\n\t\t\t\t\t\t<\/div>\n\t\t\t\t\t<\/div><\/div>\n\n\n\t\t<\/div>\n\t\t\t\t\t<\/div>\n\n\t\n\n<\/div>\n\n\t\t<\/div>\n\n\t\t\n<style>\n#section_690777307 {\n  padding-top: 0px;\n  padding-bottom: 0px;\n}\n@media (min-width:550px) {\n  #section_690777307 {\n    padding-top: 30px;\n    padding-bottom: 30px;\n  }\n}\n<\/style>\n\t<\/section>\n\t\n","protected":false},"excerpt":{"rendered":"","protected":false},"author":1,"featured_media":0,"parent":0,"menu_order":0,"comment_status":"closed","ping_status":"closed","template":"page-blank.php","meta":{"_joinchat":[],"footnotes":""},"class_list":["post-27657","page","type-page","status-publish","hentry"],"_links":{"self":[{"href":"https:\/\/www.globalwineries.nl\/de\/wp-json\/wp\/v2\/pages\/27657","targetHints":{"allow":["GET"]}}],"collection":[{"href":"https:\/\/www.globalwineries.nl\/de\/wp-json\/wp\/v2\/pages"}],"about":[{"href":"https:\/\/www.globalwineries.nl\/de\/wp-json\/wp\/v2\/types\/page"}],"author":[{"embeddable":true,"href":"https:\/\/www.globalwineries.nl\/de\/wp-json\/wp\/v2\/users\/1"}],"replies":[{"embeddable":true,"href":"https:\/\/www.globalwineries.nl\/de\/wp-json\/wp\/v2\/comments?post=27657"}],"version-history":[{"count":0,"href":"https:\/\/www.globalwineries.nl\/de\/wp-json\/wp\/v2\/pages\/27657\/revisions"}],"wp:attachment":[{"href":"https:\/\/www.globalwineries.nl\/de\/wp-json\/wp\/v2\/media?parent=27657"}],"curies":[{"name":"wp","href":"https:\/\/api.w.org\/{rel}","templated":true}]}}