{"id":27119,"date":"2020-09-11T15:23:59","date_gmt":"2020-09-11T13:23:59","guid":{"rendered":"https:\/\/www.globalwineries.nl\/product\/alain-geoffroy-chablis-1e-cru-fourchaume-2018\/"},"modified":"2024-11-02T16:35:48","modified_gmt":"2024-11-02T15:35:48","slug":"alain-geoffroy-chablis-1e-cru-fourchaume","status":"publish","type":"product","link":"https:\/\/www.globalwineries.nl\/de\/product\/alain-geoffroy-chablis-1e-cru-fourchaume\/","title":{"rendered":"Alain Geoffroy Chablis 1e Cru Fourchaume"},"content":{"rendered":"<p>Alain Geoffroy Chablis 1. Cru Fourchaume aus Burgund, Frankreich. Ein charaktervoller Wei\u00dfwein, weich und doch kraftvoll mit einem sch\u00f6nen langen, lebendigen und mineralischen Abgang. Magie pur! In der Nase erkennen wir Aromen von reifen \u00c4pfeln und Zitrusfr\u00fcchten, Karamell und wei\u00dfen Bl\u00fcten.<\/p>\n<p>Chardonnay, die Traube des wei\u00dfen Burgunders und der Champagne, wird auf der ganzen Welt angebaut. Liefert guten bis sehr guten Wein mit vollem, trockenem Geschmack. Chardonnay ist eine Traube, die keinen klaren Charakter hat, was vom Terroir (Boden und Klima) und der Art der Weinherstellung abh\u00e4ngt. Chardonnay eignet sich sehr gut f\u00fcr die Reifung im Holzfass.   <\/p>\n<p>&nbsp;<\/p>\n","protected":false},"excerpt":{"rendered":"<p>Alain Geoffroy Chablis 1e Cru Fourchaume<\/p>\n","protected":false},"featured_media":27120,"comment_status":"open","ping_status":"closed","template":"","meta":{"_joinchat":[]},"product_brand":[],"product_cat":[4851,4836],"product_tag":[4852,4853,4854,4855],"class_list":{"0":"post-27119","1":"product","2":"type-product","3":"status-publish","4":"has-post-thumbnail","6":"product_cat-frankreich","7":"product_cat-weisswein","8":"product_tag-alain-geoffroy-de","9":"product_tag-bourgogne-de","10":"product_tag-chardonnay-de","11":"product_tag-frankreich","12":"product_shipping_class-wijnfles-de","13":"pa_druivensoort-chardonnay-de","14":"pa_gastronomie-fisch","15":"pa_gastronomie-krustentiere-und-schalentiere","16":"pa_jaar-2023-de","17":"pa_land-frankreich","18":"pa_smaakprofiel-intensiv-fruchtig","19":"pa_streek-bourgogne-chablis-de","20":"pa_wijnhuis-alain-geoffroy-de","21":"pa_wijnsoort-weisswein","23":"first","24":"outofstock","25":"taxable","26":"shipping-taxable","27":"purchasable","28":"product-type-simple"},"_links":{"self":[{"href":"https:\/\/www.globalwineries.nl\/de\/wp-json\/wp\/v2\/product\/27119","targetHints":{"allow":["GET"]}}],"collection":[{"href":"https:\/\/www.globalwineries.nl\/de\/wp-json\/wp\/v2\/product"}],"about":[{"href":"https:\/\/www.globalwineries.nl\/de\/wp-json\/wp\/v2\/types\/product"}],"replies":[{"embeddable":true,"href":"https:\/\/www.globalwineries.nl\/de\/wp-json\/wp\/v2\/comments?post=27119"}],"wp:featuredmedia":[{"embeddable":true,"href":"https:\/\/www.globalwineries.nl\/de\/wp-json\/wp\/v2\/media\/27120"}],"wp:attachment":[{"href":"https:\/\/www.globalwineries.nl\/de\/wp-json\/wp\/v2\/media?parent=27119"}],"wp:term":[{"taxonomy":"product_brand","embeddable":true,"href":"https:\/\/www.globalwineries.nl\/de\/wp-json\/wp\/v2\/product_brand?post=27119"},{"taxonomy":"product_cat","embeddable":true,"href":"https:\/\/www.globalwineries.nl\/de\/wp-json\/wp\/v2\/product_cat?post=27119"},{"taxonomy":"product_tag","embeddable":true,"href":"https:\/\/www.globalwineries.nl\/de\/wp-json\/wp\/v2\/product_tag?post=27119"}],"curies":[{"name":"wp","href":"https:\/\/api.w.org\/{rel}","templated":true}]}}