{"id":27171,"date":"2020-09-11T20:48:47","date_gmt":"2020-09-11T18:48:47","guid":{"rendered":"https:\/\/www.globalwineries.nl\/product\/antares-carmenere-sc-2\/"},"modified":"2024-11-02T16:13:58","modified_gmt":"2024-11-02T15:13:58","slug":"antares-carmenere-sc","status":"publish","type":"product","link":"https:\/\/www.globalwineries.nl\/de\/product\/antares-carmenere-sc\/","title":{"rendered":"Antares Carmenere (sc)"},"content":{"rendered":"<p>Antares Carmenere (sc) aus Maule Chile. Carmen\u00e8re ist eine eng mit dem Merlot verwandte Rebsorte, die fast ausschlie\u00dflich in Chile angebaut wird. Die Farbe des Weines ist rubinrot. Das Aroma ist komplex, aber in perfekter Harmonie mit Aromen von Pflaumen, Gew\u00fcrzen, schwarzem Pfeffer und Toffee.<\/p>\n<p>Carmen\u00e8re, eine hochwertige blaue Traube. Stammt urspr\u00fcnglich aus Bordeaux, verschwand jedoch Ende des 19. Jahrhunderts aufgrund des Befalls der Traubenblattlaus (Reblaus) vollst\u00e4ndig aus Europa. Die Traube wird auch Carmenet genannt. Da Chile v\u00f6llig frei von Reblaus ist, kann Carmen\u00e8re im chilenischen Klima gedeihen. Die Traube bringt wenig Ertrag, bringt aber Weine von gro\u00dfer Klasse hervor.    <\/p>\n","protected":false},"excerpt":{"rendered":"<p>Antares Carmenere (sc)<\/p>\n","protected":false},"featured_media":16560,"comment_status":"open","ping_status":"closed","template":"","meta":{"_joinchat":[]},"product_brand":[],"product_cat":[4903,4253],"product_tag":[4904,4905,4906,4907],"class_list":{"0":"post-27171","1":"product","2":"type-product","3":"status-publish","4":"has-post-thumbnail","6":"product_cat-chili-de","7":"product_cat-rotwein","8":"product_tag-antares-de","9":"product_tag-carmenere-de","10":"product_tag-central-valley-chili-de","11":"product_tag-maule-de","12":"product_shipping_class-wijnfles-de","13":"pa_druivensoort-carmenere-de","14":"pa_ean-nummer-7804350002362-de","15":"pa_gastronomie-chili-con-carne-de","16":"pa_gastronomie-lammfleisch","17":"pa_gastronomie-nudeln","18":"pa_jaar-2023-de","19":"pa_land-chili-de","20":"pa_smaakprofiel-voll-und-kraftvoll","21":"pa_streek-maule-de","22":"pa_wijnhuis-antares-de","23":"pa_wijnsoort-rotwein","25":"first","26":"instock","27":"taxable","28":"shipping-taxable","29":"purchasable","30":"product-type-simple"},"_links":{"self":[{"href":"https:\/\/www.globalwineries.nl\/de\/wp-json\/wp\/v2\/product\/27171","targetHints":{"allow":["GET"]}}],"collection":[{"href":"https:\/\/www.globalwineries.nl\/de\/wp-json\/wp\/v2\/product"}],"about":[{"href":"https:\/\/www.globalwineries.nl\/de\/wp-json\/wp\/v2\/types\/product"}],"replies":[{"embeddable":true,"href":"https:\/\/www.globalwineries.nl\/de\/wp-json\/wp\/v2\/comments?post=27171"}],"wp:featuredmedia":[{"embeddable":true,"href":"https:\/\/www.globalwineries.nl\/de\/wp-json\/wp\/v2\/media\/16560"}],"wp:attachment":[{"href":"https:\/\/www.globalwineries.nl\/de\/wp-json\/wp\/v2\/media?parent=27171"}],"wp:term":[{"taxonomy":"product_brand","embeddable":true,"href":"https:\/\/www.globalwineries.nl\/de\/wp-json\/wp\/v2\/product_brand?post=27171"},{"taxonomy":"product_cat","embeddable":true,"href":"https:\/\/www.globalwineries.nl\/de\/wp-json\/wp\/v2\/product_cat?post=27171"},{"taxonomy":"product_tag","embeddable":true,"href":"https:\/\/www.globalwineries.nl\/de\/wp-json\/wp\/v2\/product_tag?post=27171"}],"curies":[{"name":"wp","href":"https:\/\/api.w.org\/{rel}","templated":true}]}}