{"id":27306,"date":"2020-09-16T17:06:35","date_gmt":"2020-09-16T15:06:35","guid":{"rendered":"https:\/\/www.globalwineries.nl\/product\/belles-du-sud-chardonnay-2\/"},"modified":"2024-11-02T16:09:31","modified_gmt":"2024-11-02T15:09:31","slug":"belles-du-sud-chardonnay","status":"publish","type":"product","link":"https:\/\/www.globalwineries.nl\/de\/product\/belles-du-sud-chardonnay\/","title":{"rendered":"Belles Du Sud Chardonnay"},"content":{"rendered":"<p>Belles Du Sud Chardonnay aus Languedoc, Frankreich. Angenehme Nase von frischen und getrockneten Fr\u00fcchten und Honig. Weicher, runder Wein mit Aromen von wei\u00dfen Fr\u00fcchten, der durch eine lebendige Frische ausgeglichen wird, die ihn spannend h\u00e4lt.<\/p>\n<p>Chardonnay, die Traube des wei\u00dfen Burgunders und der Champagne, wird auf der ganzen Welt angebaut. Liefert guten bis sehr guten Wein mit vollem, trockenem Geschmack. Chardonnay ist eine Traube, die keinen klaren Charakter hat, was vom Terroir (Boden und Klima) und der Art der Weinherstellung abh\u00e4ngt. Chardonnay eignet sich sehr gut f\u00fcr die Reifung im Holzfass.   <\/p>\n<p><a href=\"https:\/\/www.youtube.com\/watch?v=4ZzEWbiDc1Q&amp;feature=youtu.be\" target=\"_blank\" rel=\"noopener\">TREFFEN SIE DEN WEINMACHER<\/a><\/p>\n","protected":false},"excerpt":{"rendered":"<p>Belles Du Sud Chardonnay<\/p>\n","protected":false},"featured_media":39526,"comment_status":"open","ping_status":"closed","template":"","meta":{"_joinchat":[]},"product_brand":[],"product_cat":[4851,4836],"product_tag":[4978,4854,4855,4863],"class_list":{"0":"post-27306","1":"product","2":"type-product","3":"status-publish","4":"has-post-thumbnail","6":"product_cat-frankreich","7":"product_cat-weisswein","8":"product_tag-bells-du-sud-de","9":"product_tag-chardonnay-de","10":"product_tag-frankreich","11":"product_tag-languedoc-de","12":"product_shipping_class-wijnfles-de","13":"pa_druivensoort-chardonnay-de","14":"pa_ean-nummer-3569401003777-de","15":"pa_gastronomie-fisch","16":"pa_gastronomie-geflugel","17":"pa_jaar-2024-de","18":"pa_land-frankreich","19":"pa_smaakprofiel-lebendig-frisch","20":"pa_streek-languedoc-de","21":"pa_wijnhuis-belles-du-sud-de","22":"pa_wijnsoort-weisswein","24":"first","25":"instock","26":"taxable","27":"shipping-taxable","28":"purchasable","29":"product-type-simple"},"_links":{"self":[{"href":"https:\/\/www.globalwineries.nl\/de\/wp-json\/wp\/v2\/product\/27306","targetHints":{"allow":["GET"]}}],"collection":[{"href":"https:\/\/www.globalwineries.nl\/de\/wp-json\/wp\/v2\/product"}],"about":[{"href":"https:\/\/www.globalwineries.nl\/de\/wp-json\/wp\/v2\/types\/product"}],"replies":[{"embeddable":true,"href":"https:\/\/www.globalwineries.nl\/de\/wp-json\/wp\/v2\/comments?post=27306"}],"wp:featuredmedia":[{"embeddable":true,"href":"https:\/\/www.globalwineries.nl\/de\/wp-json\/wp\/v2\/media\/39526"}],"wp:attachment":[{"href":"https:\/\/www.globalwineries.nl\/de\/wp-json\/wp\/v2\/media?parent=27306"}],"wp:term":[{"taxonomy":"product_brand","embeddable":true,"href":"https:\/\/www.globalwineries.nl\/de\/wp-json\/wp\/v2\/product_brand?post=27306"},{"taxonomy":"product_cat","embeddable":true,"href":"https:\/\/www.globalwineries.nl\/de\/wp-json\/wp\/v2\/product_cat?post=27306"},{"taxonomy":"product_tag","embeddable":true,"href":"https:\/\/www.globalwineries.nl\/de\/wp-json\/wp\/v2\/product_tag?post=27306"}],"curies":[{"name":"wp","href":"https:\/\/api.w.org\/{rel}","templated":true}]}}