{"id":27599,"date":"2017-04-20T17:57:31","date_gmt":"2017-04-20T15:57:31","guid":{"rendered":"https:\/\/www.globalwineries.nl\/product\/bon-courage-inkara-shiraz-2018-2\/"},"modified":"2024-12-08T16:23:44","modified_gmt":"2024-12-08T15:23:44","slug":"bon-courage-inkara-shiraz","status":"publish","type":"product","link":"https:\/\/www.globalwineries.nl\/de\/product\/bon-courage-inkara-shiraz\/","title":{"rendered":"Bon Courage Inkara Shiraz"},"content":{"rendered":"<p>Bon Courage Inkara Shiraz von Robertson S\u00fcdafrika. 18 bis 24 Monate in neuer franz\u00f6sischer Eiche gereift. Es ist ein komplexer Wein mit roten Fr\u00fcchten, Schokolade, Kaffee, s\u00fc\u00dfen Gew\u00fcrzen und getoastetem Holz. Weicher Auftakt, aber feste Tannine, die den Wein lange Zeit tragen.<\/p>\n<p>Syrah, eine kr\u00e4ftige blaue Traube von sehr hoher Qualit\u00e4t. Diese Traube ist f\u00fcr Winzer normalerweise nicht einfach, aber sie ist das Gew\u00fcrz f\u00fcr viele D\u00f6rfer der C\u00f4tes du Rh\u00f4ne. Liefert unter optimalen Bedingungen unglaublich kraftvolle und komplexe Weine. Haben einen hohen Tanningehalt, ohne steif zu sein. Die Syrah-Traube leidet schnell unter einem schlechten Fruchtansatz bei k\u00fchlem Wetter w\u00e4hrend der Bl\u00fcte (Coulure), ist aber nicht sehr anf\u00e4llig f\u00fcr Traubenkrankheiten wie Oidium.    <span class=\"Apple-converted-space\"> <\/span><\/p>\n<p>&nbsp;<\/p>\n<p>&nbsp;<\/p>\n<p><a href=\"https:\/\/www.youtube.com\/watch?v=awBtGKLD8MY&amp;feature=youtu.be\" target=\"_blank\" rel=\"noopener\">TREFFEN SIE DEN WEINMACHER<\/a><\/p>\n","protected":false},"excerpt":{"rendered":"<p>Bon Courage Inkara Shiraz<\/p>\n","protected":false},"featured_media":20426,"comment_status":"open","ping_status":"closed","template":"","meta":{"_joinchat":[]},"product_brand":[],"product_cat":[4253,5057],"product_tag":[5058,5059,5071,5060],"class_list":{"0":"post-27599","1":"product","2":"type-product","3":"status-publish","4":"has-post-thumbnail","6":"product_cat-rotwein","7":"product_cat-sudafrika","8":"product_tag-bon-courage-de","9":"product_tag-robertson-de","10":"product_tag-shiraz-de","11":"product_tag-sudafrika","12":"product_shipping_class-wijnfles-de","13":"pa_druivensoort-shiraz-de","14":"pa_gastronomie-wild-de","15":"pa_jaar-2021-de","16":"pa_land-sudafrika","17":"pa_smaakprofiel-voll-und-kraftvoll","18":"pa_streek-robertson-de","19":"pa_wijnhuis-bon-courage-de","20":"pa_wijnsoort-rotwein","22":"first","23":"instock","24":"taxable","25":"shipping-taxable","26":"purchasable","27":"product-type-simple"},"_links":{"self":[{"href":"https:\/\/www.globalwineries.nl\/de\/wp-json\/wp\/v2\/product\/27599","targetHints":{"allow":["GET"]}}],"collection":[{"href":"https:\/\/www.globalwineries.nl\/de\/wp-json\/wp\/v2\/product"}],"about":[{"href":"https:\/\/www.globalwineries.nl\/de\/wp-json\/wp\/v2\/types\/product"}],"replies":[{"embeddable":true,"href":"https:\/\/www.globalwineries.nl\/de\/wp-json\/wp\/v2\/comments?post=27599"}],"wp:featuredmedia":[{"embeddable":true,"href":"https:\/\/www.globalwineries.nl\/de\/wp-json\/wp\/v2\/media\/20426"}],"wp:attachment":[{"href":"https:\/\/www.globalwineries.nl\/de\/wp-json\/wp\/v2\/media?parent=27599"}],"wp:term":[{"taxonomy":"product_brand","embeddable":true,"href":"https:\/\/www.globalwineries.nl\/de\/wp-json\/wp\/v2\/product_brand?post=27599"},{"taxonomy":"product_cat","embeddable":true,"href":"https:\/\/www.globalwineries.nl\/de\/wp-json\/wp\/v2\/product_cat?post=27599"},{"taxonomy":"product_tag","embeddable":true,"href":"https:\/\/www.globalwineries.nl\/de\/wp-json\/wp\/v2\/product_tag?post=27599"}],"curies":[{"name":"wp","href":"https:\/\/api.w.org\/{rel}","templated":true}]}}