{"id":28209,"date":"2019-02-26T11:16:47","date_gmt":"2019-02-26T10:16:47","guid":{"rendered":"https:\/\/www.globalwineries.nl\/product\/chapel-hill-sauvignon-blanc\/"},"modified":"2025-02-13T20:00:59","modified_gmt":"2025-02-13T19:00:59","slug":"chapel-hill-sauvignon-blanc","status":"publish","type":"product","link":"https:\/\/www.globalwineries.nl\/de\/product\/chapel-hill-sauvignon-blanc\/","title":{"rendered":"Chapel Hill Sauvignon Blanc"},"content":{"rendered":"<p>Chapel Hill Sauvignon Blanc aus Balaton Boglar, Ungarn. Ein frischer, trockener Wei\u00dfwein mit dem Duft von Sommerstachelbeeren, gr\u00fcnem Apfel und gr\u00fcnem Gras. Es ist ein knackiger Wein mit angenehm frischer S\u00e4ure.<br \/>\nDieser Sauvignon Blanc stammt aus Balatonboglar s\u00fcdlich des Plattensees. Die Winter sind relativ mild und die Sommer nicht zu hei\u00df, was zu einer stabilen Rebsorte f\u00fchrt, die sich langsam entwickeln konnte. Das tr\u00e4gt sicherlich zur Weichheit dieses Weins bei.<\/p>\n<p>Sauvignon Blanc<b> <\/b>Auch Fum\u00e9 Blanc genannt, ist die wichtigste wei\u00dfe Rebsorte des Bordeaux. Entlang der Loire werden frische, fruchtige Weine hergestellt. In Sauternes wird die Traube mit dem S\u00e9millon verschnitten. Sauvignon Blanc verbreitete sich im 18. Jahrhundert durch Einwanderer in den Rest der Welt. In    <span class=\"Apple-converted-space\">  <\/span>In Weinregionen mit gem\u00e4\u00dfigtem Klima f\u00fchlt sich die Traube am wohlsten. Sauvignon Blanc, im Volksmund Surin genannt, ist eine der \u00e4ltesten in Frankreich angebauten Rebsorten. Sauvignon Blanc hat einen charakteristischen Duft nach Blumen und Stachelbeeren, ist w\u00fcrzig, kann aber sowohl adstringierend (rund um die obere Loire) als auch prall und rund sein. Die Weine haben meist einen hohen S\u00e4uregehalt   <\/p>\n<p>&nbsp;<\/p>\n","protected":false},"excerpt":{"rendered":"<p>Chapel Hill Sauvignon Blanc<\/p>\n","protected":false},"featured_media":16812,"comment_status":"open","ping_status":"closed","template":"","meta":{"_joinchat":[]},"product_brand":[],"product_cat":[4936,4836],"product_tag":[5602,5603,4980,4944],"class_list":{"0":"post-28209","1":"product","2":"type-product","3":"status-publish","4":"has-post-thumbnail","6":"product_cat-ungarn","7":"product_cat-weisswein","8":"product_tag-balaton-boglar-de","9":"product_tag-chapel-hill-de","10":"product_tag-sauvignon-blanc-de","11":"product_tag-ungarn","12":"product_shipping_class-wijnfles-de","13":"pa_druivensoort-sauvignon-blanc-de","14":"pa_ean-nummer-5015271004119-de","15":"pa_gastronomie-kase","16":"pa_gastronomie-salate","17":"pa_jaar-2022-de","18":"pa_land-ungarn","19":"pa_smaakprofiel-leicht-und-fruchtig","20":"pa_streek-eger-de","21":"pa_wijnhuis-chapel-hill-de","22":"pa_wijnsoort-weisswein","24":"first","25":"instock","26":"taxable","27":"shipping-taxable","28":"purchasable","29":"product-type-simple"},"_links":{"self":[{"href":"https:\/\/www.globalwineries.nl\/de\/wp-json\/wp\/v2\/product\/28209","targetHints":{"allow":["GET"]}}],"collection":[{"href":"https:\/\/www.globalwineries.nl\/de\/wp-json\/wp\/v2\/product"}],"about":[{"href":"https:\/\/www.globalwineries.nl\/de\/wp-json\/wp\/v2\/types\/product"}],"replies":[{"embeddable":true,"href":"https:\/\/www.globalwineries.nl\/de\/wp-json\/wp\/v2\/comments?post=28209"}],"wp:featuredmedia":[{"embeddable":true,"href":"https:\/\/www.globalwineries.nl\/de\/wp-json\/wp\/v2\/media\/16812"}],"wp:attachment":[{"href":"https:\/\/www.globalwineries.nl\/de\/wp-json\/wp\/v2\/media?parent=28209"}],"wp:term":[{"taxonomy":"product_brand","embeddable":true,"href":"https:\/\/www.globalwineries.nl\/de\/wp-json\/wp\/v2\/product_brand?post=28209"},{"taxonomy":"product_cat","embeddable":true,"href":"https:\/\/www.globalwineries.nl\/de\/wp-json\/wp\/v2\/product_cat?post=28209"},{"taxonomy":"product_tag","embeddable":true,"href":"https:\/\/www.globalwineries.nl\/de\/wp-json\/wp\/v2\/product_tag?post=28209"}],"curies":[{"name":"wp","href":"https:\/\/api.w.org\/{rel}","templated":true}]}}