{"id":28454,"date":"2017-04-20T17:53:21","date_gmt":"2017-04-20T15:53:21","guid":{"rendered":"https:\/\/www.globalwineries.nl\/product\/costa-cruz-tempranillo-shiraz-2\/"},"modified":"2025-02-13T15:52:25","modified_gmt":"2025-02-13T14:52:25","slug":"costa-cruz-tempranillo-shiraz","status":"publish","type":"product","link":"https:\/\/www.globalwineries.nl\/de\/product\/costa-cruz-tempranillo-shiraz\/","title":{"rendered":"Costa Cruz Tempranillo Shiraz"},"content":{"rendered":"<p>Costa Cruz Tempranillo Shiraz aus La Mancha, Spanien. Diep robijnrode wijn. Weicher und runder Wein mit Noten von schwarzen Johannisbeeren am Gaumen. Tempranillo 85% &amp; Shiraz 15 %<\/p>\n<p>Tempranillo betekent &#8218;vroeg&#8216; en is een niet rechtopstaande wijnstok met grote, ongelijkvormige bladeren en grote trossen met dikke druiven. Zeer waarschijnlijk is het een inheems Spaans druivenras. Zijn oorsprong zou kunnen liggen in de Pyrenee\u00ebn, waar in de 80-tige jaren nog wilde stokken van de tempranillo werden aangetroffen. Wordt veel in de Spaanse wijngebieden   <span class=\"Apple-converted-space\">  <\/span>gepflanzt und gilt als sehr edle Sorte. Dies liegt unter anderem daran, dass es sich um die wichtigste Rebsorte in den Qualit\u00e4tsgebieten Rioja und Ribera del Duero handelt.  Tempranillo produziert dunkle Weine mit niedrigem S\u00e4ure- und Alkoholgehalt.<span class=\"Apple-converted-space\">  <\/span> Das Warten auf eine Zeitspanne ist gut und sicher und sorgt f\u00fcr eine zus\u00e4tzliche Sicherheit. Ist eine gute Grundlage f\u00fcr die Fahrt nach Rioja. Tempranillo ist in den Pened\u00e9s als Nachtheiligtum bekannt, in La Mancha und in Valdepe\u00f1as als Cencibel  <\/p>\n<p>Syrah, eine kr\u00e4ftige blaue Traube von sehr hoher Qualit\u00e4t. Diese Traube ist f\u00fcr Winzer normalerweise nicht einfach, aber sie ist das Gew\u00fcrz f\u00fcr viele D\u00f6rfer der C\u00f4tes du Rh\u00f4ne. Liefert unter optimalen Bedingungen unglaublich kraftvolle und komplexe Weine. Haben einen hohen Tanningehalt, ohne steif zu sein. Die Syrah-Traube leidet schnell unter einem schlechten Fruchtansatz bei k\u00fchlem Wetter w\u00e4hrend der Bl\u00fcte (Coulure), ist aber nicht sehr anf\u00e4llig f\u00fcr Traubenkrankheiten wie Oidium.    <span class=\"Apple-converted-space\"> <\/span><\/p>\n<p>&nbsp;<\/p>\n","protected":false},"excerpt":{"rendered":"<p>Costa Cruz Tempranillo Shiraz<\/p>\n","protected":false},"featured_media":28456,"comment_status":"open","ping_status":"closed","template":"","meta":{"_joinchat":[]},"product_brand":[],"product_cat":[4253],"product_tag":[5641,5642,5071,4883,5017],"class_list":{"0":"post-28454","1":"product","2":"type-product","3":"status-publish","4":"has-post-thumbnail","6":"product_cat-rotwein","7":"product_tag-costa-cruz-de","8":"product_tag-la-mancha-de","9":"product_tag-shiraz-de","10":"product_tag-spanien","11":"product_tag-tempranillo-de","12":"product_shipping_class-wijnfles-de","13":"pa_druivensoort-shiraz-de","14":"pa_gastronomie-geflugel","15":"pa_gastronomie-nudeln","16":"pa_jaar-2024-de","17":"pa_land-spanien","18":"pa_smaakprofiel-trocken-und-geschmeidig","19":"pa_streek-galicie-de","20":"pa_wijnhuis-costa-cruz-de","21":"pa_wijnsoort-rotwein","23":"first","24":"instock","25":"taxable","26":"shipping-taxable","27":"purchasable","28":"product-type-simple"},"_links":{"self":[{"href":"https:\/\/www.globalwineries.nl\/de\/wp-json\/wp\/v2\/product\/28454","targetHints":{"allow":["GET"]}}],"collection":[{"href":"https:\/\/www.globalwineries.nl\/de\/wp-json\/wp\/v2\/product"}],"about":[{"href":"https:\/\/www.globalwineries.nl\/de\/wp-json\/wp\/v2\/types\/product"}],"replies":[{"embeddable":true,"href":"https:\/\/www.globalwineries.nl\/de\/wp-json\/wp\/v2\/comments?post=28454"}],"wp:featuredmedia":[{"embeddable":true,"href":"https:\/\/www.globalwineries.nl\/de\/wp-json\/wp\/v2\/media\/28456"}],"wp:attachment":[{"href":"https:\/\/www.globalwineries.nl\/de\/wp-json\/wp\/v2\/media?parent=28454"}],"wp:term":[{"taxonomy":"product_brand","embeddable":true,"href":"https:\/\/www.globalwineries.nl\/de\/wp-json\/wp\/v2\/product_brand?post=28454"},{"taxonomy":"product_cat","embeddable":true,"href":"https:\/\/www.globalwineries.nl\/de\/wp-json\/wp\/v2\/product_cat?post=28454"},{"taxonomy":"product_tag","embeddable":true,"href":"https:\/\/www.globalwineries.nl\/de\/wp-json\/wp\/v2\/product_tag?post=28454"}],"curies":[{"name":"wp","href":"https:\/\/api.w.org\/{rel}","templated":true}]}}