{"id":28615,"date":"2017-04-20T17:31:02","date_gmt":"2017-04-20T15:31:02","guid":{"rendered":"https:\/\/www.globalwineries.nl\/product\/de-bortoli-db-range-shiraz-2018-sc-2\/"},"modified":"2025-02-13T09:16:22","modified_gmt":"2025-02-13T08:16:22","slug":"de-bortoli-db-range-shiraz-sc","status":"publish","type":"product","link":"https:\/\/www.globalwineries.nl\/de\/product\/de-bortoli-db-range-shiraz-sc\/","title":{"rendered":"De Bortoli DB Range Shiraz (sc)"},"content":{"rendered":"<p>Der Bortoli DB Range Shiraz (sc) von S.E. Australien. Ein 100%iger Shiraz. Sch\u00f6ne Farbe, k\u00f6stliche Aromen von schwarzem Pfeffer, reifen roten Fr\u00fcchten und leichter Vanille. Ein sehr zug\u00e4nglicher Wein mit einer weichen Mundf\u00fcllung und einem leicht w\u00fcrzigen Nachgeschmack.<\/p>\n<p>Die Syrah-Traube gedeiht am besten in einer warmen und trockenen Gegend. Au\u00dferdem sollte die Syrah nicht an Orten gepflanzt werden, an denen der Wind zu stark ist. Aufgrund der dicken Schale der Syrah-Traube enth\u00e4lt die Traube viel Tannin. Um diesen Geschmack etwas abzumildern, reift er l\u00e4ngere Zeit im Holz. Die beste Serviertemperatur f\u00fcr diesen Wein liegt etwas h\u00f6her als bei anderen Rotweinen, n\u00e4mlich 18 Grad Celsius. Syrah-Wein wird oft mit anderen Rebsorten vermischt, um einen volleren Rotwein zu erhalten. Beispielsweise wird die Sorte mit Cabernet Sauvignon und Grenache vermischt, wodurch k\u00f6stliche Weine entstehen. Der Syrah wird im Rh\u00f4ne-Gebiet angebaut. Ein ber\u00fchmter Wein aus Syrah ist der rote Hermitage. Dieser Wein stammt aus dem Norden der Rh\u00f4ne, wo die Traube auf Granitb\u00f6den gedeiht.        <\/p>\n","protected":false},"excerpt":{"rendered":"<p>Der Bortoli DB Range Shiraz (sc)Syrah<\/p>\n","protected":false},"featured_media":16580,"comment_status":"open","ping_status":"closed","template":"","meta":{"_joinchat":[]},"product_brand":[],"product_cat":[4253,5384],"product_tag":[5660,5071,5665],"class_list":{"0":"post-28615","1":"product","2":"type-product","3":"status-publish","4":"has-post-thumbnail","6":"product_cat-rotwein","7":"product_cat-australien","8":"product_tag-de-bortoli-de","9":"product_tag-shiraz-de","10":"product_tag-z-o-australie-de","11":"product_shipping_class-wijnfles-de","12":"pa_druivensoort-shiraz-de","13":"pa_ean-nummer-9300752030395-de","14":"pa_gastronomie-bbq-de","15":"pa_gastronomie-eintopf","16":"pa_jaar-2018-de","17":"pa_land-australien","18":"pa_smaakprofiel-trocken-und-geschmeidig","19":"pa_streek-south-east-australie-de","20":"pa_wijnhuis-de-bortoli-de","21":"pa_wijnsoort-rotwein","23":"first","24":"instock","25":"taxable","26":"shipping-taxable","27":"purchasable","28":"product-type-simple"},"_links":{"self":[{"href":"https:\/\/www.globalwineries.nl\/de\/wp-json\/wp\/v2\/product\/28615","targetHints":{"allow":["GET"]}}],"collection":[{"href":"https:\/\/www.globalwineries.nl\/de\/wp-json\/wp\/v2\/product"}],"about":[{"href":"https:\/\/www.globalwineries.nl\/de\/wp-json\/wp\/v2\/types\/product"}],"replies":[{"embeddable":true,"href":"https:\/\/www.globalwineries.nl\/de\/wp-json\/wp\/v2\/comments?post=28615"}],"wp:featuredmedia":[{"embeddable":true,"href":"https:\/\/www.globalwineries.nl\/de\/wp-json\/wp\/v2\/media\/16580"}],"wp:attachment":[{"href":"https:\/\/www.globalwineries.nl\/de\/wp-json\/wp\/v2\/media?parent=28615"}],"wp:term":[{"taxonomy":"product_brand","embeddable":true,"href":"https:\/\/www.globalwineries.nl\/de\/wp-json\/wp\/v2\/product_brand?post=28615"},{"taxonomy":"product_cat","embeddable":true,"href":"https:\/\/www.globalwineries.nl\/de\/wp-json\/wp\/v2\/product_cat?post=28615"},{"taxonomy":"product_tag","embeddable":true,"href":"https:\/\/www.globalwineries.nl\/de\/wp-json\/wp\/v2\/product_tag?post=28615"}],"curies":[{"name":"wp","href":"https:\/\/api.w.org\/{rel}","templated":true}]}}