{"id":28666,"date":"2017-04-20T17:34:48","date_gmt":"2017-04-20T15:34:48","guid":{"rendered":"https:\/\/www.globalwineries.nl\/product\/escale-cabernet-shiraz-grande-cuvee\/"},"modified":"2025-07-30T23:46:14","modified_gmt":"2025-07-30T21:46:14","slug":"escale-cabernet-shiraz-grande-cuvee","status":"publish","type":"product","link":"https:\/\/www.globalwineries.nl\/de\/product\/escale-cabernet-shiraz-grande-cuvee\/","title":{"rendered":"Escale Cabernet Shiraz Grande Cuvee"},"content":{"rendered":"<p>Escale Cabernet Shiraz Grande Cuvee aus Languedoc, Frankreich. Ein tiefroter Wein mit einer Nase von Brombeeren und Heidelbeeren. Am Gaumen viel schwarze Frucht und sch\u00f6ne Pfeffernoten, mittellanger Abgang. Idealer Sommer-BBQ-Wein.<\/p>\n<p>Cabernet Sauvignon ist vor allem in Bordeaux bekannt, wo er zusammen mit Merlot und Cabernet Franc erstklassige Weine hervorbringt. Zum Reifen braucht es viel Hitze, sonst wird es gr\u00fcn und saftig mit einem Geschmack nach gr\u00fcnem Pfeffer. Zu viel Hitze macht es weich und marmeladig, mit einem Geschmack nach schwarzen Johannisbeeren. Cabernet Sauvignon bringt sehr aromatische Weine mit D\u00fcften von schwarzer Johannisbeere, Vanille, Gew\u00fcrzen (Pfeffer), Tabak, Pflaume, Kirsche, ger\u00f6stetem Brot und Zeder hervor. Die Weine sind in der Regel lange haltbar, haben viel Tannin und m\u00fcssen grunds\u00e4tzlich im Barrique reifen. Durch den Einsatz moderner Vinifikationstechniken k\u00f6nnen nun auch junge Weine schnell trinkbar werden. Generell haben die Weine einen hohen Phenolgehalt, sie sind violett (jung) oder dunkelrot (alt) und haben viel Kraft und Struktur. Cabernet Sauvignon ist auf der ganzen Welt zu finden. Wo immer jemand einen \u201eernsthaften\u201c Wein herstellen m\u00f6chte, ist Cabernet Sauvignon geplant.        <\/p>\n<p>Syrah: eine kr\u00e4ftige blaue Traube von sehr hoher Qualit\u00e4t. Diese Traube ist in der Regel nicht einfach f\u00fcr Winzer, aber sie ist der Geschmacksmacher f\u00fcr viele C\u00f4tes du Rh\u00f4ne Village. Liefert unter optimalen Bedingungen unvorstellbar kraftvolle und komplexe Weine. Hat einen hohen Tanningehalt, ohne starr zu sein. Die Syrah-Traube leidet bei k\u00fchlem Wetter w\u00e4hrend der Bl\u00fcte schnell unter einem schlechten Fruchtansatz (Coulure), ist aber wenig anf\u00e4llig f\u00fcr Traubenkrankheiten wie O\u00efdiumen    <span class=\"Apple-converted-space\"> <\/span><\/p>\n<p><iframe loading=\"lazy\" title=\"LGI: Escale Cabernet Syrah\" width=\"1020\" height=\"574\" src=\"https:\/\/www.youtube.com\/embed\/Bt18ZLh1lIE?feature=oembed\" frameborder=\"0\" allow=\"accelerometer; autoplay; clipboard-write; encrypted-media; gyroscope; picture-in-picture\" allowfullscreen><\/iframe><\/p>\n","protected":false},"excerpt":{"rendered":"<p>Escale Cabernet Shiraz Grande Cuvee<\/p>\n","protected":false},"featured_media":28669,"comment_status":"open","ping_status":"closed","template":"","meta":{"_joinchat":[]},"product_brand":[],"product_cat":[4851,4253],"product_tag":[5677,4855,4863,5071],"class_list":{"0":"post-28666","1":"product","2":"type-product","3":"status-publish","4":"has-post-thumbnail","6":"product_cat-frankreich","7":"product_cat-rotwein","8":"product_tag-escale-de","9":"product_tag-frankreich","10":"product_tag-languedoc-de","11":"product_tag-shiraz-de","12":"product_shipping_class-wijnfles-de","13":"pa_druivensoort-cabernet-sauvignon-de","14":"pa_druivensoort-shiraz-de","15":"pa_ean-nummer-3760028333821-de","16":"pa_gastronomie-bbq-de","17":"pa_jaar-2023-de","18":"pa_land-frankreich","19":"pa_smaakprofiel-voll-und-kraftvoll","20":"pa_streek-languedoc-de","21":"pa_wijnhuis-escale-de","22":"pa_wijnsoort-rotwein","24":"first","25":"instock","26":"taxable","27":"shipping-taxable","28":"purchasable","29":"product-type-simple"},"_links":{"self":[{"href":"https:\/\/www.globalwineries.nl\/de\/wp-json\/wp\/v2\/product\/28666","targetHints":{"allow":["GET"]}}],"collection":[{"href":"https:\/\/www.globalwineries.nl\/de\/wp-json\/wp\/v2\/product"}],"about":[{"href":"https:\/\/www.globalwineries.nl\/de\/wp-json\/wp\/v2\/types\/product"}],"replies":[{"embeddable":true,"href":"https:\/\/www.globalwineries.nl\/de\/wp-json\/wp\/v2\/comments?post=28666"}],"wp:featuredmedia":[{"embeddable":true,"href":"https:\/\/www.globalwineries.nl\/de\/wp-json\/wp\/v2\/media\/28669"}],"wp:attachment":[{"href":"https:\/\/www.globalwineries.nl\/de\/wp-json\/wp\/v2\/media?parent=28666"}],"wp:term":[{"taxonomy":"product_brand","embeddable":true,"href":"https:\/\/www.globalwineries.nl\/de\/wp-json\/wp\/v2\/product_brand?post=28666"},{"taxonomy":"product_cat","embeddable":true,"href":"https:\/\/www.globalwineries.nl\/de\/wp-json\/wp\/v2\/product_cat?post=28666"},{"taxonomy":"product_tag","embeddable":true,"href":"https:\/\/www.globalwineries.nl\/de\/wp-json\/wp\/v2\/product_tag?post=28666"}],"curies":[{"name":"wp","href":"https:\/\/api.w.org\/{rel}","templated":true}]}}