{"id":28997,"date":"2020-05-19T20:04:56","date_gmt":"2020-05-19T18:04:56","guid":{"rendered":"https:\/\/www.globalwineries.nl\/product\/gere-attila-cabernet-sauvignon-barrique-2015\/"},"modified":"2024-11-03T13:52:00","modified_gmt":"2024-11-03T12:52:00","slug":"gere-attila-cabernet-sauvignon-barrique","status":"publish","type":"product","link":"https:\/\/www.globalwineries.nl\/de\/product\/gere-attila-cabernet-sauvignon-barrique\/","title":{"rendered":"Gere Attila Cabernet Sauvignon Barrique"},"content":{"rendered":"<p>Gere Attila Cabernet Sauvignon Barrique uit Villany, Hongarije. Ein sch\u00f6ner Wein mit Aromen von Kirschen, Himbeeren, frischen Tabakbl\u00e4ttern und Kakao. Auch dieser Wein ist ein Musterbeispiel f\u00fcr einen echten Cabernet Sauvignon, mit Pfeffernoten, Zigarrenkistenaromen und deutlich vorhandenen Tanninen. 100% Cabernet-Sauvignon, 16 Monate im Eichenfass gereift, ein fantastischer Wein, der seine Klasse zu rotem Fleisch wie gegrilltem Entrec\u00f4te und C\u00f4te \u00e0 l&#8217;os zeigt.<\/p>\n<p>Cabernet Sauvignon ist vor allem in Bordeaux bekannt, wo er zusammen mit Merlot und Cabernet Franc erstklassige Weine hervorbringt. Zum Reifen braucht es viel Hitze, sonst wird es gr\u00fcn und saftig mit einem Geschmack nach gr\u00fcnem Pfeffer. Zu viel Hitze macht es weich und marmeladeartig, mit einem Geschmack nach schwarzen Johannisbeeren. Cabernet Sauvignon bringt sehr aromatische Weine mit D\u00fcften von schwarzer Johannisbeere, Vanille, Gew\u00fcrzen (Pfeffer), Tabak, Pflaume, Kirsche, ger\u00f6stetem Brot und Zeder hervor. Die Weine sind in der Regel lange haltbar, haben viel Tannin und m\u00fcssen grunds\u00e4tzlich im Barrique reifen.      Generell haben die Weine einen hohen Phenolgehalt, sie sind violett (jung) oder dunkelrot (alt) und haben viel Kraft und Struktur. Cabernet Sauvignon ist auf der ganzen Welt zu finden. Wo immer jemand einen \u201eernsthaften\u201c Wein herstellen m\u00f6chte, wird Cabernet Sauvignon gepflanzt.  <\/p>\n<p><iframe loading=\"lazy\" title=\"Gere Attila:  Cabernet Sauvignon Barrique\" width=\"1020\" height=\"574\" src=\"https:\/\/www.youtube.com\/embed\/1KtwniCpIg0?feature=oembed\" frameborder=\"0\" allow=\"accelerometer; autoplay; clipboard-write; encrypted-media; gyroscope; picture-in-picture\" allowfullscreen><\/iframe><\/p>\n","protected":false},"excerpt":{"rendered":"<p>Gere Attila Cabernet Sauvignon Barrique<\/p>\n","protected":false},"featured_media":16347,"comment_status":"open","ping_status":"closed","template":"","meta":{"_joinchat":[]},"product_brand":[],"product_cat":[4253,4936],"product_tag":[],"class_list":{"0":"post-28997","1":"product","2":"type-product","3":"status-publish","4":"has-post-thumbnail","6":"product_cat-rotwein","7":"product_cat-ungarn","8":"product_shipping_class-wijnfles-de","9":"pa_druivensoort-cab-sauvignon-de","10":"pa_ean-nummer-5998842237812-de","11":"pa_gastronomie-eintopf","12":"pa_gastronomie-rindfleisch","13":"pa_gastronomie-wild-de","14":"pa_jaar-2018-de","15":"pa_land-ungarn","16":"pa_smaakprofiel-glatt-rund","17":"pa_streek-villany-de","18":"pa_wijnhuis-gere-attila-de","19":"pa_wijnsoort-rotwein","21":"first","22":"instock","23":"taxable","24":"shipping-taxable","25":"purchasable","26":"product-type-simple"},"_links":{"self":[{"href":"https:\/\/www.globalwineries.nl\/de\/wp-json\/wp\/v2\/product\/28997","targetHints":{"allow":["GET"]}}],"collection":[{"href":"https:\/\/www.globalwineries.nl\/de\/wp-json\/wp\/v2\/product"}],"about":[{"href":"https:\/\/www.globalwineries.nl\/de\/wp-json\/wp\/v2\/types\/product"}],"replies":[{"embeddable":true,"href":"https:\/\/www.globalwineries.nl\/de\/wp-json\/wp\/v2\/comments?post=28997"}],"wp:featuredmedia":[{"embeddable":true,"href":"https:\/\/www.globalwineries.nl\/de\/wp-json\/wp\/v2\/media\/16347"}],"wp:attachment":[{"href":"https:\/\/www.globalwineries.nl\/de\/wp-json\/wp\/v2\/media?parent=28997"}],"wp:term":[{"taxonomy":"product_brand","embeddable":true,"href":"https:\/\/www.globalwineries.nl\/de\/wp-json\/wp\/v2\/product_brand?post=28997"},{"taxonomy":"product_cat","embeddable":true,"href":"https:\/\/www.globalwineries.nl\/de\/wp-json\/wp\/v2\/product_cat?post=28997"},{"taxonomy":"product_tag","embeddable":true,"href":"https:\/\/www.globalwineries.nl\/de\/wp-json\/wp\/v2\/product_tag?post=28997"}],"curies":[{"name":"wp","href":"https:\/\/api.w.org\/{rel}","templated":true}]}}