{"id":29020,"date":"2017-04-20T17:40:08","date_gmt":"2017-04-20T15:40:08","guid":{"rendered":"https:\/\/www.globalwineries.nl\/product\/gere-attila-merlot-solus-2017\/"},"modified":"2025-02-13T10:04:07","modified_gmt":"2025-02-13T09:04:07","slug":"gere-attila-merlot-solus","status":"publish","type":"product","link":"https:\/\/www.globalwineries.nl\/de\/product\/gere-attila-merlot-solus\/","title":{"rendered":"Gere Attila Merlot Solus"},"content":{"rendered":"<p class=\"p1\"><span class=\"s1\">Gere Attila Merlot Solus aus Vill\u00e1ny, Ungarn. Dieser Wein besteht zu 100% aus Merlot, der ausschlie\u00dflich aus dem Weinberg Kopar stammt, und wurde 16 Monate lang in neuen Eichenf\u00e4ssern ausgebaut. Nur in guten Jahren werden 540 Kisten dieses Weins hergestellt und die Flaschen sind einzeln nummeriert. Sehr tiefe Farbe bis an den Rand. Tiefes, komplexes Aroma mit der sch\u00f6nsten Frucht, die man sich vorstellen kann, unterst\u00fctzt von tierischen Akzenten. Der Geschmack ist noch sehr jung, aber sehr komplex. In der Gesamtheit ist es schwierig, die verschiedenen Aromen einzeln zu benennen. Auch das lange Finale ist beeindruckend. Klassischer Wein, der sofort durch seine Bek\u00f6mmlichkeit und selbstverst\u00e4ndliche Klasse \u00fcberzeugt. Weltspitze.<\/span><\/p>\n<p>Merlot ist eine der \u00e4ltesten Vitis vinifera-Sorten, die fr\u00fcher reift als Carbernet Sauvignon und Cabernet Franc. Merlot ist in Bordeaux wichtig, insbesondere in Saint-Emilion und Pomerol. Die Merlot-Anpflanzungen haben in den letzten Jahren deutlich zugenommen. Die Traube erfreut sich weltweit gro\u00dfer Beliebtheit und die Menschen erkennen zunehmend, dass Merlot in einem relativ k\u00fchlen Weinberg gepflanzt werden muss. Diese Traube bringt dunkle, k\u00fchle, weiche, w\u00fcrzige und fruchtige Weine hervor.    <\/p>\n<p>&nbsp;<\/p>\n<p><iframe loading=\"lazy\" title=\"Gere Attila: Solus\" width=\"1020\" height=\"574\" src=\"https:\/\/www.youtube.com\/embed\/PiT8E0HFArM?feature=oembed\" frameborder=\"0\" allow=\"accelerometer; autoplay; clipboard-write; encrypted-media; gyroscope; picture-in-picture\" allowfullscreen><\/iframe><\/p>\n","protected":false},"excerpt":{"rendered":"<p>Gere Attila Merlot Solus<\/p>\n","protected":false},"featured_media":16354,"comment_status":"open","ping_status":"closed","template":"","meta":{"_joinchat":[]},"product_brand":[],"product_cat":[4253,4936],"product_tag":[5730,4952,4944,5729],"class_list":{"0":"post-29020","1":"product","2":"type-product","3":"status-publish","4":"has-post-thumbnail","6":"product_cat-rotwein","7":"product_cat-ungarn","8":"product_tag-gere-attila-de","9":"product_tag-merlot-de","10":"product_tag-ungarn","11":"product_tag-villany-de","12":"product_shipping_class-wijnfles-de","13":"pa_druivensoort-merlot-de","14":"pa_gastronomie-bbq-de","15":"pa_gastronomie-wild-de","16":"pa_jaar-2020-de","17":"pa_land-ungarn","18":"pa_smaakprofiel-voll-und-kraftvoll","19":"pa_streek-villany-de","20":"pa_wijnhuis-gere-attila-de","21":"pa_wijnsoort-rotwein","23":"first","24":"instock","25":"taxable","26":"shipping-taxable","27":"purchasable","28":"product-type-simple"},"_links":{"self":[{"href":"https:\/\/www.globalwineries.nl\/de\/wp-json\/wp\/v2\/product\/29020","targetHints":{"allow":["GET"]}}],"collection":[{"href":"https:\/\/www.globalwineries.nl\/de\/wp-json\/wp\/v2\/product"}],"about":[{"href":"https:\/\/www.globalwineries.nl\/de\/wp-json\/wp\/v2\/types\/product"}],"replies":[{"embeddable":true,"href":"https:\/\/www.globalwineries.nl\/de\/wp-json\/wp\/v2\/comments?post=29020"}],"wp:featuredmedia":[{"embeddable":true,"href":"https:\/\/www.globalwineries.nl\/de\/wp-json\/wp\/v2\/media\/16354"}],"wp:attachment":[{"href":"https:\/\/www.globalwineries.nl\/de\/wp-json\/wp\/v2\/media?parent=29020"}],"wp:term":[{"taxonomy":"product_brand","embeddable":true,"href":"https:\/\/www.globalwineries.nl\/de\/wp-json\/wp\/v2\/product_brand?post=29020"},{"taxonomy":"product_cat","embeddable":true,"href":"https:\/\/www.globalwineries.nl\/de\/wp-json\/wp\/v2\/product_cat?post=29020"},{"taxonomy":"product_tag","embeddable":true,"href":"https:\/\/www.globalwineries.nl\/de\/wp-json\/wp\/v2\/product_tag?post=29020"}],"curies":[{"name":"wp","href":"https:\/\/api.w.org\/{rel}","templated":true}]}}