{"id":29369,"date":"2017-04-20T17:50:48","date_gmt":"2017-04-20T15:50:48","guid":{"rendered":"https:\/\/www.globalwineries.nl\/product\/la-cetto-don-luis-viognier-sel-reservada-2019\/"},"modified":"2025-06-18T18:32:48","modified_gmt":"2025-06-18T16:32:48","slug":"la-cetto-don-luis-viognier-sel-reservada","status":"publish","type":"product","link":"https:\/\/www.globalwineries.nl\/de\/product\/la-cetto-don-luis-viognier-sel-reservada\/","title":{"rendered":"La Cetto Don Luis Viognier Sel. Reservada"},"content":{"rendered":"<p class=\"p1\"><span class=\"s1\">La Cetto Don Luis Viognier Sel. Reservada aus Baja California, Mexiko. Dieser vollmundige gelbe Wei\u00dfwein aus dem Norden Mexikos ist ein Musterbeispiel f\u00fcr einen sehr angenehmen Viognier. Intensive Aromen von Pfirsich, Banane, Mirabelle und gelben Pflaumen dominieren die Nase, die einen runden Auftakt, eine breite Mundf\u00fcllung und einen langen Abgang aufweist. Man schmeckt die sommerliche gelbe Frucht, unterst\u00fctzt von einer sch\u00f6nen S\u00e4ure. Ein komplexer, voller Wei\u00dfwein.<\/span><\/p>\n<p>Viognier, eine \u00e4u\u00dferst empfindliche wei\u00dfe Traube von sehr hoher Qualit\u00e4t, die die Grundlage f\u00fcr Ch\u00e2teau Grillet und Condrieu bildet. Auch in der roten C\u00f4te R\u00f4tie ist diese Traube bis zu 20 % erlaubt. Viognier produziert einen zarten, sanft duftenden Wei\u00dfwein. Immer mehr qualit\u00e4tsbewusste Winzer pflanzen Viognier an und steigern dadurch meist enorm die Qualit\u00e4t ihrer Wei\u00dfweine.<\/p>\n<p>&nbsp;<\/p>\n<p>&nbsp;<\/p>\n<p><iframe loading=\"lazy\" title=\"La Cetto: Don Luis Sel. Reservada\" width=\"1020\" height=\"574\" src=\"https:\/\/www.youtube.com\/embed\/o7vyt2inQdU?feature=oembed\" frameborder=\"0\" allow=\"accelerometer; autoplay; clipboard-write; encrypted-media; gyroscope; picture-in-picture\" allowfullscreen><\/iframe><\/p>\n","protected":false},"excerpt":{"rendered":"<p>La Cetto Don Luis Viognier Sel. Reservada<\/p>\n","protected":false},"featured_media":36714,"comment_status":"open","ping_status":"closed","template":"","meta":{"_joinchat":[]},"product_brand":[],"product_cat":[4836,5391],"product_tag":[5611,5612,5613,4864],"class_list":{"0":"post-29369","1":"product","2":"type-product","3":"status-publish","4":"has-post-thumbnail","6":"product_cat-weisswein","7":"product_cat-mexiko","8":"product_tag-baja-california-de","9":"product_tag-la-cetto-de","10":"product_tag-mexico-de","11":"product_tag-viognier-de","12":"product_shipping_class-wijnfles-de","13":"pa_druivensoort-viognier-de","14":"pa_ean-nummer-7501053160299-de","15":"pa_gastronomie-orientalisch","16":"pa_jaar-2023-de","17":"pa_land-mexiko","18":"pa_smaakprofiel-lebendig-frisch","19":"pa_streek-baja-california-de","20":"pa_wijnhuis-la-cetto-de","21":"pa_wijnsoort-weisswein","23":"first","24":"instock","25":"taxable","26":"shipping-taxable","27":"purchasable","28":"product-type-simple"},"_links":{"self":[{"href":"https:\/\/www.globalwineries.nl\/de\/wp-json\/wp\/v2\/product\/29369","targetHints":{"allow":["GET"]}}],"collection":[{"href":"https:\/\/www.globalwineries.nl\/de\/wp-json\/wp\/v2\/product"}],"about":[{"href":"https:\/\/www.globalwineries.nl\/de\/wp-json\/wp\/v2\/types\/product"}],"replies":[{"embeddable":true,"href":"https:\/\/www.globalwineries.nl\/de\/wp-json\/wp\/v2\/comments?post=29369"}],"wp:featuredmedia":[{"embeddable":true,"href":"https:\/\/www.globalwineries.nl\/de\/wp-json\/wp\/v2\/media\/36714"}],"wp:attachment":[{"href":"https:\/\/www.globalwineries.nl\/de\/wp-json\/wp\/v2\/media?parent=29369"}],"wp:term":[{"taxonomy":"product_brand","embeddable":true,"href":"https:\/\/www.globalwineries.nl\/de\/wp-json\/wp\/v2\/product_brand?post=29369"},{"taxonomy":"product_cat","embeddable":true,"href":"https:\/\/www.globalwineries.nl\/de\/wp-json\/wp\/v2\/product_cat?post=29369"},{"taxonomy":"product_tag","embeddable":true,"href":"https:\/\/www.globalwineries.nl\/de\/wp-json\/wp\/v2\/product_tag?post=29369"}],"curies":[{"name":"wp","href":"https:\/\/api.w.org\/{rel}","templated":true}]}}