{"id":29400,"date":"2017-04-20T17:50:24","date_gmt":"2017-04-20T15:50:24","guid":{"rendered":"https:\/\/www.globalwineries.nl\/product\/la-cetto-cabernet-sauvignon-2017\/"},"modified":"2025-11-20T12:46:19","modified_gmt":"2025-11-20T11:46:19","slug":"la-cetto-cabernet-sauvignon","status":"publish","type":"product","link":"https:\/\/www.globalwineries.nl\/de\/product\/la-cetto-cabernet-sauvignon\/","title":{"rendered":"La Cetto Cabernet Sauvignon"},"content":{"rendered":"<p>La Cetto Cabernet Sauvignon aus Baja California, Mexiko. Tiefroter Wein mit Aromen von roten Beeren und Himbeeren, weiche blumige Tannine, ausgewogener Wein.<\/p>\n<p>Cabernet Sauvignon ist vor allem in Bordeaux bekannt, wo er zusammen mit Merlot und Cabernet Franc erstklassige Weine hervorbringt. Zum Reifen braucht es viel Hitze, sonst wird es gr\u00fcn und saftig mit einem Geschmack nach gr\u00fcnem Pfeffer. Zu viel Hitze macht es weich und marmeladeartig, mit einem Geschmack nach schwarzen Johannisbeeren. Cabernet Sauvignon bringt sehr aromatische Weine mit D\u00fcften von schwarzer Johannisbeere, Vanille, Gew\u00fcrzen (Pfeffer), Tabak, Pflaume, Kirsche, ger\u00f6stetem Brot und Zeder hervor. Die Weine sind in der Regel lange haltbar, haben viel Tannin und m\u00fcssen grunds\u00e4tzlich im Barrique reifen.        <\/p>\n<p>&nbsp;<\/p>\n<p>&nbsp;<\/p>\n<p><iframe loading=\"lazy\" title=\"La Cetto: Cabernet Sauvignon\" width=\"1020\" height=\"574\" src=\"https:\/\/www.youtube.com\/embed\/8vHIGSeXTfk?feature=oembed\" frameborder=\"0\" allow=\"accelerometer; autoplay; clipboard-write; encrypted-media; gyroscope; picture-in-picture\" allowfullscreen><\/iframe><\/p>\n","protected":false},"excerpt":{"rendered":"<p>La Cetto Cabernet Sauvignon<\/p>\n","protected":false},"featured_media":29403,"comment_status":"open","ping_status":"closed","template":"","meta":{"_joinchat":[]},"product_brand":[],"product_cat":[4253,5391],"product_tag":[5611,4913,5612,5613],"class_list":{"0":"post-29400","1":"product","2":"type-product","3":"status-publish","4":"has-post-thumbnail","6":"product_cat-rotwein","7":"product_cat-mexiko","8":"product_tag-baja-california-de","9":"product_tag-cabernet-sauvignon-de","10":"product_tag-la-cetto-de","11":"product_tag-mexico-de","12":"product_shipping_class-wijnfles-de","13":"pa_druivensoort-cabernet-sauvignon-de","14":"pa_ean-nummer-5022147000014-de","15":"pa_gastronomie-nudeln","16":"pa_gastronomie-rindfleisch","17":"pa_jaar-2021-de","18":"pa_land-mexiko","19":"pa_smaakprofiel-voll-und-kraftvoll","20":"pa_streek-baja-california-de","21":"pa_wijnhuis-la-cetto-de","22":"pa_wijnsoort-rotwein","24":"first","25":"instock","26":"taxable","27":"shipping-taxable","28":"purchasable","29":"product-type-simple"},"_links":{"self":[{"href":"https:\/\/www.globalwineries.nl\/de\/wp-json\/wp\/v2\/product\/29400","targetHints":{"allow":["GET"]}}],"collection":[{"href":"https:\/\/www.globalwineries.nl\/de\/wp-json\/wp\/v2\/product"}],"about":[{"href":"https:\/\/www.globalwineries.nl\/de\/wp-json\/wp\/v2\/types\/product"}],"replies":[{"embeddable":true,"href":"https:\/\/www.globalwineries.nl\/de\/wp-json\/wp\/v2\/comments?post=29400"}],"wp:featuredmedia":[{"embeddable":true,"href":"https:\/\/www.globalwineries.nl\/de\/wp-json\/wp\/v2\/media\/29403"}],"wp:attachment":[{"href":"https:\/\/www.globalwineries.nl\/de\/wp-json\/wp\/v2\/media?parent=29400"}],"wp:term":[{"taxonomy":"product_brand","embeddable":true,"href":"https:\/\/www.globalwineries.nl\/de\/wp-json\/wp\/v2\/product_brand?post=29400"},{"taxonomy":"product_cat","embeddable":true,"href":"https:\/\/www.globalwineries.nl\/de\/wp-json\/wp\/v2\/product_cat?post=29400"},{"taxonomy":"product_tag","embeddable":true,"href":"https:\/\/www.globalwineries.nl\/de\/wp-json\/wp\/v2\/product_tag?post=29400"}],"curies":[{"name":"wp","href":"https:\/\/api.w.org\/{rel}","templated":true}]}}