{"id":29455,"date":"2017-04-20T17:58:03","date_gmt":"2017-04-20T15:58:03","guid":{"rendered":"https:\/\/www.globalwineries.nl\/product\/zevenwacht-z-cmc-reserve-bordeaux-blend\/"},"modified":"2024-12-08T14:57:05","modified_gmt":"2024-12-08T13:57:05","slug":"la-petite-ferme-cabernet-sauvignon","status":"publish","type":"product","link":"https:\/\/www.globalwineries.nl\/de\/product\/la-petite-ferme-cabernet-sauvignon\/","title":{"rendered":"La Petite Ferme Cabernet Sauvignon"},"content":{"rendered":"<p class=\"p1\"><span class=\"s1\">La Petite Ferme Cabernet Sauvignon aus S\u00fcdafrika. Dieser Cabernet-Sauvignon zeichnet sich durch w\u00fcrzige Holzaromen aus, die an eine Zigarrenkiste erinnern. Im Mund macht dieser Wein einen reichhaltigen Eindruck dank der dunklen, reifen Fr\u00fcchte, Cassis und Schwarzkirschen. 100% Cabernet Sauvignon, 12 Monate lang in franz\u00f6sischen Eichenf\u00e4ssern gereift.<\/span><\/p>\n<p>Cabernet Sauvignon ist vor allem in Bordeaux bekannt, wo er zusammen mit Merlot und Cabernet Franc erstklassige Weine hervorbringt. Zum Reifen braucht es viel Hitze, sonst wird es gr\u00fcn und saftig mit einem Geschmack nach gr\u00fcnem Pfeffer. Zu viel Hitze macht es weich und marmeladeartig, mit einem Geschmack nach schwarzen Johannisbeeren. Cabernet Sauvignon bringt sehr aromatische Weine mit D\u00fcften von schwarzer Johannisbeere, Vanille, Gew\u00fcrzen (Pfeffer), Tabak, Pflaume, Kirsche, ger\u00f6stetem Brot und Zeder hervor. Die Weine sind in der Regel lange haltbar, haben viel Tannin und m\u00fcssen grunds\u00e4tzlich im Barrique reifen.      Generell haben die Weine einen hohen Phenolgehalt, sie sind violett (jung) oder dunkelrot (alt) und haben viel Kraft und Struktur. Cabernet Sauvignon ist auf der ganzen Welt zu finden. Wo immer jemand einen \u201eernsthaften\u201c Wein herstellen m\u00f6chte, wird Cabernet Sauvignon gepflanzt.  <\/p>\n<p>&nbsp;<\/p>\n<p>&nbsp;<\/p>\n<p><iframe loading=\"lazy\" title=\"La Petite Ferme : Cabernet Sauvignon\" width=\"1020\" height=\"574\" src=\"https:\/\/www.youtube.com\/embed\/fwBvEQYL4_c?feature=oembed\" frameborder=\"0\" allow=\"accelerometer; autoplay; clipboard-write; encrypted-media; gyroscope; picture-in-picture\" allowfullscreen><\/iframe><\/p>\n","protected":false},"excerpt":{"rendered":"<p>La Petite Ferme Cabernet Sauvignon<\/p>\n","protected":false},"featured_media":26772,"comment_status":"open","ping_status":"closed","template":"","meta":{"_joinchat":[]},"product_brand":[],"product_cat":[4253,5057],"product_tag":[4913,5788,5789,5060],"class_list":{"0":"post-29455","1":"product","2":"type-product","3":"status-publish","4":"has-post-thumbnail","6":"product_cat-rotwein","7":"product_cat-sudafrika","8":"product_tag-cabernet-sauvignon-de","9":"product_tag-franschhoek-de","10":"product_tag-la-petite-ferme-de","11":"product_tag-sudafrika","12":"product_shipping_class-wijnfles-de","13":"pa_druivensoort-shiraz-de","14":"pa_gastronomie-eintopf","15":"pa_gastronomie-rindfleisch","16":"pa_jaar-2018-de","17":"pa_land-sudafrika","18":"pa_smaakprofiel-voll-und-kraftvoll","19":"pa_streek-franschhoek-de","20":"pa_wijnhuis-la-petite-ferme-de","21":"pa_wijnsoort-rotwein","23":"first","24":"instock","25":"taxable","26":"shipping-taxable","27":"purchasable","28":"product-type-simple"},"_links":{"self":[{"href":"https:\/\/www.globalwineries.nl\/de\/wp-json\/wp\/v2\/product\/29455","targetHints":{"allow":["GET"]}}],"collection":[{"href":"https:\/\/www.globalwineries.nl\/de\/wp-json\/wp\/v2\/product"}],"about":[{"href":"https:\/\/www.globalwineries.nl\/de\/wp-json\/wp\/v2\/types\/product"}],"replies":[{"embeddable":true,"href":"https:\/\/www.globalwineries.nl\/de\/wp-json\/wp\/v2\/comments?post=29455"}],"wp:featuredmedia":[{"embeddable":true,"href":"https:\/\/www.globalwineries.nl\/de\/wp-json\/wp\/v2\/media\/26772"}],"wp:attachment":[{"href":"https:\/\/www.globalwineries.nl\/de\/wp-json\/wp\/v2\/media?parent=29455"}],"wp:term":[{"taxonomy":"product_brand","embeddable":true,"href":"https:\/\/www.globalwineries.nl\/de\/wp-json\/wp\/v2\/product_brand?post=29455"},{"taxonomy":"product_cat","embeddable":true,"href":"https:\/\/www.globalwineries.nl\/de\/wp-json\/wp\/v2\/product_cat?post=29455"},{"taxonomy":"product_tag","embeddable":true,"href":"https:\/\/www.globalwineries.nl\/de\/wp-json\/wp\/v2\/product_tag?post=29455"}],"curies":[{"name":"wp","href":"https:\/\/api.w.org\/{rel}","templated":true}]}}