{"id":29646,"date":"2020-02-28T16:51:38","date_gmt":"2020-02-28T15:51:38","guid":{"rendered":"https:\/\/www.globalwineries.nl\/product\/mas-rodo-montonega-2017-2\/"},"modified":"2025-02-14T13:26:35","modified_gmt":"2025-02-14T12:26:35","slug":"mas-rodo-montonega","status":"publish","type":"product","link":"https:\/\/www.globalwineries.nl\/de\/product\/mas-rodo-montonega\/","title":{"rendered":"Mas Rod\u00f3 Montonega"},"content":{"rendered":"<p>Mas Rod\u00f3 Montonega aus Penedes, Spanien. Frischer und ausgewogener katalanischer Wei\u00dfwein auf der Basis von 100% Montonega-Trauben. Aromen von Zitrusfr\u00fcchten und gr\u00fcnen \u00c4pfeln. Sch\u00f6n ausgewogener Nachgeschmack mit sehr feiner S\u00e4ure. Fruchtige Nase, trockener Abgang.<\/p>\n<p>Die Montonega ist eine einheimische Traube, die sich spontan aus Parellada-Arten entwickelt und einen anderen Ph\u00e4notyp mit Charakter erzeugt. Die Montonega ist eine kleine, seltene und r\u00f6tliche Traube, die spontan etwa 4500 kg pro Hektar produziert, mit der wir einen ehrlichen, frischen und besonderen Wein herstellen. Es ist ein Wein, bei dem nicht die Frucht hervorsticht, sondern die aromatischen Kr\u00e4uter, Fenchel, N\u00fcsse und eine ausgepr\u00e4gte Mineralit\u00e4t und Salzgehalt.  <\/p>\n<p>&nbsp;<\/p>\n<p>&nbsp;<\/p>\n<p><iframe loading=\"lazy\" title=\"Mas Rodo: Montenega\" width=\"1020\" height=\"574\" src=\"https:\/\/www.youtube.com\/embed\/xkeJVswYeWg?feature=oembed\" frameborder=\"0\" allow=\"accelerometer; autoplay; clipboard-write; encrypted-media; gyroscope; picture-in-picture\" allowfullscreen><\/iframe><\/p>\n","protected":false},"excerpt":{"rendered":"<p>Mas Rod\u00f3 Montonega<\/p>\n","protected":false},"featured_media":29647,"comment_status":"open","ping_status":"closed","template":"","meta":{"_joinchat":[]},"product_brand":[],"product_cat":[4879,4836],"product_tag":[5833,5835,5804,4883],"class_list":{"0":"post-29646","1":"product","2":"type-product","3":"status-publish","4":"has-post-thumbnail","6":"product_cat-spanien","7":"product_cat-weisswein","8":"product_tag-mas-rodo-de","9":"product_tag-montonega-de","10":"product_tag-penedes-de","11":"product_tag-spanien","12":"product_shipping_class-wijnfles-de","13":"pa_druivensoort-montonega-de","14":"pa_ean-nummer-8437009545416-de","15":"pa_gastronomie-krustentiere-und-schalentiere","16":"pa_gastronomie-salate","17":"pa_gastronomie-tapas-de","18":"pa_jaar-2017-de","19":"pa_land-spanien","20":"pa_smaakprofiel-intensiv-fruchtig","21":"pa_streek-penedes-de","22":"pa_wijnhuis-mas-rodo-de","23":"pa_wijnsoort-weisswein","25":"first","26":"instock","27":"taxable","28":"shipping-taxable","29":"purchasable","30":"product-type-simple"},"_links":{"self":[{"href":"https:\/\/www.globalwineries.nl\/de\/wp-json\/wp\/v2\/product\/29646","targetHints":{"allow":["GET"]}}],"collection":[{"href":"https:\/\/www.globalwineries.nl\/de\/wp-json\/wp\/v2\/product"}],"about":[{"href":"https:\/\/www.globalwineries.nl\/de\/wp-json\/wp\/v2\/types\/product"}],"replies":[{"embeddable":true,"href":"https:\/\/www.globalwineries.nl\/de\/wp-json\/wp\/v2\/comments?post=29646"}],"wp:featuredmedia":[{"embeddable":true,"href":"https:\/\/www.globalwineries.nl\/de\/wp-json\/wp\/v2\/media\/29647"}],"wp:attachment":[{"href":"https:\/\/www.globalwineries.nl\/de\/wp-json\/wp\/v2\/media?parent=29646"}],"wp:term":[{"taxonomy":"product_brand","embeddable":true,"href":"https:\/\/www.globalwineries.nl\/de\/wp-json\/wp\/v2\/product_brand?post=29646"},{"taxonomy":"product_cat","embeddable":true,"href":"https:\/\/www.globalwineries.nl\/de\/wp-json\/wp\/v2\/product_cat?post=29646"},{"taxonomy":"product_tag","embeddable":true,"href":"https:\/\/www.globalwineries.nl\/de\/wp-json\/wp\/v2\/product_tag?post=29646"}],"curies":[{"name":"wp","href":"https:\/\/api.w.org\/{rel}","templated":true}]}}