{"id":30235,"date":"2019-02-07T08:58:41","date_gmt":"2019-02-07T07:58:41","guid":{"rendered":"https:\/\/www.globalwineries.nl\/product\/salcuta-select-range-pinot-grigio\/"},"modified":"2024-11-09T07:56:10","modified_gmt":"2024-11-09T06:56:10","slug":"salcuta-select-range-pinot-grigio","status":"publish","type":"product","link":"https:\/\/www.globalwineries.nl\/de\/product\/salcuta-select-range-pinot-grigio\/","title":{"rendered":"Salcuta Select Range Pinot Grigio"},"content":{"rendered":"<p>Salcuta Select Range Pinot Grigio from Moldova. Die Weinregion Stefan Voda. Historisch gesehen reichen die Wurzeln des Weinbaus im Dorf Salcuta bis in die zweite H\u00e4lfte des 19. Jahrhunderts zur\u00fcck. Hier wurden die lokalen Rebsorten (Feteasca Alba, Rara Neagra, Plavai) erfolgreich mit den besten europ\u00e4ischen Sorten (Merlot, Cabernet Sauvignon, Chardonnay usw.) und dem Salcuta Select Range Pinot Grigio kombiniert.<\/p>\n<p>Pinot Gris, die Trauben nehmen bei Vollreife eine hellrosa-graue Farbe an. Der Charakter reicht von \u00fcppig und kr\u00e4ftig bis leicht und lebhaft. Der Grauburgunder verleiht dem Wein W\u00fcrze. Im Elsass wird Pinot Gris sp\u00e4t geerntet und zu einem reichen, komplexen Wein verarbeitet.   <span class=\"Apple-converted-space\">  <\/span>In Italien, wo die Traube Pinot Grigio hei\u00dft, wird sie fr\u00fch geerntet und ergibt einen lebendigen, frischen Wein. Die Traube ist auch in Deutschland erfolgreich und wird zur Herstellung von Weinen im els\u00e4ssischen Stil und mit halbtrockenem Geschmack verwendet. Hier wird die Traube Rul\u00e4nder, grauer Burgunder oder Grauklevner genannt. Rul\u00e4nder ist im badischen Weinbaugebiet weit verbreitet.   <\/p>\n<p><iframe loading=\"lazy\" title=\"Salcuta: Select Range Pinot Gris\" width=\"1020\" height=\"574\" src=\"https:\/\/www.youtube.com\/embed\/Fsm-ckcqKCo?feature=oembed\" frameborder=\"0\" allow=\"accelerometer; autoplay; clipboard-write; encrypted-media; gyroscope; picture-in-picture\" allowfullscreen><\/iframe><\/p>\n","protected":false},"excerpt":{"rendered":"<p>Salcuta Select Range Pinot Grigio<\/p>\n","protected":false},"featured_media":16695,"comment_status":"open","ping_status":"closed","template":"","meta":{"_joinchat":[]},"product_brand":[],"product_cat":[4836,5399],"product_tag":[5920,4837,5921],"class_list":{"0":"post-30235","1":"product","2":"type-product","3":"status-publish","4":"has-post-thumbnail","6":"product_cat-weisswein","7":"product_cat-moldavie-de","8":"product_tag-moldavie-de","9":"product_tag-pinot-grigio-de","10":"product_tag-salcuta-de","11":"product_shipping_class-wijnfles-de","12":"pa_druivensoort-pinot-grigio-de","13":"pa_ean-nummer-4840058009169-de","14":"pa_gastronomie-geflugel","15":"pa_gastronomie-krustentiere-und-schalentiere","16":"pa_gastronomie-salate","17":"pa_jaar-2024-de","18":"pa_land-moldawien","19":"pa_smaakprofiel-trocken-und-frisch","20":"pa_streek-salcuta-moldavie-de","21":"pa_wijnhuis-salcuta-de","22":"pa_wijnsoort-weisswein","24":"first","25":"instock","26":"taxable","27":"shipping-taxable","28":"purchasable","29":"product-type-simple"},"_links":{"self":[{"href":"https:\/\/www.globalwineries.nl\/de\/wp-json\/wp\/v2\/product\/30235","targetHints":{"allow":["GET"]}}],"collection":[{"href":"https:\/\/www.globalwineries.nl\/de\/wp-json\/wp\/v2\/product"}],"about":[{"href":"https:\/\/www.globalwineries.nl\/de\/wp-json\/wp\/v2\/types\/product"}],"replies":[{"embeddable":true,"href":"https:\/\/www.globalwineries.nl\/de\/wp-json\/wp\/v2\/comments?post=30235"}],"wp:featuredmedia":[{"embeddable":true,"href":"https:\/\/www.globalwineries.nl\/de\/wp-json\/wp\/v2\/media\/16695"}],"wp:attachment":[{"href":"https:\/\/www.globalwineries.nl\/de\/wp-json\/wp\/v2\/media?parent=30235"}],"wp:term":[{"taxonomy":"product_brand","embeddable":true,"href":"https:\/\/www.globalwineries.nl\/de\/wp-json\/wp\/v2\/product_brand?post=30235"},{"taxonomy":"product_cat","embeddable":true,"href":"https:\/\/www.globalwineries.nl\/de\/wp-json\/wp\/v2\/product_cat?post=30235"},{"taxonomy":"product_tag","embeddable":true,"href":"https:\/\/www.globalwineries.nl\/de\/wp-json\/wp\/v2\/product_tag?post=30235"}],"curies":[{"name":"wp","href":"https:\/\/api.w.org\/{rel}","templated":true}]}}