{"id":30323,"date":"2017-04-20T17:41:26","date_gmt":"2017-04-20T15:41:26","guid":{"rendered":"https:\/\/www.globalwineries.nl\/product\/st-andrea-egri-rose\/"},"modified":"2024-12-30T14:05:51","modified_gmt":"2024-12-30T13:05:51","slug":"st-andrea-egri-rose","status":"publish","type":"product","link":"https:\/\/www.globalwineries.nl\/de\/product\/st-andrea-egri-rose\/","title":{"rendered":"St. Andrea Egri Rose"},"content":{"rendered":"<p>Rose von Kadarka, Merlot und Kekfrancos von St. Andrea aus Eger, Ungarn Ein trockener Rose, der mit den Begriffen frisch, viel Frucht, weich, durstl\u00f6schend und mit feinen S\u00e4uren beschrieben werden kann. Die Farbe ist ein wundersch\u00f6nes helles Rosa. Wir schmecken viele Fr\u00fcchte, darunter auch ein wenig Himbeere. Die sch\u00f6nen, dosierten Aromen ergeben eine elegante Rose.<\/p>\n<p><iframe loading=\"lazy\" title=\"St. Andrea: Egri Ros\u00e9\" width=\"1020\" height=\"574\" src=\"https:\/\/www.youtube.com\/embed\/WUQkI1UWQoU?feature=oembed\" frameborder=\"0\" allow=\"accelerometer; autoplay; clipboard-write; encrypted-media; gyroscope; picture-in-picture; web-share\" referrerpolicy=\"strict-origin-when-cross-origin\" allowfullscreen><\/iframe><\/p>\n","protected":false},"excerpt":{"rendered":"<p>Kadarka, Merlot en Kekfrancos<\/p>\n","protected":false},"featured_media":0,"comment_status":"open","ping_status":"closed","template":"","meta":{"_joinchat":[]},"product_brand":[],"product_cat":[4948,4936],"product_tag":[5704,5931,5932,5797,4944],"class_list":{"0":"post-30323","1":"product","2":"type-product","3":"status-publish","5":"product_cat-rosewein","6":"product_cat-ungarn","7":"product_tag-eger-de","8":"product_tag-merlot-en-kekfrancos-de","9":"product_tag-rose-van-kadarka-de","10":"product_tag-st-andrea-de","11":"product_tag-ungarn","12":"pa_druivensoort-pinot-noir-de","13":"pa_ean-nummer-5999545073097-de","14":"pa_gastronomie-aperitif","15":"pa_gastronomie-huhn","16":"pa_gastronomie-nudeln","17":"pa_jaar-2020-de","18":"pa_land-ungarn","19":"pa_smaakprofiel-lebendig-frisch","20":"pa_streek-eger-de","21":"pa_wijnhuis-st-andrea-de","22":"pa_wijnsoort-rosewein","24":"first","25":"outofstock","26":"taxable","27":"shipping-taxable","28":"purchasable","29":"product-type-simple"},"_links":{"self":[{"href":"https:\/\/www.globalwineries.nl\/de\/wp-json\/wp\/v2\/product\/30323","targetHints":{"allow":["GET"]}}],"collection":[{"href":"https:\/\/www.globalwineries.nl\/de\/wp-json\/wp\/v2\/product"}],"about":[{"href":"https:\/\/www.globalwineries.nl\/de\/wp-json\/wp\/v2\/types\/product"}],"replies":[{"embeddable":true,"href":"https:\/\/www.globalwineries.nl\/de\/wp-json\/wp\/v2\/comments?post=30323"}],"wp:attachment":[{"href":"https:\/\/www.globalwineries.nl\/de\/wp-json\/wp\/v2\/media?parent=30323"}],"wp:term":[{"taxonomy":"product_brand","embeddable":true,"href":"https:\/\/www.globalwineries.nl\/de\/wp-json\/wp\/v2\/product_brand?post=30323"},{"taxonomy":"product_cat","embeddable":true,"href":"https:\/\/www.globalwineries.nl\/de\/wp-json\/wp\/v2\/product_cat?post=30323"},{"taxonomy":"product_tag","embeddable":true,"href":"https:\/\/www.globalwineries.nl\/de\/wp-json\/wp\/v2\/product_tag?post=30323"}],"curies":[{"name":"wp","href":"https:\/\/api.w.org\/{rel}","templated":true}]}}