{"id":30652,"date":"2017-04-20T17:46:48","date_gmt":"2017-04-20T15:46:48","guid":{"rendered":"https:\/\/www.globalwineries.nl\/product\/tornesi-brunello-di-montalcino\/"},"modified":"2025-02-13T12:57:09","modified_gmt":"2025-02-13T11:57:09","slug":"tornesi-brunello-di-montalcino","status":"publish","type":"product","link":"https:\/\/www.globalwineries.nl\/de\/product\/tornesi-brunello-di-montalcino\/","title":{"rendered":"Tornesi Brunello di Montalcino"},"content":{"rendered":"<p class=\"p1\"><span class=\"s1\">Sangiovese von Tornesi aus der Toskana, Italien. Ein intensiver purpurroter Wein aus 100% Sangiovese. Dieser Wein hat 24 Monate in Holzf\u00e4ssern und 36 Monate in der Flasche gereift. Es ist ein konzentrierter Wein mit reichhaltigen Aromen von roten und schwarzen Fr\u00fcchten. Sowohl in der Nase als auch im Mund Noten von Schokolade, Terroir, Kaffee und R\u00f6staromen. Vollmundig mit einem kr\u00e4ftigen und langen Abgang. Vor dem Servieren gut dekantieren.<\/span><\/p>\n","protected":false},"excerpt":{"rendered":"<p>Sangiovese<\/p>\n","protected":false},"featured_media":30654,"comment_status":"open","ping_status":"closed","template":"","meta":{"_joinchat":[]},"product_brand":[],"product_cat":[4252,4253],"product_tag":[4256,4924,5960,4257],"class_list":{"0":"post-30652","1":"product","2":"type-product","3":"status-publish","4":"has-post-thumbnail","6":"product_cat-italien","7":"product_cat-rotwein","8":"product_tag-italien","9":"product_tag-sangiovese-de","10":"product_tag-tornesi-de","11":"product_tag-toscane-de","12":"product_shipping_class-wijnfles-de","13":"pa_druivensoort-sangiovese-de","14":"pa_gastronomie-rindfleisch","15":"pa_jaar-2019-de","16":"pa_land-italien","17":"pa_smaakprofiel-voll-und-kraftvoll","18":"pa_streek-toscane-de","19":"pa_wijnhuis-tornesi-de","20":"pa_wijnsoort-rotwein","22":"first","23":"instock","24":"taxable","25":"shipping-taxable","26":"purchasable","27":"product-type-simple"},"_links":{"self":[{"href":"https:\/\/www.globalwineries.nl\/de\/wp-json\/wp\/v2\/product\/30652","targetHints":{"allow":["GET"]}}],"collection":[{"href":"https:\/\/www.globalwineries.nl\/de\/wp-json\/wp\/v2\/product"}],"about":[{"href":"https:\/\/www.globalwineries.nl\/de\/wp-json\/wp\/v2\/types\/product"}],"replies":[{"embeddable":true,"href":"https:\/\/www.globalwineries.nl\/de\/wp-json\/wp\/v2\/comments?post=30652"}],"wp:featuredmedia":[{"embeddable":true,"href":"https:\/\/www.globalwineries.nl\/de\/wp-json\/wp\/v2\/media\/30654"}],"wp:attachment":[{"href":"https:\/\/www.globalwineries.nl\/de\/wp-json\/wp\/v2\/media?parent=30652"}],"wp:term":[{"taxonomy":"product_brand","embeddable":true,"href":"https:\/\/www.globalwineries.nl\/de\/wp-json\/wp\/v2\/product_brand?post=30652"},{"taxonomy":"product_cat","embeddable":true,"href":"https:\/\/www.globalwineries.nl\/de\/wp-json\/wp\/v2\/product_cat?post=30652"},{"taxonomy":"product_tag","embeddable":true,"href":"https:\/\/www.globalwineries.nl\/de\/wp-json\/wp\/v2\/product_tag?post=30652"}],"curies":[{"name":"wp","href":"https:\/\/api.w.org\/{rel}","templated":true}]}}