{"id":30656,"date":"2017-04-20T17:46:46","date_gmt":"2017-04-20T15:46:46","guid":{"rendered":"https:\/\/www.globalwineries.nl\/product\/tornesi-rosso-di-montalcino\/"},"modified":"2025-02-13T12:58:28","modified_gmt":"2025-02-13T11:58:28","slug":"tornesi-rosso-di-montalcino","status":"publish","type":"product","link":"https:\/\/www.globalwineries.nl\/de\/product\/tornesi-rosso-di-montalcino\/","title":{"rendered":"Tornesi Rosso di Montalcino"},"content":{"rendered":"<p>Sangiovese von Tornesi aus der Toskana, Italien. Dieser kirschrote Wein ist das brillante Ergebnis von Leidenschaft, Gef\u00fchl und Kunst. Der Wein hat ein reiches Bouquet von roten Fr\u00fcchten mit Eigenschaften wie rote Johannisbeere, Cassis und Erdbeeren. Ein weicher, mundf\u00fcllender Wein mit einem breiten und vollen Abgang.<\/p>\n","protected":false},"excerpt":{"rendered":"<p>Sangiovese<\/p>\n","protected":false},"featured_media":30658,"comment_status":"open","ping_status":"closed","template":"","meta":{"_joinchat":[]},"product_brand":[],"product_cat":[4252,4253],"product_tag":[4256,4924,5960,4257],"class_list":{"0":"post-30656","1":"product","2":"type-product","3":"status-publish","4":"has-post-thumbnail","6":"product_cat-italien","7":"product_cat-rotwein","8":"product_tag-italien","9":"product_tag-sangiovese-de","10":"product_tag-tornesi-de","11":"product_tag-toscane-de","12":"product_shipping_class-wijnfles-de","13":"pa_druivensoort-sangiovese-de","14":"pa_gastronomie-rindfleisch","15":"pa_jaar-2023-de","16":"pa_land-italien","17":"pa_smaakprofiel-voll-und-kraftvoll","18":"pa_streek-toscane-de","19":"pa_wijnhuis-tornesi-de","20":"pa_wijnsoort-rotwein","22":"first","23":"instock","24":"taxable","25":"shipping-taxable","26":"purchasable","27":"product-type-simple"},"_links":{"self":[{"href":"https:\/\/www.globalwineries.nl\/de\/wp-json\/wp\/v2\/product\/30656","targetHints":{"allow":["GET"]}}],"collection":[{"href":"https:\/\/www.globalwineries.nl\/de\/wp-json\/wp\/v2\/product"}],"about":[{"href":"https:\/\/www.globalwineries.nl\/de\/wp-json\/wp\/v2\/types\/product"}],"replies":[{"embeddable":true,"href":"https:\/\/www.globalwineries.nl\/de\/wp-json\/wp\/v2\/comments?post=30656"}],"wp:featuredmedia":[{"embeddable":true,"href":"https:\/\/www.globalwineries.nl\/de\/wp-json\/wp\/v2\/media\/30658"}],"wp:attachment":[{"href":"https:\/\/www.globalwineries.nl\/de\/wp-json\/wp\/v2\/media?parent=30656"}],"wp:term":[{"taxonomy":"product_brand","embeddable":true,"href":"https:\/\/www.globalwineries.nl\/de\/wp-json\/wp\/v2\/product_brand?post=30656"},{"taxonomy":"product_cat","embeddable":true,"href":"https:\/\/www.globalwineries.nl\/de\/wp-json\/wp\/v2\/product_cat?post=30656"},{"taxonomy":"product_tag","embeddable":true,"href":"https:\/\/www.globalwineries.nl\/de\/wp-json\/wp\/v2\/product_tag?post=30656"}],"curies":[{"name":"wp","href":"https:\/\/api.w.org\/{rel}","templated":true}]}}