{"id":30839,"date":"2018-09-27T15:24:58","date_gmt":"2018-09-27T13:24:58","guid":{"rendered":"https:\/\/www.globalwineries.nl\/product\/van-loveren-papillon-sparkling-wine-0-alc-vol\/"},"modified":"2024-12-03T09:06:56","modified_gmt":"2024-12-03T08:06:56","slug":"van-loveren-papillon-sparkling-wine-0-alc-vol","status":"publish","type":"product","link":"https:\/\/www.globalwineries.nl\/de\/product\/van-loveren-papillon-sparkling-wine-0-alc-vol\/","title":{"rendered":"Van Loveren Papillon Sparkling Wine &#8211; 0% Alc Vol"},"content":{"rendered":"<p>Van Loveren Papillon Schaumwein \u2013 0 % Alc Vol. Alkoholfreie Blase (Sauvignon Blanc, Colombar) von Robertson, S\u00fcdafrika.  Ein Schaumwein, der nach der Charmat-Methode oder Cuve close hergestellt wird. Ein prickelnder Wein, sch\u00f6ne Bl\u00e4schen, feine Nase. Noten von Pfirsich und Gras. Frischer und fruchtiger trockener Abgang.<\/p>\n<p>Sauvignon Blanc<b> <\/b>Auch Fum\u00e9 Blanc genannt, ist die wichtigste wei\u00dfe Rebsorte des Bordeaux. Entlang der Loire werden frische, fruchtige Weine hergestellt. In Sauternes wird die Traube mit dem S\u00e9millon verschnitten. Sauvignon Blanc verbreitete sich im 18. Jahrhundert durch Einwanderer in den Rest der Welt. In    <span class=\"Apple-converted-space\">  <\/span>In Weinregionen mit gem\u00e4\u00dfigtem Klima f\u00fchlt sich die Traube am besten an. Sauvignon Blanc, im Volksmund Surin genannt, ist eine der \u00e4ltesten in Frankreich angebauten Rebsorten. Sauvignon Blanc hat einen charakteristischen Duft nach Blumen und Stachelbeeren, ist w\u00fcrzig, kann aber sowohl adstringierend (rund um die obere Loire) als auch prall und rund sein. Die Weine haben meist einen hohen S\u00e4uregehalt   <\/p>\n<p>Colombard, ertragreiche wei\u00dfe Rebsorte von angemessener Qualit\u00e4t. Die Traube ist eine Kreuzung zwischen Gouais und Chenin Blanc aus der Region Charente n\u00f6rdlich von Bordeaux. <span class=\"Apple-converted-space\">  <\/span>In der Vergangenheit galt der Colombard (zusammen mit Ugni Blanc und Folle Blanche) als die Brenntraube schlechthin. Der Colombard ist der fruchtigste der drei Weine und tr\u00e4gt vergleichsweise weniger zum Destillat bei, da die Menschen eine starke Vorliebe f\u00fcr neutrale Grundweine haben. Weine aus Colombard sind niemals Spitzenweine. Die jugendliche Frische ist ihre einzige, wenn auch verdienstvolle, positive Eigenschaft. In Kalifornien hei\u00dft die Traube French Colombard und in S\u00fcdafrika Colombar.    <\/p>\n<p>&nbsp;<\/p>\n<p><iframe loading=\"lazy\" title=\"Van Loveren: Papillon Sparkling Wine 0% alcohol!\" width=\"1020\" height=\"574\" src=\"https:\/\/www.youtube.com\/embed\/G9j5TCKpCOo?feature=oembed\" frameborder=\"0\" allow=\"accelerometer; autoplay; clipboard-write; encrypted-media; gyroscope; picture-in-picture\" allowfullscreen><\/iframe><\/p>\n","protected":false},"excerpt":{"rendered":"<p>Van Loveren Papillon Sparkling Wine &#8211; 0% Alc Vol<\/p>\n","protected":false},"featured_media":16723,"comment_status":"open","ping_status":"closed","template":"","meta":{"_joinchat":[]},"product_brand":[],"product_cat":[8643,4845,5057,5383],"product_tag":[5986,5983,5059,4980,5060,5985],"class_list":{"0":"post-30839","1":"product","2":"type-product","3":"status-publish","4":"has-post-thumbnail","6":"product_cat-0-de","7":"product_cat-sekt","8":"product_cat-sudafrika","9":"product_cat-alkoholfreier-wein","10":"product_tag-alcohol-vrije-de","11":"product_tag-colombar-de","12":"product_tag-robertson-de","13":"product_tag-sauvignon-blanc-de","14":"product_tag-sudafrika","15":"product_tag-van-loveren-de","16":"product_shipping_class-wijnfles-de","17":"pa_druivensoort-colombard-de","18":"pa_druivensoort-sauvignon-blanc-de","19":"pa_gastronomie-aperitif","20":"pa_land-sudafrika","21":"pa_smaakprofiel-prickelnd-frisch","22":"pa_streek-robertson-de","23":"pa_wijnhuis-van-loveren-de","24":"pa_wijnsoort-prickelnd","26":"first","27":"instock","28":"taxable","29":"shipping-taxable","30":"purchasable","31":"product-type-simple"},"_links":{"self":[{"href":"https:\/\/www.globalwineries.nl\/de\/wp-json\/wp\/v2\/product\/30839","targetHints":{"allow":["GET"]}}],"collection":[{"href":"https:\/\/www.globalwineries.nl\/de\/wp-json\/wp\/v2\/product"}],"about":[{"href":"https:\/\/www.globalwineries.nl\/de\/wp-json\/wp\/v2\/types\/product"}],"replies":[{"embeddable":true,"href":"https:\/\/www.globalwineries.nl\/de\/wp-json\/wp\/v2\/comments?post=30839"}],"wp:featuredmedia":[{"embeddable":true,"href":"https:\/\/www.globalwineries.nl\/de\/wp-json\/wp\/v2\/media\/16723"}],"wp:attachment":[{"href":"https:\/\/www.globalwineries.nl\/de\/wp-json\/wp\/v2\/media?parent=30839"}],"wp:term":[{"taxonomy":"product_brand","embeddable":true,"href":"https:\/\/www.globalwineries.nl\/de\/wp-json\/wp\/v2\/product_brand?post=30839"},{"taxonomy":"product_cat","embeddable":true,"href":"https:\/\/www.globalwineries.nl\/de\/wp-json\/wp\/v2\/product_cat?post=30839"},{"taxonomy":"product_tag","embeddable":true,"href":"https:\/\/www.globalwineries.nl\/de\/wp-json\/wp\/v2\/product_tag?post=30839"}],"curies":[{"name":"wp","href":"https:\/\/api.w.org\/{rel}","templated":true}]}}