{"id":30970,"date":"2018-09-27T21:15:20","date_gmt":"2018-09-27T19:15:20","guid":{"rendered":"https:\/\/www.globalwineries.nl\/product\/vylyan-classicus-rose\/"},"modified":"2025-07-30T23:46:14","modified_gmt":"2025-07-30T21:46:14","slug":"vylyan-kakas-rose","status":"publish","type":"product","link":"https:\/\/www.globalwineries.nl\/de\/product\/vylyan-kakas-rose\/","title":{"rendered":"Vylyan Kakas Ros\u00e9"},"content":{"rendered":"<p>Vylyan Kakas Ros\u00e9 aus Vill\u00e1ny, Ungarn. Merlot und Pinot Noir, zart, elegant, aber dennoch lebendig und fruchtig.  Wundersch\u00f6nes Aussehen und beeindruckt weiterhin mit einer Welt der D\u00fcfte! Am Gaumen dominieren exotische Fr\u00fcchte, erfrischender Pfirsich und Ananas, gefolgt von Lychee-Noten und blumigen Nuancen.<\/p>\n<p>Merlot ist eine der \u00e4ltesten Vitis vinifera-Sorten, die fr\u00fcher reift als Carbernet Sauvignon und Cabernet Franc. Merlot ist in Bordeaux wichtig, insbesondere in Saint-Emilion und Pomerol. Die Merlot-Anpflanzungen haben in den letzten Jahren deutlich zugenommen. Die Traube erfreut sich weltweit gro\u00dfer Beliebtheit und die Menschen erkennen zunehmend, dass Merlot in einem relativ k\u00fchlen Weinberg gepflanzt werden muss. Diese Traube bringt dunkle, k\u00fchle, weiche, w\u00fcrzige und fruchtige Weine hervor.    <\/p>\n<p>Pinot Noir: in an old text from 1659 the grape is also called Rotkl\u00e4ffner. Pinot noir is a noble blue grape from Burgundy from which all great Burgundy wines are made. The grape mainly grows in a cooler climate and is very dependent on soil conditions. Therefore, it is not an easy grape variety to grow. But if the conditions are ideal, very complex, elegant wines of top quality can be made. Is also important in champagne must. It gives champagne backbone, strength and fullness. The famous Pinot Noir can be found in almost every wine country. In Germany the grape is also called sp\u00e4tburgunder. Blauburgunder in Austria and Switzerland         <\/p>\n<p>&nbsp;<\/p>\n<p><iframe loading=\"lazy\" title=\"Vylyan: Kakas Ros\u00e9\" width=\"1020\" height=\"574\" src=\"https:\/\/www.youtube.com\/embed\/lq6FnHkNqQA?feature=oembed\" frameborder=\"0\" allow=\"accelerometer; autoplay; clipboard-write; encrypted-media; gyroscope; picture-in-picture\" allowfullscreen><\/iframe><\/p>\n","protected":false},"excerpt":{"rendered":"<p>Vylyan Kakas Ros\u00e9<\/p>\n","protected":false},"featured_media":30972,"comment_status":"open","ping_status":"closed","template":"","meta":{"_joinchat":[]},"product_brand":[],"product_cat":[4948,4936],"product_tag":[4949,4944,5729,5791],"class_list":{"0":"post-30970","1":"product","2":"type-product","3":"status-publish","4":"has-post-thumbnail","6":"product_cat-rosewein","7":"product_cat-ungarn","8":"product_tag-rose-de","9":"product_tag-ungarn","10":"product_tag-villany-de","11":"product_tag-vylyan-de","12":"product_shipping_class-wijnfles-de","13":"pa_druivensoort-cuvee-de","14":"pa_gastronomie-aperitif","15":"pa_gastronomie-charcuterie-de","16":"pa_jaar-2023-de","17":"pa_land-ungarn","18":"pa_smaakprofiel-leicht-und-fruchtig","19":"pa_streek-villany-de","20":"pa_wijnhuis-vylyan-de","21":"pa_wijnsoort-rosewein","23":"first","24":"instock","25":"taxable","26":"shipping-taxable","27":"purchasable","28":"product-type-simple"},"_links":{"self":[{"href":"https:\/\/www.globalwineries.nl\/de\/wp-json\/wp\/v2\/product\/30970","targetHints":{"allow":["GET"]}}],"collection":[{"href":"https:\/\/www.globalwineries.nl\/de\/wp-json\/wp\/v2\/product"}],"about":[{"href":"https:\/\/www.globalwineries.nl\/de\/wp-json\/wp\/v2\/types\/product"}],"replies":[{"embeddable":true,"href":"https:\/\/www.globalwineries.nl\/de\/wp-json\/wp\/v2\/comments?post=30970"}],"wp:featuredmedia":[{"embeddable":true,"href":"https:\/\/www.globalwineries.nl\/de\/wp-json\/wp\/v2\/media\/30972"}],"wp:attachment":[{"href":"https:\/\/www.globalwineries.nl\/de\/wp-json\/wp\/v2\/media?parent=30970"}],"wp:term":[{"taxonomy":"product_brand","embeddable":true,"href":"https:\/\/www.globalwineries.nl\/de\/wp-json\/wp\/v2\/product_brand?post=30970"},{"taxonomy":"product_cat","embeddable":true,"href":"https:\/\/www.globalwineries.nl\/de\/wp-json\/wp\/v2\/product_cat?post=30970"},{"taxonomy":"product_tag","embeddable":true,"href":"https:\/\/www.globalwineries.nl\/de\/wp-json\/wp\/v2\/product_tag?post=30970"}],"curies":[{"name":"wp","href":"https:\/\/api.w.org\/{rel}","templated":true}]}}