{"id":31065,"date":"2017-04-20T17:47:38","date_gmt":"2017-04-20T15:47:38","guid":{"rendered":"https:\/\/www.globalwineries.nl\/product\/zenato-amarone-della-valpolicella-classico-2013-sel-sergio-zenato-riserva\/"},"modified":"2025-02-13T12:44:57","modified_gmt":"2025-02-13T11:44:57","slug":"zenato-amarone-della-valpolicella-classico-sel-sergio-zenato-riserva","status":"publish","type":"product","link":"https:\/\/www.globalwineries.nl\/de\/product\/zenato-amarone-della-valpolicella-classico-sel-sergio-zenato-riserva\/","title":{"rendered":"Zenato Amarone della Valpolicella Classico Sel. Sergio Zenato Riserva"},"content":{"rendered":"<p class=\"p1\"><span class=\"s1\">Corvina, Rondinella, Sangiovese Cuv\u00e9e von Zenato aus Venetien, Italien. Tief rubinrote Farbe. Ein sehr konzentrierter Wein mit Aromen von Gew\u00fcrzen und Trockenfr\u00fcchten. Enorm vollmundig mit festen, aber weichen Tanninen, gefolgt von einem sehr langen Abgang. Die handverlesenen Trauben, die aufgrund ihrer hohen Qualit\u00e4t ausgew\u00e4hlt werden, werden vier Monate lang auf Strohmatten getrocknet, bevor sie gepresst werden. Es folgt eine langsame G\u00e4rung mit Schalenber\u00fchrung von 30 Tagen. Reifung von mindestens 4 Jahren in F\u00e4ssern aus slowenischer Eiche. <\/span><\/p>\n<p><iframe loading=\"lazy\" title=\"Zenato: Intro\" width=\"1020\" height=\"574\" src=\"https:\/\/www.youtube.com\/embed\/Z1-b0rcJN4o?feature=oembed\" frameborder=\"0\" allow=\"accelerometer; autoplay; clipboard-write; encrypted-media; gyroscope; picture-in-picture\" allowfullscreen><\/iframe><\/p>\n","protected":false},"excerpt":{"rendered":"<p>Zenato Amarone della Valpolicella Classico<\/p>\n<p>Corvina, Rondinella, Sangiovese<\/p>\n","protected":false},"featured_media":26522,"comment_status":"open","ping_status":"closed","template":"","meta":{"_joinchat":[]},"product_brand":[],"product_cat":[4252,4253],"product_tag":[5562,4256,5822,6003,5559,5823],"class_list":{"0":"post-31065","1":"product","2":"type-product","3":"status-publish","4":"has-post-thumbnail","6":"product_cat-italien","7":"product_cat-rotwein","8":"product_tag-corvina-de","9":"product_tag-italien","10":"product_tag-rondinella-de","11":"product_tag-sangiovese-cuvee-de","12":"product_tag-veneto-de","13":"product_tag-zenato-de","14":"product_shipping_class-wijnfles-de","15":"pa_druivensoort-corvina-de","16":"pa_druivensoort-rondinella-de","17":"pa_druivensoort-sangiovese-de","18":"pa_gastronomie-lammfleisch","19":"pa_gastronomie-rindfleisch","20":"pa_gastronomie-wild-de","21":"pa_jaar-2017-de","22":"pa_land-italien","23":"pa_smaakprofiel-voll-und-kraftvoll","24":"pa_streek-veneto-de","25":"pa_wijnhuis-zenato-de","26":"pa_wijnsoort-rotwein","28":"first","29":"instock","30":"taxable","31":"shipping-taxable","32":"purchasable","33":"product-type-simple"},"_links":{"self":[{"href":"https:\/\/www.globalwineries.nl\/de\/wp-json\/wp\/v2\/product\/31065","targetHints":{"allow":["GET"]}}],"collection":[{"href":"https:\/\/www.globalwineries.nl\/de\/wp-json\/wp\/v2\/product"}],"about":[{"href":"https:\/\/www.globalwineries.nl\/de\/wp-json\/wp\/v2\/types\/product"}],"replies":[{"embeddable":true,"href":"https:\/\/www.globalwineries.nl\/de\/wp-json\/wp\/v2\/comments?post=31065"}],"wp:featuredmedia":[{"embeddable":true,"href":"https:\/\/www.globalwineries.nl\/de\/wp-json\/wp\/v2\/media\/26522"}],"wp:attachment":[{"href":"https:\/\/www.globalwineries.nl\/de\/wp-json\/wp\/v2\/media?parent=31065"}],"wp:term":[{"taxonomy":"product_brand","embeddable":true,"href":"https:\/\/www.globalwineries.nl\/de\/wp-json\/wp\/v2\/product_brand?post=31065"},{"taxonomy":"product_cat","embeddable":true,"href":"https:\/\/www.globalwineries.nl\/de\/wp-json\/wp\/v2\/product_cat?post=31065"},{"taxonomy":"product_tag","embeddable":true,"href":"https:\/\/www.globalwineries.nl\/de\/wp-json\/wp\/v2\/product_tag?post=31065"}],"curies":[{"name":"wp","href":"https:\/\/api.w.org\/{rel}","templated":true}]}}