{"id":31403,"date":"2017-04-20T17:52:41","date_gmt":"2017-04-20T15:52:41","guid":{"rendered":"https:\/\/www.globalwineries.nl\/product\/torres-gran-coronas-tinto-2014\/"},"modified":"2024-12-14T16:28:04","modified_gmt":"2024-12-14T15:28:04","slug":"torres-gran-coronas-tinto","status":"publish","type":"product","link":"https:\/\/www.globalwineries.nl\/de\/product\/torres-gran-coronas-tinto\/","title":{"rendered":"Torres Gran Coronas Tinto"},"content":{"rendered":"<p>Torres Gran Coronas Tinto. Cabernet Sauvignon, Tempranillo aus Katalonien, Spanien.  Dunkelroter Wein, bestehend aus 85% Cabernet Sauvignon und 15% Tempranillo. Aromen von reifen Kirschen und Blaubeeren sowie komplexere Aromen (Vanille- und Ledernoten), die von der 12-monatigen Reifung in franz\u00f6sischer Eiche herr\u00fchren.<\/p>\n<p>Cabernet Sauvignon ist vor allem in Bordeaux bekannt, wo er zusammen mit Merlot und Cabernet Franc erstklassige Weine hervorbringt. Zum Reifen braucht es viel Hitze, sonst wird es gr\u00fcn und saftig mit einem Geschmack nach gr\u00fcnem Pfeffer. Zu viel Hitze macht es weich und marmeladeartig, mit einem Geschmack nach schwarzen Johannisbeeren. Cabernet Sauvignon bringt sehr aromatische Weine mit D\u00fcften von schwarzer Johannisbeere, Vanille, Gew\u00fcrzen (Pfeffer), Tabak, Pflaume, Kirsche, ger\u00f6stetem Brot und Zeder hervor. Die Weine sind in der Regel lange haltbar, haben viel Tannin und m\u00fcssen grunds\u00e4tzlich im Barrique reifen.Durch den Einsatz moderner Vinifikationstechniken k\u00f6nnen nun auch junge Weine schnell trinkbar werden. Generell haben die Weine einen hohen Phenolgehalt, sie sind violett (jung) oder dunkelrot (alt) und haben viel Kraft und Struktur. Cabernet Sauvignon ist auf der ganzen Welt zu finden. Wo immer jemand einen \u201eernsthaften\u201c Wein herstellen m\u00f6chte, wird Cabernet Sauvignon gepflanzt.        <\/p>\n<p>Tempranillo betekent &#8218;vroeg&#8216; en is een niet rechtopstaande wijnstok met grote, ongelijkvormige bladeren en grote trossen met dikke druiven. Zeer waarschijnlijk is het een inheems Spaans druivenras. Zijn oorsprong zou kunnen liggen in de Pyrenee\u00ebn, waar in de 80-tige jaren nog wilde stokken van de tempranillo werden aangetroffen. Wordt veel in de Spaanse wijngebieden   <span class=\"Apple-converted-space\">  <\/span>gepflanzt und gilt als sehr edle Sorte. Dies liegt unter anderem daran, dass es sich um die wichtigste Rebsorte in den Qualit\u00e4tsgebieten Rioja und Ribera del Duero handelt.  Tempranillo produziert dunkle Weine mit niedrigem S\u00e4ure- und Alkoholgehalt.<span class=\"Apple-converted-space\">  <\/span> Das Warten auf eine Zeitspanne ist gut und sicher und sorgt f\u00fcr eine zus\u00e4tzliche Sicherheit. Ist eine gute Grundlage f\u00fcr die Fahrt nach Rioja. Tempranillo ist in den Pened\u00e9s als Nachtheiligtum bekannt, in La Mancha und in Valdepe\u00f1as als Cencibel  <\/p>\n","protected":false},"excerpt":{"rendered":"<p>Torres Gran Coronas Tinto<\/p>\n","protected":false},"featured_media":0,"comment_status":"open","ping_status":"closed","template":"","meta":{"_joinchat":[]},"product_brand":[],"product_cat":[4253,4879],"product_tag":[4913,5817,4883,5017,5819],"class_list":{"0":"post-31403","1":"product","2":"type-product","3":"status-publish","5":"product_cat-rotwein","6":"product_cat-spanien","7":"product_tag-cabernet-sauvignon-de","8":"product_tag-catalunya-de","9":"product_tag-spanien","10":"product_tag-tempranillo-de","11":"product_tag-torres-de","12":"pa_druivensoort-cabernet-sauvignon-de","13":"pa_druivensoort-tempranillo-de","14":"pa_gastronomie-kase","15":"pa_gastronomie-rindfleisch","16":"pa_jaar-2020-de","17":"pa_land-spanien","18":"pa_smaakprofiel-trocken-und-geschmeidig","19":"pa_streek-catalunya-de","20":"pa_wijnhuis-torres-de","21":"pa_wijnsoort-rotwein","23":"first","24":"outofstock","25":"taxable","26":"shipping-taxable","27":"purchasable","28":"product-type-simple"},"_links":{"self":[{"href":"https:\/\/www.globalwineries.nl\/de\/wp-json\/wp\/v2\/product\/31403","targetHints":{"allow":["GET"]}}],"collection":[{"href":"https:\/\/www.globalwineries.nl\/de\/wp-json\/wp\/v2\/product"}],"about":[{"href":"https:\/\/www.globalwineries.nl\/de\/wp-json\/wp\/v2\/types\/product"}],"replies":[{"embeddable":true,"href":"https:\/\/www.globalwineries.nl\/de\/wp-json\/wp\/v2\/comments?post=31403"}],"wp:attachment":[{"href":"https:\/\/www.globalwineries.nl\/de\/wp-json\/wp\/v2\/media?parent=31403"}],"wp:term":[{"taxonomy":"product_brand","embeddable":true,"href":"https:\/\/www.globalwineries.nl\/de\/wp-json\/wp\/v2\/product_brand?post=31403"},{"taxonomy":"product_cat","embeddable":true,"href":"https:\/\/www.globalwineries.nl\/de\/wp-json\/wp\/v2\/product_cat?post=31403"},{"taxonomy":"product_tag","embeddable":true,"href":"https:\/\/www.globalwineries.nl\/de\/wp-json\/wp\/v2\/product_tag?post=31403"}],"curies":[{"name":"wp","href":"https:\/\/api.w.org\/{rel}","templated":true}]}}