{"id":31435,"date":"2017-04-20T17:57:04","date_gmt":"2017-04-20T15:57:04","guid":{"rendered":"https:\/\/www.globalwineries.nl\/product\/cederberg-cabernet-sauvignon\/"},"modified":"2025-02-13T16:21:44","modified_gmt":"2025-02-13T15:21:44","slug":"cederberg-cabernet-sauvignon","status":"publish","type":"product","link":"https:\/\/www.globalwineries.nl\/de\/product\/cederberg-cabernet-sauvignon\/","title":{"rendered":"Cederberg Cabernet Sauvignon"},"content":{"rendered":"<p class=\"p1\"><span class=\"s1\">Cederberg Cabernet Sauvignon aus S\u00fcdafrika. Konzentrierte schwarze Johannisbeeren wie Cassis und Heidelbeeren mit einem subtilen Unterton von Minze. Die sorgf\u00e4ltige Verwendung von Eichenf\u00e4ssern verleiht diesem komplexen Wein Noten von Tabak, Vanille und R\u00f6staromen. Ein Beispiel f\u00fcr einen sch\u00f6n strukturierten Cabernet Sauvignon aus S\u00fcdafrika.<\/span><\/p>\n<p>Cabernet Sauvignon ist vor allem in Bordeaux bekannt, wo er zusammen mit Merlot und Cabernet Franc erstklassige Weine hervorbringt. Zum Reifen braucht es viel Hitze, sonst wird es gr\u00fcn und saftig mit einem Geschmack nach gr\u00fcnem Pfeffer. Zu viel Hitze macht es weich und marmeladeartig, mit einem Geschmack nach schwarzen Johannisbeeren. Cabernet Sauvignon bringt sehr aromatische Weine mit D\u00fcften von schwarzer Johannisbeere, Vanille, Gew\u00fcrzen (Pfeffer), Tabak, Pflaume, Kirsche, ger\u00f6stetem Brot und Zeder hervor. Die Weine sind in der Regel lange haltbar, haben viel Tannin und m\u00fcssen grunds\u00e4tzlich im Barrique reifen.        <\/p>\n<p><iframe loading=\"lazy\" title=\"Cederberg: Cabernet Sauvignon\" width=\"1020\" height=\"574\" src=\"https:\/\/www.youtube.com\/embed\/mCuTjjSI9s0?feature=oembed\" frameborder=\"0\" allow=\"accelerometer; autoplay; clipboard-write; encrypted-media; gyroscope; picture-in-picture\" allowfullscreen><\/iframe><\/p>\n","protected":false},"excerpt":{"rendered":"<p>Cederberg Cabernet Sauvignon<\/p>\n","protected":false},"featured_media":31437,"comment_status":"open","ping_status":"closed","template":"","meta":{"_joinchat":[]},"product_brand":[],"product_cat":[4253,5057],"product_tag":[4913,5794,5060],"class_list":{"0":"post-31435","1":"product","2":"type-product","3":"status-publish","4":"has-post-thumbnail","6":"product_cat-rotwein","7":"product_cat-sudafrika","8":"product_tag-cabernet-sauvignon-de","9":"product_tag-cederberg-de","10":"product_tag-sudafrika","11":"product_shipping_class-wijnfles-de","12":"pa_druivensoort-cabernet-sauvignon-de","13":"pa_gastronomie-bbq-de","14":"pa_gastronomie-rotes-fleisch","15":"pa_jaar-2022-de","16":"pa_land-sudafrika","17":"pa_smaakprofiel-trocken-und-geschmeidig","18":"pa_streek-cederberg-de","19":"pa_wijnhuis-cederberg-de","20":"pa_wijnsoort-rotwein","22":"first","23":"instock","24":"taxable","25":"shipping-taxable","26":"purchasable","27":"product-type-simple"},"_links":{"self":[{"href":"https:\/\/www.globalwineries.nl\/de\/wp-json\/wp\/v2\/product\/31435","targetHints":{"allow":["GET"]}}],"collection":[{"href":"https:\/\/www.globalwineries.nl\/de\/wp-json\/wp\/v2\/product"}],"about":[{"href":"https:\/\/www.globalwineries.nl\/de\/wp-json\/wp\/v2\/types\/product"}],"replies":[{"embeddable":true,"href":"https:\/\/www.globalwineries.nl\/de\/wp-json\/wp\/v2\/comments?post=31435"}],"wp:featuredmedia":[{"embeddable":true,"href":"https:\/\/www.globalwineries.nl\/de\/wp-json\/wp\/v2\/media\/31437"}],"wp:attachment":[{"href":"https:\/\/www.globalwineries.nl\/de\/wp-json\/wp\/v2\/media?parent=31435"}],"wp:term":[{"taxonomy":"product_brand","embeddable":true,"href":"https:\/\/www.globalwineries.nl\/de\/wp-json\/wp\/v2\/product_brand?post=31435"},{"taxonomy":"product_cat","embeddable":true,"href":"https:\/\/www.globalwineries.nl\/de\/wp-json\/wp\/v2\/product_cat?post=31435"},{"taxonomy":"product_tag","embeddable":true,"href":"https:\/\/www.globalwineries.nl\/de\/wp-json\/wp\/v2\/product_tag?post=31435"}],"curies":[{"name":"wp","href":"https:\/\/api.w.org\/{rel}","templated":true}]}}