{"id":31479,"date":"2017-07-07T11:24:52","date_gmt":"2017-07-07T09:24:52","guid":{"rendered":"https:\/\/www.globalwineries.nl\/product\/casa-carmela-monastrell-barrica-2015-magnum\/"},"modified":"2024-10-04T09:17:10","modified_gmt":"2024-10-04T07:17:10","slug":"casa-carmela-monastrell-barrica-magnum","status":"publish","type":"product","link":"https:\/\/www.globalwineries.nl\/de\/product\/casa-carmela-monastrell-barrica-magnum\/","title":{"rendered":"Casa Carmela Monastrell Barrica &#8211; MAGNUM"},"content":{"rendered":"<p>Casa Carmela Monastrell Barrica. Magnum aus D.O. Yecla, Spanien.  In der Nase Aromen reifer roter Fr\u00fcchte, s\u00fc\u00dfe Gew\u00fcrze (Lakritze). Es hat sehr elegante und integrierte Holztasten. Der Wein ist ausgewogen, frisch, mit eleganten weichen Tanninen und guter S\u00e4ure. Monastrell: ist eine blaue Traube (besser bekannt unter ihrem franz\u00f6sischen Namen Mourv\u00e8dre) von angemessener Qualit\u00e4t aus Spanien, Yecla und der Levante. Liefert zuverl\u00e4ssige Ernten und scheint resistent gegen die von Vitis vinifera-Trauben so gef\u00fcrchtete Reblaus zu sein. Die Weine aus Monastrell sind etwas kr\u00e4ftiger, trockener und fester als die aus Garnacha. Au\u00dfer im S\u00fcden Spaniens (Yecla und Jumilla), wo diese Traube haupts\u00e4chlich unverschnitten vinifiziert wird, werden Monastrell-Weine mit anderen Sorten verschnitten, um ausgewogene Cuv\u00e9es zu erzeugen.    <a href=\"https:\/\/www.youtube.com\/watch?v=rzdZ4f11LnM&amp;feature=youtu.be\" target=\"_blank\" rel=\"noopener\">TREFFEN SIE DEN WEINMACHER<\/a><\/p>\n","protected":false},"excerpt":{"rendered":"<p>Casa Carmela Monastrell Barrica<\/p>\n","protected":false},"featured_media":31481,"comment_status":"open","ping_status":"closed","template":"","meta":{"_joinchat":[]},"product_brand":[],"product_cat":[5042,4253,4879,6084],"product_tag":[6041,6054,5050,5079,4883],"class_list":{"0":"post-31479","1":"product","2":"type-product","3":"status-publish","4":"has-post-thumbnail","6":"product_cat-magnum-de","7":"product_cat-rotwein","8":"product_cat-spanien","9":"product_cat-surprise-box-de","10":"product_tag-casa-carmela-de","11":"product_tag-d-o-yecla-de","12":"product_tag-magnum-de","13":"product_tag-monastrell-de","14":"product_tag-spanien","15":"product_shipping_class-wijnfles-de","16":"pa_druivensoort-monastrell-de","17":"pa_druivensoort-mourverdre-de","18":"pa_gastronomie-eintopf","19":"pa_gastronomie-lammfleisch","20":"pa_gastronomie-rindfleisch","21":"pa_jaar-2020-de","22":"pa_land-spanien","23":"pa_smaakprofiel-voll-und-kraftvoll","24":"pa_streek-do-yecla-de","25":"pa_wijnhuis-casa-carmela-de","26":"pa_wijnsoort-rotwein","28":"first","29":"outofstock","30":"taxable","31":"shipping-taxable","32":"purchasable","33":"product-type-simple"},"_links":{"self":[{"href":"https:\/\/www.globalwineries.nl\/de\/wp-json\/wp\/v2\/product\/31479","targetHints":{"allow":["GET"]}}],"collection":[{"href":"https:\/\/www.globalwineries.nl\/de\/wp-json\/wp\/v2\/product"}],"about":[{"href":"https:\/\/www.globalwineries.nl\/de\/wp-json\/wp\/v2\/types\/product"}],"replies":[{"embeddable":true,"href":"https:\/\/www.globalwineries.nl\/de\/wp-json\/wp\/v2\/comments?post=31479"}],"wp:featuredmedia":[{"embeddable":true,"href":"https:\/\/www.globalwineries.nl\/de\/wp-json\/wp\/v2\/media\/31481"}],"wp:attachment":[{"href":"https:\/\/www.globalwineries.nl\/de\/wp-json\/wp\/v2\/media?parent=31479"}],"wp:term":[{"taxonomy":"product_brand","embeddable":true,"href":"https:\/\/www.globalwineries.nl\/de\/wp-json\/wp\/v2\/product_brand?post=31479"},{"taxonomy":"product_cat","embeddable":true,"href":"https:\/\/www.globalwineries.nl\/de\/wp-json\/wp\/v2\/product_cat?post=31479"},{"taxonomy":"product_tag","embeddable":true,"href":"https:\/\/www.globalwineries.nl\/de\/wp-json\/wp\/v2\/product_tag?post=31479"}],"curies":[{"name":"wp","href":"https:\/\/api.w.org\/{rel}","templated":true}]}}