{"id":31774,"date":"2017-04-20T17:59:12","date_gmt":"2017-04-20T15:59:12","guid":{"rendered":"https:\/\/www.globalwineries.nl\/product\/cederberg-sauvignon-blanc\/"},"modified":"2025-02-13T17:01:21","modified_gmt":"2025-02-13T16:01:21","slug":"cederberg-sauvignon-blanc","status":"publish","type":"product","link":"https:\/\/www.globalwineries.nl\/de\/product\/cederberg-sauvignon-blanc\/","title":{"rendered":"Cederberg Sauvignon Blanc"},"content":{"rendered":"<p class=\"p1\"><span class=\"s1\">Cederberg Sauvignon Blanc aus S\u00fcdafrika. Dank der hohen und k\u00fchlen Lage der Cederberg-Weinberge k\u00f6nnen hier k\u00f6stliche, frische Wei\u00dfweine hergestellt werden. So wie dieser Sauvignon, der mit so wenig Sauerstoff wie m\u00f6glich hergestellt wird. Auch die Weinbereitung ist modern, mit einer k\u00fchlen Mazeration und G\u00e4rung. Zitrusnoten, Stachelbeeren und reife Fr\u00fcchte im Aroma und ein saftiger, schmackhafter, frischer und trockener Geschmack. Sch\u00f6ner Sauvignon aus der Neuen Welt.<\/span><\/p>\n<p><iframe loading=\"lazy\" title=\"Cederberg: Sauvignon Blanc\" width=\"1020\" height=\"574\" src=\"https:\/\/www.youtube.com\/embed\/Cf8hhKjzVfg?feature=oembed\" frameborder=\"0\" allow=\"accelerometer; autoplay; clipboard-write; encrypted-media; gyroscope; picture-in-picture\" allowfullscreen><\/iframe><\/p>\n","protected":false},"excerpt":{"rendered":"<p>Cederberg Sauvignon Blanc<\/p>\n","protected":false},"featured_media":16645,"comment_status":"open","ping_status":"closed","template":"","meta":{"_joinchat":[]},"product_brand":[],"product_cat":[5057,4836],"product_tag":[6122,5794,4980,5060],"class_list":{"0":"post-31774","1":"product","2":"type-product","3":"status-publish","4":"has-post-thumbnail","6":"product_cat-sudafrika","7":"product_cat-weisswein","8":"product_tag-2018-de","9":"product_tag-cederberg-de","10":"product_tag-sauvignon-blanc-de","11":"product_tag-sudafrika","12":"product_shipping_class-wijnfles-de","13":"pa_druivensoort-sauvignon-blanc-de","14":"pa_gastronomie-fisch","15":"pa_gastronomie-krustentiere-und-schalentiere","16":"pa_jaar-2024-de","17":"pa_land-sudafrika","18":"pa_smaakprofiel-lebendig-frisch","19":"pa_streek-cederberg-de","20":"pa_wijnhuis-cederberg-de","21":"pa_wijnsoort-weisswein","23":"first","24":"instock","25":"taxable","26":"shipping-taxable","27":"purchasable","28":"product-type-simple"},"_links":{"self":[{"href":"https:\/\/www.globalwineries.nl\/de\/wp-json\/wp\/v2\/product\/31774","targetHints":{"allow":["GET"]}}],"collection":[{"href":"https:\/\/www.globalwineries.nl\/de\/wp-json\/wp\/v2\/product"}],"about":[{"href":"https:\/\/www.globalwineries.nl\/de\/wp-json\/wp\/v2\/types\/product"}],"replies":[{"embeddable":true,"href":"https:\/\/www.globalwineries.nl\/de\/wp-json\/wp\/v2\/comments?post=31774"}],"wp:featuredmedia":[{"embeddable":true,"href":"https:\/\/www.globalwineries.nl\/de\/wp-json\/wp\/v2\/media\/16645"}],"wp:attachment":[{"href":"https:\/\/www.globalwineries.nl\/de\/wp-json\/wp\/v2\/media?parent=31774"}],"wp:term":[{"taxonomy":"product_brand","embeddable":true,"href":"https:\/\/www.globalwineries.nl\/de\/wp-json\/wp\/v2\/product_brand?post=31774"},{"taxonomy":"product_cat","embeddable":true,"href":"https:\/\/www.globalwineries.nl\/de\/wp-json\/wp\/v2\/product_cat?post=31774"},{"taxonomy":"product_tag","embeddable":true,"href":"https:\/\/www.globalwineries.nl\/de\/wp-json\/wp\/v2\/product_tag?post=31774"}],"curies":[{"name":"wp","href":"https:\/\/api.w.org\/{rel}","templated":true}]}}