{"id":32026,"date":"2022-03-21T20:11:03","date_gmt":"2022-03-21T19:11:03","guid":{"rendered":"https:\/\/www.globalwineries.nl\/product\/mount-riley-pinot-gris\/"},"modified":"2024-10-23T20:16:16","modified_gmt":"2024-10-23T18:16:16","slug":"mount-riley-pinot-gris","status":"publish","type":"product","link":"https:\/\/www.globalwineries.nl\/de\/product\/mount-riley-pinot-gris\/","title":{"rendered":"Mount Riley Pinot Gris"},"content":{"rendered":"<p>Mount Riley Pinot Gris aus Marlborough, Neuseeland. Ein heller Grauburgunder mit einem frischen und lebendigen Bouquet von reifem Steinobst und fruchtigen Aromen. Er hat eine reiche Struktur und sch\u00f6n ausgewogene S\u00e4uren. Die Trauben wurden in der Nacht geerntet und stammen aus dem Wairau Valley und Awatere. 10 % dieses Weins wurden in Eichenholz vergoren und gewannen so gen\u00fcgend Kraft, um den anderen 90 % zugesetzt zu werden. K\u00f6stlich zu Fisch, hellem Fleisch und Gefl\u00fcgelgerichten mit leichten So\u00dfen. Auch sehr empfehlenswert zu asiatischen Gerichten mit Huhn.<\/p>\n<p>Pinot Gris, die Trauben nehmen bei Vollreife eine hellrosa-graue Farbe an. Der Charakter reicht von \u00fcppig und kr\u00e4ftig bis leicht und lebhaft. Der Grauburgunder verleiht dem Wein W\u00fcrze. Im Elsass wird Pinot Gris sp\u00e4t geerntet und zu einem reichen, komplexen Wein verarbeitet.   <span class=\"Apple-converted-space\">  <\/span>In Italien, wo die Traube Pinot Grigio hei\u00dft, wird sie fr\u00fch geerntet und ergibt einen lebendigen, frischen Wein. Die Traube ist auch in Deutschland erfolgreich und wird zur Herstellung von Weinen im els\u00e4ssischen Stil und mit halbtrockenem Geschmack verwendet. Hier wird die Traube Rul\u00e4nder, grauer Burgunder oder Grauklevner genannt. Rul\u00e4nder ist im badischen Weinbaugebiet weit verbreitet.   <\/p>\n","protected":false},"excerpt":{"rendered":"<p>Mount Riley Pinot Gris<\/p>\n","protected":false},"featured_media":32024,"comment_status":"open","ping_status":"closed","template":"","meta":{"_joinchat":[]},"product_brand":[],"product_cat":[4836,5395],"product_tag":[5824,5825,5826,5745],"class_list":{"0":"post-32026","1":"product","2":"type-product","3":"status-publish","4":"has-post-thumbnail","6":"product_cat-weisswein","7":"product_cat-neuseeland","8":"product_tag-marlborough-de","9":"product_tag-mount-riley-de","10":"product_tag-neuseeland","11":"product_tag-pinot-gris-de","12":"product_shipping_class-wijnfles-de","13":"pa_druivensoort-pinot-gris-de","14":"pa_gastronomie-asiatische-gerichte","15":"pa_gastronomie-huhn","16":"pa_jaar-2024-de","17":"pa_land-neuseeland","18":"pa_smaakprofiel-lebendig-frisch","19":"pa_streek-marlborough-de","20":"pa_wijnhuis-mount-riley-de","21":"pa_wijnsoort-weisswein","23":"first","24":"instock","25":"taxable","26":"shipping-taxable","27":"purchasable","28":"product-type-simple"},"_links":{"self":[{"href":"https:\/\/www.globalwineries.nl\/de\/wp-json\/wp\/v2\/product\/32026","targetHints":{"allow":["GET"]}}],"collection":[{"href":"https:\/\/www.globalwineries.nl\/de\/wp-json\/wp\/v2\/product"}],"about":[{"href":"https:\/\/www.globalwineries.nl\/de\/wp-json\/wp\/v2\/types\/product"}],"replies":[{"embeddable":true,"href":"https:\/\/www.globalwineries.nl\/de\/wp-json\/wp\/v2\/comments?post=32026"}],"wp:featuredmedia":[{"embeddable":true,"href":"https:\/\/www.globalwineries.nl\/de\/wp-json\/wp\/v2\/media\/32024"}],"wp:attachment":[{"href":"https:\/\/www.globalwineries.nl\/de\/wp-json\/wp\/v2\/media?parent=32026"}],"wp:term":[{"taxonomy":"product_brand","embeddable":true,"href":"https:\/\/www.globalwineries.nl\/de\/wp-json\/wp\/v2\/product_brand?post=32026"},{"taxonomy":"product_cat","embeddable":true,"href":"https:\/\/www.globalwineries.nl\/de\/wp-json\/wp\/v2\/product_cat?post=32026"},{"taxonomy":"product_tag","embeddable":true,"href":"https:\/\/www.globalwineries.nl\/de\/wp-json\/wp\/v2\/product_tag?post=32026"}],"curies":[{"name":"wp","href":"https:\/\/api.w.org\/{rel}","templated":true}]}}