{"id":32385,"date":"2022-07-08T12:52:58","date_gmt":"2022-07-08T10:52:58","guid":{"rendered":"https:\/\/www.globalwineries.nl\/product\/azienda-vitivinicola-mo-barbera-dasti-viva-docg\/"},"modified":"2024-10-23T09:21:02","modified_gmt":"2024-10-23T07:21:02","slug":"azienda-vitivinicola-mo-barbera-dasti-viva-docg","status":"publish","type":"product","link":"https:\/\/www.globalwineries.nl\/de\/product\/azienda-vitivinicola-mo-barbera-dasti-viva-docg\/","title":{"rendered":"Azienda Vitivinicola MO Barbera d&#8217;Asti Viva DOCG"},"content":{"rendered":"<p>Barbera nach MO aus Piemont, Italien. Die passionierte Arbeit einer Familie, die seit \u00fcber einem Jahrhundert die Weinberge von Vater zu Sohn weiterf\u00fchrt. Die junge Generation schenkt dem Prozess der Weinherstellung mit traditionellen Anbaumethoden und nat\u00fcrlichen Technologien ohne den Einsatz von Herbiziden und chemischen D\u00fcngemitteln sowie den Prozessen der Weinbereitung und der Abf\u00fcllung gro\u00dfe Aufmerksamkeit. Dieser &#8222;Viva&#8220; wird aus Barbera hergestellt und ist nach Davides Gro\u00dfmutter benannt, die ihr ganzes Leben lang in den Weinbergen gearbeitet hat. Es ist ein leuchtend rubinroter Wein mit einer intensiven Nase. Im Mund trocken und kr\u00e4ftig, sch\u00f6n ausgewogen mit der typischen Frische. Passt gut zu roten und wei\u00dfen Fleischgerichten, Gefl\u00fcgel und nicht zu reifem K\u00e4se. Die Weinberge befinden sich in Cisterna, an einem sonnigen Hang mit sandigem Boden.<\/p>\n<p>Barbera ist au\u00dferhalb Italiens nach Nebbiolo als zweitbeste blaue Rebsorte des Piemonts bekannt, in Italien gilt die Barbera jedoch als vielseitige Traube. Es wird angenommen, dass diese Traube aus den Monferrato-H\u00fcgeln im Zentrum des Piemont stammt und dort noch immer in den besten Lagen auf etwa der H\u00e4lfte der Weinberge des Piemonts angebaut wird. In den 1960er Jahren war diese piemontesische Weintraube besonders in der Provinz Agrigent beliebt. Die dunkelblau gef\u00e4rbten Trauben ergeben einen kr\u00e4ftigen Rotwein, der gerne in Kombination mit anderen Sorten wie der Calabrese verwendet wird. Lokale Namen sind Barbera d&#8217;asti, Barbera dolce, Barbera fine, Barbera forte, Barbera grossa, Barbera riccia und Barbera vera. Zu den Urspr\u00fcngen: Barbera wird im Piemont erst Ende des 18. Jahrhunderts erw\u00e4hnt und DNA-Analysen machen eine Verwandtschaft mit Mourv\u00e8dre plausibel.    <\/p>\n<div style=\"width: 1020px;\" class=\"wp-video\"><video class=\"wp-video-shortcode\" id=\"video-32385-1\" width=\"1020\" height=\"574\" preload=\"metadata\" controls=\"controls\"><source type=\"video\/mp4\" src=\"https:\/\/www.globalwineries.nl\/wp-content\/uploads\/2022\/07\/MO.mp4?_=1\" \/><a href=\"https:\/\/www.globalwineries.nl\/wp-content\/uploads\/2022\/07\/MO.mp4\">https:\/\/www.globalwineries.nl\/wp-content\/uploads\/2022\/07\/MO.mp4<\/a><\/video><\/div>\n","protected":false},"excerpt":{"rendered":"<p>Azienda Vitivinicola MO Barbera d&#8217;Asti Viva DOCG<\/p>\n","protected":false},"featured_media":32377,"comment_status":"open","ping_status":"closed","template":"","meta":{"_joinchat":[]},"product_brand":[],"product_cat":[4967,4969,4252,4253],"product_tag":[5574,4256,6272,4961],"class_list":{"0":"post-32385","1":"product","2":"type-product","3":"status-publish","4":"has-post-thumbnail","6":"product_cat-biologisch-de","7":"product_cat-boutique-winery-de","8":"product_cat-italien","9":"product_cat-rotwein","10":"product_tag-barbera-de","11":"product_tag-italien","12":"product_tag-mo-de","13":"product_tag-piemonte-de","14":"product_shipping_class-wijnfles-de","15":"pa_druivensoort-barbera-de","16":"pa_gastronomie-geflugel","17":"pa_gastronomie-gegrilltes-lammfleisch","18":"pa_jaar-2024-de","19":"pa_land-italien","20":"pa_smaakprofiel-komplex-und-voll","21":"pa_streek-piemonte-de","22":"pa_wijnhuis-azienda-vitivinicola-mo-de","23":"pa_wijnsoort-rotwein","25":"first","26":"instock","27":"taxable","28":"shipping-taxable","29":"purchasable","30":"product-type-simple"},"_links":{"self":[{"href":"https:\/\/www.globalwineries.nl\/de\/wp-json\/wp\/v2\/product\/32385","targetHints":{"allow":["GET"]}}],"collection":[{"href":"https:\/\/www.globalwineries.nl\/de\/wp-json\/wp\/v2\/product"}],"about":[{"href":"https:\/\/www.globalwineries.nl\/de\/wp-json\/wp\/v2\/types\/product"}],"replies":[{"embeddable":true,"href":"https:\/\/www.globalwineries.nl\/de\/wp-json\/wp\/v2\/comments?post=32385"}],"wp:featuredmedia":[{"embeddable":true,"href":"https:\/\/www.globalwineries.nl\/de\/wp-json\/wp\/v2\/media\/32377"}],"wp:attachment":[{"href":"https:\/\/www.globalwineries.nl\/de\/wp-json\/wp\/v2\/media?parent=32385"}],"wp:term":[{"taxonomy":"product_brand","embeddable":true,"href":"https:\/\/www.globalwineries.nl\/de\/wp-json\/wp\/v2\/product_brand?post=32385"},{"taxonomy":"product_cat","embeddable":true,"href":"https:\/\/www.globalwineries.nl\/de\/wp-json\/wp\/v2\/product_cat?post=32385"},{"taxonomy":"product_tag","embeddable":true,"href":"https:\/\/www.globalwineries.nl\/de\/wp-json\/wp\/v2\/product_tag?post=32385"}],"curies":[{"name":"wp","href":"https:\/\/api.w.org\/{rel}","templated":true}]}}