{"id":32387,"date":"2022-07-08T12:45:54","date_gmt":"2022-07-08T10:45:54","guid":{"rendered":"https:\/\/www.globalwineries.nl\/product\/azienda-vitivinicola-mo-langhe-dolcetto-doc\/"},"modified":"2024-10-23T09:25:58","modified_gmt":"2024-10-23T07:25:58","slug":"azienda-vitivinicola-mo-langhe-dolcetto-doc","status":"publish","type":"product","link":"https:\/\/www.globalwineries.nl\/de\/product\/azienda-vitivinicola-mo-langhe-dolcetto-doc\/","title":{"rendered":"Azienda Vitivinicola MO Langhe Dolcetto DOC"},"content":{"rendered":"<p>Azienda Vitivinicola MO Langhe Dolcetto DOC aus dem Piemont, Italien. Die Leidenschaft dieser Familie wird seit \u00fcber einem Jahrhundert vom Vater an den Sohn weitergegeben. Die Familie verwendet nur die besten Trauben f\u00fcr die Produktion. Der Anbau ist recht traditionell und es werden keine Herbizide oder D\u00fcngemittel verwendet. Der Dolcetto hat eine sch\u00f6ne rubinrote Farbe, einen angenehmen Weinduft, einen aromatischen Geschmack und weiche Tannine. Der Dolcetto ist eine blaue Rebsorte aus dem Piemont, die ihren Ursprung in den H\u00fcgeln der Langhe hat, genauer gesagt in Dogliani, s\u00fcdlich des Barolo-Gebiets. Der Dolcetto hat eine sch\u00f6ne rubinrote Farbe, einen angenehmen Weinduft, einen aromatischen Geschmack und weiche Tannine.<\/p>\n<p>Dolcetto ist eine fr\u00fch reifende blaue Traube. Diese Traube ist insbesondere f\u00fcr Norditalien und das Piemont typisch. Dolcetto bedeutet \u201ekleine S\u00fc\u00dfe\u201c. Die Traube ergibt einen trockenen Rotwein mit oft kr\u00e4ftigen Tanninen, der insbesondere nach dem Ausbau im Holz \u00fcber Jahre lagerf\u00e4hig ist. Im Piemont gibt es mehrere DOC(G)s, bei denen Dolcetto die wichtigste Rebsorte ist. Dies sind Alba, Asti, Acqui, Langhe, Monregalesi, Ovada, Diano d&#8217;Alba und Dogliani. Generell gilt der Wein Dolcetto di Dogliani (neuerma\u00dfen: Dogliani) als der beste. Diese Traube ergibt einen Wein mit relativ geringem S\u00e4uregehalt und weichen Tanninen, w\u00e4hrend sie Aromen von vielen schwarzen Fr\u00fcchten, Kaffee und sicherlich einem Hauch von Veilchen aufweist. Der Wein passt gut zu Pasta und Tomatensauce, Lamm und Hartk\u00e4se wie Pecorino. In Ligurien, wo diese Traube besser als \u201eOrmeasco\u201c bekannt ist, finden wir die Traube, deren Aroma viel weniger fruchtig ist und die im Geschmack viel erdiger ist.         <\/p>\n<p>&nbsp;<\/p>\n<div style=\"width: 1020px;\" class=\"wp-video\"><video class=\"wp-video-shortcode\" id=\"video-32387-1\" width=\"1020\" height=\"574\" preload=\"metadata\" controls=\"controls\"><source type=\"video\/mp4\" src=\"https:\/\/www.globalwineries.nl\/wp-content\/uploads\/2022\/07\/MO-1.mp4?_=1\" \/><a href=\"https:\/\/www.globalwineries.nl\/wp-content\/uploads\/2022\/07\/MO-1.mp4\">https:\/\/www.globalwineries.nl\/wp-content\/uploads\/2022\/07\/MO-1.mp4<\/a><\/video><\/div>\n","protected":false},"excerpt":{"rendered":"<p>Azienda Vitivinicola MO Langhe Dolcetto DOC<\/p>\n","protected":false},"featured_media":32373,"comment_status":"open","ping_status":"closed","template":"","meta":{"_joinchat":[]},"product_brand":[],"product_cat":[4967,4969,4252,4253],"product_tag":[5651,4256,6272,4961],"class_list":{"0":"post-32387","1":"product","2":"type-product","3":"status-publish","4":"has-post-thumbnail","6":"product_cat-biologisch-de","7":"product_cat-boutique-winery-de","8":"product_cat-italien","9":"product_cat-rotwein","10":"product_tag-dolcetto-de","11":"product_tag-italien","12":"product_tag-mo-de","13":"product_tag-piemonte-de","14":"product_shipping_class-wijnfles-de","15":"pa_druivensoort-dolcetto-de","16":"pa_gastronomie-gegrilltes-weises-fleisch","17":"pa_gastronomie-pilze","18":"pa_jaar-2021-de","19":"pa_land-italien","20":"pa_smaakprofiel-voll-rund","21":"pa_streek-piemonte-de","22":"pa_wijnhuis-azienda-vitivinicola-mo-de","24":"first","25":"instock","26":"taxable","27":"shipping-taxable","28":"purchasable","29":"product-type-simple"},"_links":{"self":[{"href":"https:\/\/www.globalwineries.nl\/de\/wp-json\/wp\/v2\/product\/32387","targetHints":{"allow":["GET"]}}],"collection":[{"href":"https:\/\/www.globalwineries.nl\/de\/wp-json\/wp\/v2\/product"}],"about":[{"href":"https:\/\/www.globalwineries.nl\/de\/wp-json\/wp\/v2\/types\/product"}],"replies":[{"embeddable":true,"href":"https:\/\/www.globalwineries.nl\/de\/wp-json\/wp\/v2\/comments?post=32387"}],"wp:featuredmedia":[{"embeddable":true,"href":"https:\/\/www.globalwineries.nl\/de\/wp-json\/wp\/v2\/media\/32373"}],"wp:attachment":[{"href":"https:\/\/www.globalwineries.nl\/de\/wp-json\/wp\/v2\/media?parent=32387"}],"wp:term":[{"taxonomy":"product_brand","embeddable":true,"href":"https:\/\/www.globalwineries.nl\/de\/wp-json\/wp\/v2\/product_brand?post=32387"},{"taxonomy":"product_cat","embeddable":true,"href":"https:\/\/www.globalwineries.nl\/de\/wp-json\/wp\/v2\/product_cat?post=32387"},{"taxonomy":"product_tag","embeddable":true,"href":"https:\/\/www.globalwineries.nl\/de\/wp-json\/wp\/v2\/product_tag?post=32387"}],"curies":[{"name":"wp","href":"https:\/\/api.w.org\/{rel}","templated":true}]}}