{"id":32390,"date":"2022-07-08T12:38:26","date_gmt":"2022-07-08T10:38:26","guid":{"rendered":"https:\/\/www.globalwineries.nl\/product\/azienda-vitivinicola-mo-roero-arneis-la-pas-docg\/"},"modified":"2024-10-23T09:31:31","modified_gmt":"2024-10-23T07:31:31","slug":"azienda-vitivinicola-mo-roero-arneis-la-pas-docg","status":"publish","type":"product","link":"https:\/\/www.globalwineries.nl\/de\/product\/azienda-vitivinicola-mo-roero-arneis-la-pas-docg\/","title":{"rendered":"Azienda Vitivinicola MO Roero Arneis La Pas DOCG"},"content":{"rendered":"<p>Azienda Vitivinicola MO Roero Arneis La Pas DOCG aus dem Piemont, Italien. Die Leidenschaft dieser Familie, die die Weinberge seit mehr als einem Jahrhundert vom Vater auf den Sohn verwaltet, ist die junge Generation, die dem Prozess der Weinherstellung mit traditionellen Anbaumethoden und nat\u00fcrlichen Technologien ohne den Einsatz von Herbiziden und chemischen D\u00fcngemitteln, den Prozessen der Weinbereitung und der Abf\u00fcllung gro\u00dfe Aufmerksamkeit schenkt. Dieser Wein wird aus der Rebsorte Arneis hergestellt. Er ist intensiv strohgelb mit gr\u00fcnlichen Reflexen. Intensive Nase mit viel frischem Obst. Im Mund trocken, mit vielen Aromen und einer sch\u00f6nen Frische. Ideal als Aperitif, zu leichten Gerichten (z.B. Vitello Tonnato), Pasta mit Fisch oder Schalentieren, Pasta Carbonara und Fischgerichten.<\/p>\n<p>Arneis, auch Nebbiolo Bianco oder Bianchetta d&#8217;Alba genannt, ist eine autochthone wei\u00dfe Rebsorte aus dem Piemont. Die Traube ist an den H\u00e4ngen der H\u00fcgel im Roero- und Langhe-Gebiet besonders zu Hause. F\u00fcr Winzer ist es manchmal eine schwierige Traube, mit geringem Ertrag, fr\u00fcher Reife und recht anf\u00e4llig f\u00fcr Krankheiten, insbesondere Mehltau. Dar\u00fcber hinaus ist die Traube oxidationsempfindlich und enth\u00e4lt nur sehr wenig S\u00e4ure. Aber mit der richtigen Pflege im Weinberg und bei der Weinbereitung kann diese Traube sehr volle Weine mit einem weichen Pfirsichgeschmack und einem leicht bitteren Nachgeschmack hervorbringen. Diese Traube wird auch als Monovarietal f\u00fcr Methodo Classico-Weine verwendet. Arnies werden auch angebaut      <span class=\"Apple-converted-space\">  <\/span>Sardini\u00e9 en Australi\u00eb.<\/p>\n<p>&nbsp;<\/p>\n<div style=\"width: 1020px;\" class=\"wp-video\"><video class=\"wp-video-shortcode\" id=\"video-32390-1\" width=\"1020\" height=\"574\" preload=\"metadata\" controls=\"controls\"><source type=\"video\/mp4\" src=\"https:\/\/www.globalwineries.nl\/wp-content\/uploads\/2022\/07\/MO.mp4?_=1\" \/><a href=\"https:\/\/www.globalwineries.nl\/wp-content\/uploads\/2022\/07\/MO.mp4\">https:\/\/www.globalwineries.nl\/wp-content\/uploads\/2022\/07\/MO.mp4<\/a><\/video><\/div>\n","protected":false},"excerpt":{"rendered":"<p>Azienda Vitivinicola MO Roero Arneis La Pas DOCG<\/p>\n","protected":false},"featured_media":32369,"comment_status":"open","ping_status":"closed","template":"","meta":{"_joinchat":[]},"product_brand":[],"product_cat":[4967,4969,4252,4836],"product_tag":[4965,4256,6272,4961],"class_list":{"0":"post-32390","1":"product","2":"type-product","3":"status-publish","4":"has-post-thumbnail","6":"product_cat-biologisch-de","7":"product_cat-boutique-winery-de","8":"product_cat-italien","9":"product_cat-weisswein","10":"product_tag-arneis-de","11":"product_tag-italien","12":"product_tag-mo-de","13":"product_tag-piemonte-de","14":"product_shipping_class-wijnfles-de","15":"pa_druivensoort-arneis-de","16":"pa_gastronomie-aperitif","17":"pa_gastronomie-fisch","18":"pa_gastronomie-nudeln","19":"pa_jaar-2021-de","20":"pa_land-italien","21":"pa_smaakprofiel-intensiv-fruchtig","22":"pa_streek-piemonte-de","23":"pa_wijnhuis-azienda-vitivinicola-mo-de","24":"pa_wijnsoort-weisswein","26":"first","27":"instock","28":"taxable","29":"shipping-taxable","30":"purchasable","31":"product-type-simple"},"_links":{"self":[{"href":"https:\/\/www.globalwineries.nl\/de\/wp-json\/wp\/v2\/product\/32390","targetHints":{"allow":["GET"]}}],"collection":[{"href":"https:\/\/www.globalwineries.nl\/de\/wp-json\/wp\/v2\/product"}],"about":[{"href":"https:\/\/www.globalwineries.nl\/de\/wp-json\/wp\/v2\/types\/product"}],"replies":[{"embeddable":true,"href":"https:\/\/www.globalwineries.nl\/de\/wp-json\/wp\/v2\/comments?post=32390"}],"wp:featuredmedia":[{"embeddable":true,"href":"https:\/\/www.globalwineries.nl\/de\/wp-json\/wp\/v2\/media\/32369"}],"wp:attachment":[{"href":"https:\/\/www.globalwineries.nl\/de\/wp-json\/wp\/v2\/media?parent=32390"}],"wp:term":[{"taxonomy":"product_brand","embeddable":true,"href":"https:\/\/www.globalwineries.nl\/de\/wp-json\/wp\/v2\/product_brand?post=32390"},{"taxonomy":"product_cat","embeddable":true,"href":"https:\/\/www.globalwineries.nl\/de\/wp-json\/wp\/v2\/product_cat?post=32390"},{"taxonomy":"product_tag","embeddable":true,"href":"https:\/\/www.globalwineries.nl\/de\/wp-json\/wp\/v2\/product_tag?post=32390"}],"curies":[{"name":"wp","href":"https:\/\/api.w.org\/{rel}","templated":true}]}}