{"id":32532,"date":"2022-08-03T16:42:16","date_gmt":"2022-08-03T14:42:16","guid":{"rendered":"https:\/\/www.globalwineries.nl\/product\/geszler-ezerjo\/"},"modified":"2025-02-13T09:04:47","modified_gmt":"2025-02-13T08:04:47","slug":"geszler-ezerjo","status":"publish","type":"product","link":"https:\/\/www.globalwineries.nl\/de\/product\/geszler-ezerjo\/","title":{"rendered":"Geszler Ezerj\u00f3"},"content":{"rendered":"<p>Eszerjo von Geszler aus Mor, Hongarije. Frischer Wei\u00dfwein mit Aromen von Zitrusfr\u00fcchten und wei\u00dfem Steinobst. Sch\u00f6ner dichter Geschmack mit feinen S\u00e4uren, die f\u00fcr einen erfrischenden Nachgeschmack sorgen. K\u00f6stlich zu wei\u00dfen Fleischgerichten und Gnocci.<\/p>\n","protected":false},"excerpt":{"rendered":"<p>Eszerjo von Geszler aus Mor, Hongarije. Frischer Wei\u00dfwein mit Aromen von Zitrusfr\u00fcchten und wei\u00dfem Steinobst. Sch\u00f6ner dichter Geschmack mit feinen S\u00e4uren, die f\u00fcr einen erfrischenden Nachgeschmack sorgen. K\u00f6stlich zu wei\u00dfen Fleischgerichten und Gnocci.<\/p>\n","protected":false},"featured_media":32530,"comment_status":"open","ping_status":"closed","template":"","meta":{"_joinchat":[]},"product_brand":[],"product_cat":[4836],"product_tag":[6309,6310,6311,4944],"class_list":{"0":"post-32532","1":"product","2":"type-product","3":"status-publish","4":"has-post-thumbnail","6":"product_cat-weisswein","7":"product_tag-eszerjo-de","8":"product_tag-geszler-de","9":"product_tag-mor-de","10":"product_tag-ungarn","11":"product_shipping_class-wijnfles-de","12":"pa_druivensoort-eszerjo-de","13":"pa_gastronomie-aperitif-pasta-de","14":"pa_gastronomie-weises-fleisch","15":"pa_jaar-2021-de","16":"pa_land-ungarn","17":"pa_smaakprofiel-lebendig-frisch","18":"pa_streek-mor-de","19":"pa_wijnhuis-geszler-de","21":"first","22":"instock","23":"taxable","24":"shipping-taxable","25":"purchasable","26":"product-type-simple"},"_links":{"self":[{"href":"https:\/\/www.globalwineries.nl\/de\/wp-json\/wp\/v2\/product\/32532","targetHints":{"allow":["GET"]}}],"collection":[{"href":"https:\/\/www.globalwineries.nl\/de\/wp-json\/wp\/v2\/product"}],"about":[{"href":"https:\/\/www.globalwineries.nl\/de\/wp-json\/wp\/v2\/types\/product"}],"replies":[{"embeddable":true,"href":"https:\/\/www.globalwineries.nl\/de\/wp-json\/wp\/v2\/comments?post=32532"}],"wp:featuredmedia":[{"embeddable":true,"href":"https:\/\/www.globalwineries.nl\/de\/wp-json\/wp\/v2\/media\/32530"}],"wp:attachment":[{"href":"https:\/\/www.globalwineries.nl\/de\/wp-json\/wp\/v2\/media?parent=32532"}],"wp:term":[{"taxonomy":"product_brand","embeddable":true,"href":"https:\/\/www.globalwineries.nl\/de\/wp-json\/wp\/v2\/product_brand?post=32532"},{"taxonomy":"product_cat","embeddable":true,"href":"https:\/\/www.globalwineries.nl\/de\/wp-json\/wp\/v2\/product_cat?post=32532"},{"taxonomy":"product_tag","embeddable":true,"href":"https:\/\/www.globalwineries.nl\/de\/wp-json\/wp\/v2\/product_tag?post=32532"}],"curies":[{"name":"wp","href":"https:\/\/api.w.org\/{rel}","templated":true}]}}