{"id":32873,"date":"2022-08-31T15:06:41","date_gmt":"2022-08-31T13:06:41","guid":{"rendered":"https:\/\/www.globalwineries.nl\/product\/gilvesy-taranyi-rajnai-rizling\/"},"modified":"2024-10-21T13:10:04","modified_gmt":"2024-10-21T11:10:04","slug":"gilvesy-taranyi-rajnai-rizling","status":"publish","type":"product","link":"https:\/\/www.globalwineries.nl\/de\/product\/gilvesy-taranyi-rajnai-rizling\/","title":{"rendered":"Gilvesy Taranyi Rajnai Rizling"},"content":{"rendered":"<p>Gilvesy Taranyi Rajnai Rizling aus Badacsony, Ungarn. Lebhafte Aromen von Aprikose, Zitrusfr\u00fcchten und Pfeffer. Der Geschmack ist ebenfalls fruchtig, mit einer kr\u00e4ftigen Dosis Mineralit\u00e4t. Der Abgang ist raffiniert mit frischer S\u00e4ure. Vegetarische Gerichte, Fisch und orientalische Gerichte. Riesling ist eine sehr edle Rebsorte, die ihren Ursprung in Deutschland hat. Die Weinrebe wird hier noch immer weit verbreitet angebaut. Ein Missverst\u00e4ndnis ist, dass Riesling einen s\u00fc\u00dferen Wein hervorbringt. Trockene Rieslinge k\u00f6nnen feine, nuancierte Weine von gro\u00dfer Klasse sein. Auch im franz\u00f6sischen Elsass ist diese Traube seit Mitte des 19. Jahrhunderts ein Klassiker. Junge Rieslinge sind fruchtige, leichte Weine, die mit einer perfekten Harmonie zwischen s\u00fc\u00df und sauer \u00fcberraschen k\u00f6nnen. Ein reifer Riesling hat einen sehr \u00fcppigen, w\u00fcrzigen, \u00f6ligen (Petroleum) und honigartigen Geruch und Geschmack, mit einer klaren, super eleganten Zitrusnote in den besten Weinen.       <\/p>\n","protected":false},"excerpt":{"rendered":"<p>Gilvesy Taranyi Rajnai Rizling<\/p>\n","protected":false},"featured_media":32871,"comment_status":"open","ping_status":"closed","template":"","meta":{"_joinchat":[]},"product_brand":[],"product_cat":[4936,4836],"product_tag":[5949,6415,6421,4944],"class_list":{"0":"post-32873","1":"product","2":"type-product","3":"status-publish","4":"has-post-thumbnail","6":"product_cat-ungarn","7":"product_cat-weisswein","8":"product_tag-badacsony-de","9":"product_tag-gilvesy-de","10":"product_tag-rajnai-rizling-de","11":"product_tag-ungarn","12":"product_shipping_class-wijnfles-de","13":"pa_druivensoort-rajnaj-rizling-de","14":"pa_gastronomie-fisch","15":"pa_gastronomie-orientalisch","16":"pa_jaar-2019-de","17":"pa_land-ungarn","18":"pa_smaakprofiel-fruchtig-frisch","19":"pa_streek-badacsony-de","20":"pa_wijnhuis-gilvesy-de","21":"pa_wijnsoort-weisswein","23":"first","24":"instock","25":"taxable","26":"shipping-taxable","27":"purchasable","28":"product-type-simple"},"_links":{"self":[{"href":"https:\/\/www.globalwineries.nl\/de\/wp-json\/wp\/v2\/product\/32873","targetHints":{"allow":["GET"]}}],"collection":[{"href":"https:\/\/www.globalwineries.nl\/de\/wp-json\/wp\/v2\/product"}],"about":[{"href":"https:\/\/www.globalwineries.nl\/de\/wp-json\/wp\/v2\/types\/product"}],"replies":[{"embeddable":true,"href":"https:\/\/www.globalwineries.nl\/de\/wp-json\/wp\/v2\/comments?post=32873"}],"wp:featuredmedia":[{"embeddable":true,"href":"https:\/\/www.globalwineries.nl\/de\/wp-json\/wp\/v2\/media\/32871"}],"wp:attachment":[{"href":"https:\/\/www.globalwineries.nl\/de\/wp-json\/wp\/v2\/media?parent=32873"}],"wp:term":[{"taxonomy":"product_brand","embeddable":true,"href":"https:\/\/www.globalwineries.nl\/de\/wp-json\/wp\/v2\/product_brand?post=32873"},{"taxonomy":"product_cat","embeddable":true,"href":"https:\/\/www.globalwineries.nl\/de\/wp-json\/wp\/v2\/product_cat?post=32873"},{"taxonomy":"product_tag","embeddable":true,"href":"https:\/\/www.globalwineries.nl\/de\/wp-json\/wp\/v2\/product_tag?post=32873"}],"curies":[{"name":"wp","href":"https:\/\/api.w.org\/{rel}","templated":true}]}}