{"id":32967,"date":"2022-09-17T10:01:19","date_gmt":"2022-09-17T08:01:19","guid":{"rendered":"https:\/\/www.globalwineries.nl\/product\/saturno-branca-reserva\/"},"modified":"2025-02-12T22:07:13","modified_gmt":"2025-02-12T21:07:13","slug":"saturno-branca-reserva","status":"publish","type":"product","link":"https:\/\/www.globalwineries.nl\/de\/product\/saturno-branca-reserva\/","title":{"rendered":"Saturno Branco Reserva"},"content":{"rendered":"<p>Saturno Branca Reserva. Alvarinho, Arinto und Ant\u00e3o Vaz aus Alentejo, Portugal.  Blassgelbe Farbe mit gr\u00fcnen Reflexen. Sch\u00f6ne blumige Aromen wie Linden- und Orangenbl\u00fcten, die sich mit tropischen und exotischen Fr\u00fcchten verbinden. Fruchtiger Geschmack mit frischer S\u00e4ure, die f\u00fcr ein angenehmes Volumen am Gaumen sorgt. Harmonisch und lang anhaltend im Abgang, als Aperitif, zu nicht zu scharfen Fischgerichten und wei\u00dfem Fleisch.<\/p>\n<p>Qualit\u00e4tstraube aus Galizien, die nach Ansicht einiger vom Riesling abstammt. Dies ist jedoch nicht vollst\u00e4ndig bewiesen. Der Albari\u00f1o ist sicherlich die wichtigste Rebsorte der DO R\u00edas Baixas und hat zu Recht einen spektakul\u00e4ren Boom erlebt. Er ist einer der teuersten Wei\u00dfweine Spaniens. Im besten Fall haben Weine aus Albari\u00f1o sch\u00f6ne, pfirsichfarbene Fr\u00fcchte am Gaumen. Reichhaltig, aber nicht s\u00fc\u00df. Die meisten sind innerhalb von anderthalb Jahren nach der Ernte trinkfertig. Wenn man dem Albari\u00f1o die Chance gibt (indem er eine vollst\u00e4ndige malolaktische G\u00e4rung durchl\u00e4uft), kann er einen vollen, st\u00e4hlernen, trockenen Wein hervorbringen, der sich besonders elegant trinkt. Die Traube wird auf mannshohen Rebst\u00f6cken angebaut. Die Bel\u00fcftung durch den Atlantischen Ozean sch\u00fctzt die Traube vor Krankheiten und Frost. Eine erfolgreiche Qualit\u00e4tstraube, die vor allem in Galizien, insbesondere in R\u00edas Baixas, angebaut wird. Es ist auch die ber\u00fchmte Traube f\u00fcr den portugiesischen Vinhos Verdes namens Alvarinho.          <\/p>\n<p>Arinto, auch Padern\u00e0 genannt, ist eine der \u00e4ltesten einheimischen Rebsorten Portugals und stammt h\u00f6chstwahrscheinlich aus der Weinregion Bucelas n\u00f6rdlich von Lissabon. Arinto ist eine sp\u00e4t reifende wei\u00dfe Traube, die in ganz Portugal angebaut wird. In Bucelas ist es die wichtigste Traube und von dort stammt auch der beste Wein von Arinto, wo der Einfluss des Ozeans f\u00fcr elegante Weine sorgt. Charakteristisch f\u00fcr Arinto ist, dass diese Traube ihre S\u00e4ure auch in den schw\u00fclen Sommern S\u00fcdportugals behalten kann. Weitere Pluspunkte sind, dass es in der Flasche gut reift und, wenn es von Gott hergestellt wird, Finesse und eine attraktive Fruchtigkeit nach Zitrone und Pfirsich aufweist. im S\u00fcden Portugals angebaut. Es ist haupts\u00e4chlich f\u00fcr hei\u00dfe Bereiche gedacht.      <\/p>\n<p>Die Traube ist ziemlich krankheits- und d\u00fcrreresistent. Ant\u00e3o Vaz hat einen niedrigen S\u00e4uregehalt, einen hohen Alkoholgehalt und ist zitronenfarben und aromatisch. Die Traube eignet sich f\u00fcr den Ausbau in Eichenf\u00e4ssern. Die Traube wird oft mit Arinto kombiniert. Die Weine sind von geringer Bedeutung. Haupts\u00e4chlich im S\u00fcden Portugals in den Gebieten Alentejo, Estremadura und Terras do Sado angebaut.     <\/p>\n","protected":false},"excerpt":{"rendered":"<p>Saturno Branco Reserva<\/p>\n","protected":false},"featured_media":32965,"comment_status":"open","ping_status":"closed","template":"","meta":{"_joinchat":[]},"product_brand":[],"product_cat":[4895,4836],"product_tag":[6472,6473,6474,6475,4897,6476],"class_list":{"0":"post-32967","1":"product","2":"type-product","3":"status-publish","4":"has-post-thumbnail","6":"product_cat-portugal-de","7":"product_cat-weisswein","8":"product_tag-alentejo-de","9":"product_tag-alvarinho-de","10":"product_tag-antao-vaz-de","11":"product_tag-arinto-de","12":"product_tag-portugal-de","13":"product_tag-saturno-de","14":"product_shipping_class-wijnfles-de","15":"pa_druivensoort-alvarinho-de","16":"pa_druivensoort-antao-vas-de","17":"pa_druivensoort-arinto-de","18":"pa_gastronomie-aperitif","19":"pa_gastronomie-fisch","20":"pa_gastronomie-weises-fleisch","21":"pa_jaar-2021-de","22":"pa_land-portugal-de","23":"pa_smaakprofiel-intensiv-fruchtig","24":"pa_streek-alentejo-de","25":"pa_wijnhuis-saturno-de","26":"pa_wijnsoort-weisswein","28":"first","29":"instock","30":"taxable","31":"shipping-taxable","32":"purchasable","33":"product-type-simple"},"_links":{"self":[{"href":"https:\/\/www.globalwineries.nl\/de\/wp-json\/wp\/v2\/product\/32967","targetHints":{"allow":["GET"]}}],"collection":[{"href":"https:\/\/www.globalwineries.nl\/de\/wp-json\/wp\/v2\/product"}],"about":[{"href":"https:\/\/www.globalwineries.nl\/de\/wp-json\/wp\/v2\/types\/product"}],"replies":[{"embeddable":true,"href":"https:\/\/www.globalwineries.nl\/de\/wp-json\/wp\/v2\/comments?post=32967"}],"wp:featuredmedia":[{"embeddable":true,"href":"https:\/\/www.globalwineries.nl\/de\/wp-json\/wp\/v2\/media\/32965"}],"wp:attachment":[{"href":"https:\/\/www.globalwineries.nl\/de\/wp-json\/wp\/v2\/media?parent=32967"}],"wp:term":[{"taxonomy":"product_brand","embeddable":true,"href":"https:\/\/www.globalwineries.nl\/de\/wp-json\/wp\/v2\/product_brand?post=32967"},{"taxonomy":"product_cat","embeddable":true,"href":"https:\/\/www.globalwineries.nl\/de\/wp-json\/wp\/v2\/product_cat?post=32967"},{"taxonomy":"product_tag","embeddable":true,"href":"https:\/\/www.globalwineries.nl\/de\/wp-json\/wp\/v2\/product_tag?post=32967"}],"curies":[{"name":"wp","href":"https:\/\/api.w.org\/{rel}","templated":true}]}}