{"id":33129,"date":"2022-10-17T14:55:19","date_gmt":"2022-10-17T12:55:19","guid":{"rendered":"https:\/\/www.globalwineries.nl\/product\/saronsberg-viognier\/"},"modified":"2024-10-20T12:21:12","modified_gmt":"2024-10-20T10:21:12","slug":"saronsberg-viognier","status":"publish","type":"product","link":"https:\/\/www.globalwineries.nl\/de\/product\/saronsberg-viognier\/","title":{"rendered":"Saronsberg Viognier"},"content":{"rendered":"<p>Saronsberg Viognier aus Tulbagh, S\u00fcdafrika. Der Wein hat eine helle Strohfarbe und Aromen von Honig, Birne, Aprikose und zarten blumigen Noten. Er hat einen reichen, seidigen Geschmack mit subtilen Gew\u00fcrzen und gelben Fr\u00fcchten, leichter Eiche und einem ausgewogenen, frischen Abgang. Obwohl er 11 Monate in Eichenf\u00e4ssern gereift ist, m\u00f6chten wir einen Wein erzeugen, der noch lebendig und frisch ist, mit vielf\u00e4ltigen und delikaten Aromen, die die Feinheiten und die Finesse des Viogniers zeigen.<\/p>\n<p>Viognier, eine \u00e4u\u00dferst empfindliche wei\u00dfe Traube von sehr hoher Qualit\u00e4t, die die Grundlage f\u00fcr Ch\u00e2teau Grillet und Condrieu bildet. Auch in der roten C\u00f4te R\u00f4tie ist diese Traube bis zu 20 % erlaubt. Viognier produziert einen zarten, sanft duftenden Wei\u00dfwein. Immer mehr qualit\u00e4tsbewusste Winzer pflanzen Viognier an und steigern dadurch meist enorm die Qualit\u00e4t ihrer Wei\u00dfweine.<span class=\"Apple-converted-space\"> <\/span><\/p>\n","protected":false},"excerpt":{"rendered":"<p>Saronsberg Viognier<\/p>\n","protected":false},"featured_media":33122,"comment_status":"open","ping_status":"closed","template":"","meta":{"_joinchat":[]},"product_brand":[],"product_cat":[5057,4836],"product_tag":[6607,5060,6608,4864],"class_list":{"0":"post-33129","1":"product","2":"type-product","3":"status-publish","4":"has-post-thumbnail","6":"product_cat-sudafrika","7":"product_cat-weisswein","8":"product_tag-saronsberg-de","9":"product_tag-sudafrika","10":"product_tag-tulbagh-de","11":"product_tag-viognier-de","12":"product_shipping_class-wijnfles-de","13":"pa_druivensoort-viognier-de","14":"pa_gastronomie-geflugel","15":"pa_gastronomie-geraucherter-fisch","16":"pa_jaar-2022-de","17":"pa_land-sudafrika","18":"pa_smaakprofiel-trocken-und-frisch","19":"pa_streek-tulbagh-de","20":"pa_wijnhuis-saronsberg-de","21":"pa_wijnsoort-weisswein","23":"first","24":"instock","25":"taxable","26":"shipping-taxable","27":"purchasable","28":"product-type-simple"},"_links":{"self":[{"href":"https:\/\/www.globalwineries.nl\/de\/wp-json\/wp\/v2\/product\/33129","targetHints":{"allow":["GET"]}}],"collection":[{"href":"https:\/\/www.globalwineries.nl\/de\/wp-json\/wp\/v2\/product"}],"about":[{"href":"https:\/\/www.globalwineries.nl\/de\/wp-json\/wp\/v2\/types\/product"}],"replies":[{"embeddable":true,"href":"https:\/\/www.globalwineries.nl\/de\/wp-json\/wp\/v2\/comments?post=33129"}],"wp:featuredmedia":[{"embeddable":true,"href":"https:\/\/www.globalwineries.nl\/de\/wp-json\/wp\/v2\/media\/33122"}],"wp:attachment":[{"href":"https:\/\/www.globalwineries.nl\/de\/wp-json\/wp\/v2\/media?parent=33129"}],"wp:term":[{"taxonomy":"product_brand","embeddable":true,"href":"https:\/\/www.globalwineries.nl\/de\/wp-json\/wp\/v2\/product_brand?post=33129"},{"taxonomy":"product_cat","embeddable":true,"href":"https:\/\/www.globalwineries.nl\/de\/wp-json\/wp\/v2\/product_cat?post=33129"},{"taxonomy":"product_tag","embeddable":true,"href":"https:\/\/www.globalwineries.nl\/de\/wp-json\/wp\/v2\/product_tag?post=33129"}],"curies":[{"name":"wp","href":"https:\/\/api.w.org\/{rel}","templated":true}]}}