{"id":33222,"date":"2022-11-07T15:48:43","date_gmt":"2022-11-07T14:48:43","guid":{"rendered":"https:\/\/www.globalwineries.nl\/product\/jim-barry-assyrtiko\/"},"modified":"2024-10-19T10:56:01","modified_gmt":"2024-10-19T08:56:01","slug":"jim-barry-assyrtiko","status":"publish","type":"product","link":"https:\/\/www.globalwineries.nl\/de\/product\/jim-barry-assyrtiko\/","title":{"rendered":"Jim Barry Assyrtiko"},"content":{"rendered":"<p>Jim Barry Assyrtiko aus Clare Valley, Australien. Wei\u00dfe blumige Aromen verbinden sich mit Orangen- und Zitronenschalen und frisch geschnittenem Gras. Ein klassisches Profil, bei dem sich die Nase im Mund wiederholt. Dieser Wein hat eine talgartige Textur mit einem subtilen salzigen Abgang. K\u00f6stlich zu Meeresfr\u00fcchten, Oktopus, Muscheln und griechischen Salaten.<\/p>\n<p>Assyrtiko, Der Ursprung dieser Art liegt auf Thera, einer griechischen Insel in der \u00c4g\u00e4is, die zum Kykladen-Archipel geh\u00f6rt. Aufgrund der harten Rinde h\u00e4lt diese Traube auch dem starken Wind stand, der auf den Inseln oft weht. Die Trauben sind kompakt und haben gro\u00dfe Trauben, die viel Weins\u00e4ure enthalten. Sehr sp\u00e4te Bl\u00fcte und sp\u00e4te Ernte. Der Wein ist frisch, kraftvoll und mineralisch. Da diese Sorte ihren S\u00e4uregehalt so gut bewahren kann, haben Winzer in ganz Griechenland mit der Bepflanzung begonnen. Insgesamt sind mittlerweile mehr als 1.700 Hektar mit dieser Traube bepflanzt. Es wurde auch ein Programm gestartet, um diese Traube massenhaft im Norden Griechenlands anzupflanzen, beispielsweise auf der nord\u00f6stlichen Halbinsel Chalkidiki.       <\/p>\n","protected":false},"excerpt":{"rendered":"<p>Jim Barry Assyrtiko<\/p>\n","protected":false},"featured_media":33220,"comment_status":"open","ping_status":"closed","template":"","meta":{"_joinchat":[]},"product_brand":[],"product_cat":[4836,5384],"product_tag":[5812,5659,5775,5774],"class_list":{"0":"post-33222","1":"product","2":"type-product","3":"status-publish","4":"has-post-thumbnail","6":"product_cat-weisswein","7":"product_cat-australien","8":"product_tag-assyrtiko-de","9":"product_tag-australien","10":"product_tag-clare-valley-de","11":"product_tag-jim-barry-de","12":"product_shipping_class-wijnfles-de","13":"pa_druivensoort-assyrtiko-de","14":"pa_ean-nummer-9314487767167-de","15":"pa_gastronomie-meeresfruchte","16":"pa_gastronomie-muscheln","17":"pa_gastronomie-salate","18":"pa_jaar-2021-de","19":"pa_land-australien","20":"pa_smaakprofiel-lebendig-frisch","21":"pa_streek-clare-valley-de","22":"pa_wijnhuis-jim-barry-de","23":"pa_wijnsoort-weisswein","25":"first","26":"instock","27":"taxable","28":"shipping-taxable","29":"purchasable","30":"product-type-simple"},"_links":{"self":[{"href":"https:\/\/www.globalwineries.nl\/de\/wp-json\/wp\/v2\/product\/33222","targetHints":{"allow":["GET"]}}],"collection":[{"href":"https:\/\/www.globalwineries.nl\/de\/wp-json\/wp\/v2\/product"}],"about":[{"href":"https:\/\/www.globalwineries.nl\/de\/wp-json\/wp\/v2\/types\/product"}],"replies":[{"embeddable":true,"href":"https:\/\/www.globalwineries.nl\/de\/wp-json\/wp\/v2\/comments?post=33222"}],"wp:featuredmedia":[{"embeddable":true,"href":"https:\/\/www.globalwineries.nl\/de\/wp-json\/wp\/v2\/media\/33220"}],"wp:attachment":[{"href":"https:\/\/www.globalwineries.nl\/de\/wp-json\/wp\/v2\/media?parent=33222"}],"wp:term":[{"taxonomy":"product_brand","embeddable":true,"href":"https:\/\/www.globalwineries.nl\/de\/wp-json\/wp\/v2\/product_brand?post=33222"},{"taxonomy":"product_cat","embeddable":true,"href":"https:\/\/www.globalwineries.nl\/de\/wp-json\/wp\/v2\/product_cat?post=33222"},{"taxonomy":"product_tag","embeddable":true,"href":"https:\/\/www.globalwineries.nl\/de\/wp-json\/wp\/v2\/product_tag?post=33222"}],"curies":[{"name":"wp","href":"https:\/\/api.w.org\/{rel}","templated":true}]}}