{"id":33228,"date":"2022-11-07T17:55:00","date_gmt":"2022-11-07T16:55:00","guid":{"rendered":"https:\/\/www.globalwineries.nl\/product\/andre-goutorbe-extra-brut\/"},"modified":"2025-02-12T21:48:10","modified_gmt":"2025-02-12T20:48:10","slug":"andre-goutorbe-extra-brut","status":"publish","type":"product","link":"https:\/\/www.globalwineries.nl\/de\/product\/andre-goutorbe-extra-brut\/","title":{"rendered":"Andre Goutorbe Extra Brut"},"content":{"rendered":"<p>Andre Goutorbe Extra Brut, Chardonnay, Pinot Meunier, Pinot Noir uit Champagne, Frankrijk. Ein klassischer Champagner mit folgenden Trauben zu gleichen Teilen: Chardonnay, Pinot Noir und Pinot Meunier. 30 Monate in der Flasche gereift, nach traditioneller Art und Weise. Ein schmackhafter, eleganter, reifer Champagner mit einem vollen, perligen Mundgef\u00fchl.<\/p>\n<p>Chardonnay, die Traube des wei\u00dfen Burgunders und der Champagne, wird auf der ganzen Welt angebaut. Liefert guten bis sehr guten Wein mit vollem, trockenem Geschmack. Chardonnay ist eine Traube, die keinen klaren Charakter hat, was vom Terroir (Boden und Klima) und der Art der Weinherstellung abh\u00e4ngt. Chardonnay eignet sich sehr gut f\u00fcr die Reifung im Holzfass.   <\/p>\n<p>Pinot Meunier, eine blaue Traube von angemessener bis guter Qualit\u00e4t und eine Mutation der sehr bekannten burgundischen Rebsorte Pinot Noir. Der Name bezieht sich auf Mehl (und M\u00fcller), da die Bl\u00e4tter der Weintraube aufgrund der vorhandenen Haare fast so aussehen, als w\u00e4ren sie mit einer Mehlschicht best\u00e4ubt. Eignet sich sehr gut f\u00fcr die Herstellung von Schaumweinen und gedeiht in relativ k\u00fchlen Weinbauklimaten. Ist die am h\u00e4ufigsten angebaute Rebsorte in der Champagne und leistet einen unverzichtbaren Beitrag zu den meisten Champagnermischungen. In Frankreich auch Farineux Noir oder Noirin Enfarin\u00e9 genannt. In Deutschland ist die Traube als M\u00fcllerrebe oder Schwarzriesling bekannt und in S\u00fcddeutschland (W\u00fcrttemberg und Baden) erbringt sie leichte und weiche Rotweine mit milder Fruchtigkeit. Die Traube wurde auch in \u00d6sterreich (blaue Postitsch-Traube) und im ehemaligen Jugoslawien angebaut.      <span class=\"Apple-converted-space\"> <\/span><\/p>\n<p>Pinot Noir: in an old text from 1659 the grape is also called Rotkl\u00e4ffner. Pinot noir is a noble blue grape from Burgundy from which all great Burgundy wines are made. The grape mainly grows in a cooler climate and is very dependent on soil conditions. Therefore, it is not an easy grape variety to grow. But if the conditions are ideal, very complex, elegant wines of top quality can be made. Is also important in champagne must. It gives champagne backbone, strength and fullness. The famous Pinot Noir can be found in almost every wine country. In Germany the grape is also called sp\u00e4tburgunder. Blauburgunder in Austria and Switzerland         <\/p>\n","protected":false},"excerpt":{"rendered":"<p>Andre Goutorbe Extra Brut<\/p>\n","protected":false},"featured_media":33226,"comment_status":"open","ping_status":"closed","template":"","meta":{"_joinchat":[]},"product_brand":[],"product_cat":[4851,4845],"product_tag":[6029,5777,4854,4855,6085,4946],"class_list":{"0":"post-33228","1":"product","2":"type-product","3":"status-publish","4":"has-post-thumbnail","6":"product_cat-frankreich","7":"product_cat-sekt","8":"product_tag-andre-goutorbe-de","9":"product_tag-champagne-de","10":"product_tag-chardonnay-de","11":"product_tag-frankreich","12":"product_tag-pinot-meunier-de","13":"product_tag-pinot-noir-de","14":"product_shipping_class-wijnfles-de","15":"pa_druivensoort-chardonnay-de","16":"pa_druivensoort-pinot-meunier-de","17":"pa_druivensoort-pinot-noir-de","18":"pa_gastronomie-aperitif","19":"pa_land-frankreich","20":"pa_smaakprofiel-prickelnd-frisch","21":"pa_streek-champagne-de","22":"pa_wijnhuis-andre-goutorbe-de","23":"pa_wijnsoort-prickelnd","25":"first","26":"instock","27":"taxable","28":"shipping-taxable","29":"purchasable","30":"product-type-simple"},"_links":{"self":[{"href":"https:\/\/www.globalwineries.nl\/de\/wp-json\/wp\/v2\/product\/33228","targetHints":{"allow":["GET"]}}],"collection":[{"href":"https:\/\/www.globalwineries.nl\/de\/wp-json\/wp\/v2\/product"}],"about":[{"href":"https:\/\/www.globalwineries.nl\/de\/wp-json\/wp\/v2\/types\/product"}],"replies":[{"embeddable":true,"href":"https:\/\/www.globalwineries.nl\/de\/wp-json\/wp\/v2\/comments?post=33228"}],"wp:featuredmedia":[{"embeddable":true,"href":"https:\/\/www.globalwineries.nl\/de\/wp-json\/wp\/v2\/media\/33226"}],"wp:attachment":[{"href":"https:\/\/www.globalwineries.nl\/de\/wp-json\/wp\/v2\/media?parent=33228"}],"wp:term":[{"taxonomy":"product_brand","embeddable":true,"href":"https:\/\/www.globalwineries.nl\/de\/wp-json\/wp\/v2\/product_brand?post=33228"},{"taxonomy":"product_cat","embeddable":true,"href":"https:\/\/www.globalwineries.nl\/de\/wp-json\/wp\/v2\/product_cat?post=33228"},{"taxonomy":"product_tag","embeddable":true,"href":"https:\/\/www.globalwineries.nl\/de\/wp-json\/wp\/v2\/product_tag?post=33228"}],"curies":[{"name":"wp","href":"https:\/\/api.w.org\/{rel}","templated":true}]}}