{"id":33263,"date":"2022-11-08T14:28:38","date_gmt":"2022-11-08T13:28:38","guid":{"rendered":"https:\/\/www.globalwineries.nl\/product\/hetszolo-tokaji-koverszolo-50-cl-bio\/"},"modified":"2024-10-19T10:20:45","modified_gmt":"2024-10-19T08:20:45","slug":"hetszolo-tokaji-koverszolo-50-cl-bio","status":"publish","type":"product","link":"https:\/\/www.globalwineries.nl\/de\/product\/hetszolo-tokaji-koverszolo-50-cl-bio\/","title":{"rendered":"H\u00e9tsz\u00f6l\u00f6 Tokaji K\u00f6v\u00e9rsz\u00f6l\u00f6 50 cl BIO"},"content":{"rendered":"<p>H\u00e9tsz\u00f6l\u00f6 Tokaji K\u00f6v\u00e9rsz\u00f6l\u00f6, s\u00fc\u00dfer Wei\u00dfwein aus Tokaj, Ungarn. Furmint, diese Traube hat keinen klaren Ursprung wie viele andere Rebsorten, der Ursprung des Furmints liegt vermutlich in Westeuropa. Der Furmint stammt wie viele andere wichtige Rebsorten von der Goulais Blanc ab (einer sehr alten franz\u00f6sischen Traube, die f\u00fcr viele ein wichtiger Vorfahre ist). Sie selbst ist die Mutter des idealen Mischpartners h\u00e1rslevel\u00fc. Furmint gibt es in allen m\u00f6glichen Varianten. Sie ist bekannt f\u00fcr ihre vielen S\u00e4uren, ihren kr\u00e4ftigen Nachgeschmack und ihre wilden Aromen. Furmint macht lebendige Weine, ob s\u00fc\u00df, trocken oder mit Perlmutt, ein Furmint-Wein spricht! Urspr\u00fcnglich handelte es sich um eine trockene Traube. Durch das l\u00e4ngere H\u00e4ngen der Trauben entwickelt die Traube viel Zucker. Auch gegen\u00fcber Botrytus ist die Traube sehr empfindlich. Die trockenen Furmintweine bieten viele Aromen wie Zitrusfr\u00fcchte, Limettenschale, Birne, Mineralien und rauchige Noten. Die s\u00fc\u00dfen Furmintweine verleihen Aromen wie Pfirsich, Ananas, Honig und entwickeln mit der Reifung Aromen wie Schokolade, N\u00fcsse und Kaffee. Wir finden Furmint auch in Mischungen und im Schaumwein. Der Wein wird in Mischungen hinzugef\u00fcgt, um ihm einen frischen Charakter zu verleihen.<\/p>\n","protected":false},"excerpt":{"rendered":"<p>H\u00e9tsz\u00f6l\u00f6 Tokaji K\u00f6v\u00e9rsz\u00f6l\u00f6<\/p>\n","protected":false},"featured_media":33261,"comment_status":"open","ping_status":"closed","template":"","meta":{"_joinchat":[]},"product_brand":[],"product_cat":[4841,4936],"product_tag":[5768,6632,5708,4944],"class_list":{"0":"post-33263","1":"product","2":"type-product","3":"status-publish","4":"has-post-thumbnail","6":"product_cat-nachspeise","7":"product_cat-ungarn","8":"product_tag-hetszolo-de","9":"product_tag-suser-weiswein","10":"product_tag-tokaj-de","11":"product_tag-ungarn","12":"product_shipping_class-wijnfles-de","13":"pa_druivensoort-furmint-de","14":"pa_gastronomie-wuste-de","15":"pa_jaar-2018-de","16":"pa_land-ungarn","17":"pa_smaakprofiel-weich-und-sus","18":"pa_streek-tokaj-de","19":"pa_wijnhuis-hetszolo-tokaji-de","20":"pa_wijnsoort-dessertwein","22":"first","23":"instock","24":"taxable","25":"shipping-taxable","26":"purchasable","27":"product-type-simple"},"_links":{"self":[{"href":"https:\/\/www.globalwineries.nl\/de\/wp-json\/wp\/v2\/product\/33263","targetHints":{"allow":["GET"]}}],"collection":[{"href":"https:\/\/www.globalwineries.nl\/de\/wp-json\/wp\/v2\/product"}],"about":[{"href":"https:\/\/www.globalwineries.nl\/de\/wp-json\/wp\/v2\/types\/product"}],"replies":[{"embeddable":true,"href":"https:\/\/www.globalwineries.nl\/de\/wp-json\/wp\/v2\/comments?post=33263"}],"wp:featuredmedia":[{"embeddable":true,"href":"https:\/\/www.globalwineries.nl\/de\/wp-json\/wp\/v2\/media\/33261"}],"wp:attachment":[{"href":"https:\/\/www.globalwineries.nl\/de\/wp-json\/wp\/v2\/media?parent=33263"}],"wp:term":[{"taxonomy":"product_brand","embeddable":true,"href":"https:\/\/www.globalwineries.nl\/de\/wp-json\/wp\/v2\/product_brand?post=33263"},{"taxonomy":"product_cat","embeddable":true,"href":"https:\/\/www.globalwineries.nl\/de\/wp-json\/wp\/v2\/product_cat?post=33263"},{"taxonomy":"product_tag","embeddable":true,"href":"https:\/\/www.globalwineries.nl\/de\/wp-json\/wp\/v2\/product_tag?post=33263"}],"curies":[{"name":"wp","href":"https:\/\/api.w.org\/{rel}","templated":true}]}}