{"id":33530,"date":"2022-12-08T17:03:17","date_gmt":"2022-12-08T16:03:17","guid":{"rendered":"https:\/\/www.globalwineries.nl\/product\/terre-forti-sangiovese-rosato-rubiconde-igt\/"},"modified":"2024-10-18T16:02:26","modified_gmt":"2024-10-18T14:02:26","slug":"terre-forti-sangiovese-rosato-rubiconde-igt","status":"publish","type":"product","link":"https:\/\/www.globalwineries.nl\/de\/product\/terre-forti-sangiovese-rosato-rubiconde-igt\/","title":{"rendered":"Terre Forti Sangiovese Rosato Rubiconde IGT"},"content":{"rendered":"<p>Terre Forti Sangiovese Rosato Rubiconde IGT aus der Emigilia Romagna, Italien. Sch\u00f6ne hellrosa Farbe. In der Nase frische Fruchtaromen von Birne und Zitrusfr\u00fcchten. Am Gaumen ist er leicht, mit einer angenehm weichen Palette und einer erfrischenden S\u00e4ure im Abgang. Als Aperitif, zu Risotto und cremigen Nudelgerichten mit Fisch.<\/p>\n<p>Sangiovese, die h\u00e4ufigste alte und sehr robuste, aber d\u00fcnnh\u00e4utige Art. Urspr\u00fcnglich aus der Toskana stammend und von dort aus in ganz Italien verbreitet. Sangiovese bestehend aus zwei qualitativ sehr unterschiedlichen Untersorten. Der Sangiovese Piccolo (der Kleinere) dominiert und ist die Hauptsorte im Chianti.   <span class=\"Apple-converted-space\"> <\/span><\/p>\n","protected":false},"excerpt":{"rendered":"<p>Terre Forti Sangiovese Rosato Rubiconde IGT<\/p>\n","protected":false},"featured_media":33522,"comment_status":"open","ping_status":"closed","template":"","meta":{"_joinchat":[]},"product_brand":[],"product_cat":[4252,4948],"product_tag":[7285,4256,4924,7282],"class_list":{"0":"post-33530","1":"product","2":"type-product","3":"status-publish","4":"has-post-thumbnail","6":"product_cat-italien","7":"product_cat-rosewein","8":"product_tag-emigilia-romagna-de","9":"product_tag-italien","10":"product_tag-sangiovese-de","11":"product_tag-terre-forti-de","12":"product_shipping_class-wijnfles-de","13":"pa_druivensoort-sangiovese-de","14":"pa_gastronomie-aperitif","15":"pa_gastronomie-fisch","16":"pa_gastronomie-nudeln","17":"pa_jaar-2023-de","18":"pa_land-italien","19":"pa_smaakprofiel-leicht-und-fruchtig","20":"pa_streek-emiglia-romagna-de","21":"pa_wijnhuis-terre-forti-de","22":"pa_wijnsoort-rose-wijn-en-de","24":"first","25":"instock","26":"taxable","27":"shipping-taxable","28":"purchasable","29":"product-type-simple"},"_links":{"self":[{"href":"https:\/\/www.globalwineries.nl\/de\/wp-json\/wp\/v2\/product\/33530","targetHints":{"allow":["GET"]}}],"collection":[{"href":"https:\/\/www.globalwineries.nl\/de\/wp-json\/wp\/v2\/product"}],"about":[{"href":"https:\/\/www.globalwineries.nl\/de\/wp-json\/wp\/v2\/types\/product"}],"replies":[{"embeddable":true,"href":"https:\/\/www.globalwineries.nl\/de\/wp-json\/wp\/v2\/comments?post=33530"}],"wp:featuredmedia":[{"embeddable":true,"href":"https:\/\/www.globalwineries.nl\/de\/wp-json\/wp\/v2\/media\/33522"}],"wp:attachment":[{"href":"https:\/\/www.globalwineries.nl\/de\/wp-json\/wp\/v2\/media?parent=33530"}],"wp:term":[{"taxonomy":"product_brand","embeddable":true,"href":"https:\/\/www.globalwineries.nl\/de\/wp-json\/wp\/v2\/product_brand?post=33530"},{"taxonomy":"product_cat","embeddable":true,"href":"https:\/\/www.globalwineries.nl\/de\/wp-json\/wp\/v2\/product_cat?post=33530"},{"taxonomy":"product_tag","embeddable":true,"href":"https:\/\/www.globalwineries.nl\/de\/wp-json\/wp\/v2\/product_tag?post=33530"}],"curies":[{"name":"wp","href":"https:\/\/api.w.org\/{rel}","templated":true}]}}