{"id":33653,"date":"2022-12-12T17:06:42","date_gmt":"2022-12-12T16:06:42","guid":{"rendered":"https:\/\/www.globalwineries.nl\/product\/baldovar-rascal-orange-wine\/"},"modified":"2024-10-17T18:30:07","modified_gmt":"2024-10-17T16:30:07","slug":"baldovar-rascal-orange-wine","status":"publish","type":"product","link":"https:\/\/www.globalwineries.nl\/de\/product\/baldovar-rascal-orange-wine\/","title":{"rendered":"Baldovar Rascal (Orange Wine)"},"content":{"rendered":"<p>Baldovar Rascal, Merseguera aus Valencia, Spanien. Im Glas hat dieser Wein eine sehr leuchtend gelbe Farbe mit goldenen Reflexen. Das Bukett ist sehr komplex und entfaltet Aromen von Pfirsichen, Aprikosen, Lavendel und Pinienharz \u00fcber einem Schleier von salzigen und erdigen Empfindungen. Am Gaumen beginnt er mit einem samtigen und \u00e4therischen Auftakt, sehr offen und getragen von einer sehr fl\u00fcssigen, frischen, spannenden und volumin\u00f6sen Struktur. Am Gaumen ist er voll von Steinobst auf einer Kaskade von eleganten Bitternoten, die \u00fcber ein feines, abgerundetes Tanninger\u00fcst segeln. Diese sch\u00f6ne Granulometrie und reifes Material umh\u00fcllen eine angespannte und lineare S\u00e4ure, die wir mit seiner Reifung auf feinen Hefen von ausschlie\u00dflich Merseguera zu polieren verwalten.<\/p>\n<p>Merseguera ist eine typisch spanische Wei\u00dftraube, die in gro\u00dfem Umfang in der Levante-Region (an der \u00f6stlichen Mittelmeerk\u00fcste Spaniens) angebaut wird, wo aus der Traube angenehme, sanft frische, leicht fruchtige Weine entstehen k\u00f6nnen.<\/p>\n","protected":false},"excerpt":{"rendered":"<p>Baldovar Rascal<\/p>\n","protected":false},"featured_media":33647,"comment_status":"open","ping_status":"closed","template":"","meta":{"_joinchat":[]},"product_brand":[],"product_cat":[4879,5397],"product_tag":[7338,7339,4883,7144],"class_list":{"0":"post-33653","1":"product","2":"type-product","3":"status-publish","4":"has-post-thumbnail","6":"product_cat-spanien","7":"product_cat-orangenwein","8":"product_tag-baldovar-de","9":"product_tag-merseguera-de","10":"product_tag-spanien","11":"product_tag-valencia-de","12":"product_shipping_class-wijnfles-de","13":"pa_druivensoort-merseguera-de","14":"pa_gastronomie-eintopf","15":"pa_gastronomie-fisch","16":"pa_gastronomie-weises-fleisch","17":"pa_gastronomie-wuste-de","18":"pa_jaar-2021-de","19":"pa_land-spanien","20":"pa_smaakprofiel-leicht-und-fruchtig","21":"pa_streek-valencia-de","22":"pa_wijnhuis-baldovar-de","23":"pa_wijnsoort-orangenwein","25":"first","26":"instock","27":"taxable","28":"shipping-taxable","29":"purchasable","30":"product-type-simple"},"_links":{"self":[{"href":"https:\/\/www.globalwineries.nl\/de\/wp-json\/wp\/v2\/product\/33653","targetHints":{"allow":["GET"]}}],"collection":[{"href":"https:\/\/www.globalwineries.nl\/de\/wp-json\/wp\/v2\/product"}],"about":[{"href":"https:\/\/www.globalwineries.nl\/de\/wp-json\/wp\/v2\/types\/product"}],"replies":[{"embeddable":true,"href":"https:\/\/www.globalwineries.nl\/de\/wp-json\/wp\/v2\/comments?post=33653"}],"wp:featuredmedia":[{"embeddable":true,"href":"https:\/\/www.globalwineries.nl\/de\/wp-json\/wp\/v2\/media\/33647"}],"wp:attachment":[{"href":"https:\/\/www.globalwineries.nl\/de\/wp-json\/wp\/v2\/media?parent=33653"}],"wp:term":[{"taxonomy":"product_brand","embeddable":true,"href":"https:\/\/www.globalwineries.nl\/de\/wp-json\/wp\/v2\/product_brand?post=33653"},{"taxonomy":"product_cat","embeddable":true,"href":"https:\/\/www.globalwineries.nl\/de\/wp-json\/wp\/v2\/product_cat?post=33653"},{"taxonomy":"product_tag","embeddable":true,"href":"https:\/\/www.globalwineries.nl\/de\/wp-json\/wp\/v2\/product_tag?post=33653"}],"curies":[{"name":"wp","href":"https:\/\/api.w.org\/{rel}","templated":true}]}}