{"id":35177,"date":"2023-10-14T14:36:14","date_gmt":"2023-10-14T12:36:14","guid":{"rendered":"https:\/\/www.globalwineries.nl\/product\/head-high-chardonnay\/"},"modified":"2024-10-05T11:10:43","modified_gmt":"2024-10-05T09:10:43","slug":"head-high-chardonnay","status":"publish","type":"product","link":"https:\/\/www.globalwineries.nl\/de\/product\/head-high-chardonnay\/","title":{"rendered":"Head High Chardonnay"},"content":{"rendered":"<p>Head High Chardonnay von Three Sticks aus Sonoma, USA. Dieser vollmundige, geschmeidige Wein bietet eine gute Frische und anhaltende Saftigkeit. Eine Kombination aus gut definierten Aromen von Ananas, Guave und Zitrusfr\u00fcchten, zusammen mit einem Hauch von Matcha und Gei\u00dfblatt. Chardonnay: die Rebsorte des wei\u00dfen Burgunders und der Champagne, die auf der ganzen Welt angebaut wird. Liefert guten bis sehr guten Wein mit vollem, trockenem Geschmack. Chardonnay ist eine Traube, die keinen eindeutigen Charakter hat, der vom Terroir (Boden und Klima) und der Art der Weinherstellung abh\u00e4ngt. Chardonnay eignet sich sehr gut f\u00fcr die Reifung im Holzfass.   <\/p>\n","protected":false},"excerpt":{"rendered":"<p>Head High Chardonnay<\/p>\n","protected":false},"featured_media":35175,"comment_status":"open","ping_status":"closed","template":"","meta":{"_joinchat":[]},"product_brand":[],"product_cat":[4930,4836],"product_tag":[4854,6159,5800,4932],"class_list":{"0":"post-35177","1":"product","2":"type-product","3":"status-publish","4":"has-post-thumbnail","6":"product_cat-usa-de","7":"product_cat-weisswein","8":"product_tag-chardonnay-de","9":"product_tag-sonoma-de","10":"product_tag-three-sticks-de","11":"product_tag-usa-de","12":"product_shipping_class-wijnfles-de","13":"pa_druivensoort-chardonnay-de","14":"pa_gastronomie-leichte-fischgerichte","15":"pa_jaar-2021-de","16":"pa_land-vereinigte-staaten","17":"pa_smaakprofiel-komplex-und-voll","18":"pa_streek-sonoma-valley-de","19":"pa_wijnhuis-three-sticks-de-2","20":"pa_wijnsoort-weisswein","22":"first","23":"instock","24":"taxable","25":"shipping-taxable","26":"purchasable","27":"product-type-simple"},"_links":{"self":[{"href":"https:\/\/www.globalwineries.nl\/de\/wp-json\/wp\/v2\/product\/35177","targetHints":{"allow":["GET"]}}],"collection":[{"href":"https:\/\/www.globalwineries.nl\/de\/wp-json\/wp\/v2\/product"}],"about":[{"href":"https:\/\/www.globalwineries.nl\/de\/wp-json\/wp\/v2\/types\/product"}],"replies":[{"embeddable":true,"href":"https:\/\/www.globalwineries.nl\/de\/wp-json\/wp\/v2\/comments?post=35177"}],"wp:featuredmedia":[{"embeddable":true,"href":"https:\/\/www.globalwineries.nl\/de\/wp-json\/wp\/v2\/media\/35175"}],"wp:attachment":[{"href":"https:\/\/www.globalwineries.nl\/de\/wp-json\/wp\/v2\/media?parent=35177"}],"wp:term":[{"taxonomy":"product_brand","embeddable":true,"href":"https:\/\/www.globalwineries.nl\/de\/wp-json\/wp\/v2\/product_brand?post=35177"},{"taxonomy":"product_cat","embeddable":true,"href":"https:\/\/www.globalwineries.nl\/de\/wp-json\/wp\/v2\/product_cat?post=35177"},{"taxonomy":"product_tag","embeddable":true,"href":"https:\/\/www.globalwineries.nl\/de\/wp-json\/wp\/v2\/product_tag?post=35177"}],"curies":[{"name":"wp","href":"https:\/\/api.w.org\/{rel}","templated":true}]}}