{"id":35191,"date":"2023-10-15T19:21:51","date_gmt":"2023-10-15T17:21:51","guid":{"rendered":"https:\/\/www.globalwineries.nl\/product\/torres-almado-bio\/"},"modified":"2025-02-12T16:39:43","modified_gmt":"2025-02-12T15:39:43","slug":"torres-almado-bio","status":"publish","type":"product","link":"https:\/\/www.globalwineries.nl\/de\/product\/torres-almado-bio\/","title":{"rendered":"Torres Almado Bio"},"content":{"rendered":"<p>Torres Almado Bio. Cuv\u00e9e aus dem Central Valley, Chile.  Eine exklusive Family Selection mit kr\u00e4ftigen Aromen von dunklen Fr\u00fcchten und ger\u00f6stetem Brot. Au\u00dfergew\u00f6hnlich sch\u00f6n ausgewogene Geschmackspalette zwischen Tabak und kr\u00e4ftigem Kompott.<br \/>\nOriginalmischung aus Cabernet Sauvignon, Merlot, Tempranillo und Touriga Nacional, die 12 Monate in neuem franz\u00f6sischem Eichenholz reifte. Jede feine Zubereitung mit rotem Fleisch ist bei diesem wundersch\u00f6nen Wein gro\u00dfartig. Dieser Conde de Superunda ist auch bei Wild ein Hit.<\/p>\n","protected":false},"excerpt":{"rendered":"<p>Torres Almado Bio<\/p>\n","protected":false},"featured_media":35189,"comment_status":"open","ping_status":"closed","template":"","meta":{"_joinchat":[]},"product_brand":[],"product_cat":[4903,4253],"product_tag":[5971,4912,4255,5819],"class_list":{"0":"post-35191","1":"product","2":"type-product","3":"status-publish","4":"has-post-thumbnail","6":"product_cat-chili-de","7":"product_cat-rotwein","8":"product_tag-central-valley-de","9":"product_tag-chili-de","10":"product_tag-cuvee-de","11":"product_tag-torres-de","12":"product_shipping_class-wijnfles-de","13":"pa_druivensoort-cab-sauvignon-de","14":"pa_druivensoort-merlot-de","15":"pa_druivensoort-tempranillo-de","16":"pa_druivensoort-tinta-roriz-touriga-franca-touriga-national-de","17":"pa_gastronomie-rotes-fleisch","18":"pa_jaar-2020-de","19":"pa_land-chili-de","20":"pa_smaakprofiel-kraftvoll-und-voll","21":"pa_streek-central-valley-de","22":"pa_wijnhuis-torres-de","23":"pa_wijnsoort-rotwein","25":"first","26":"instock","27":"taxable","28":"shipping-taxable","29":"purchasable","30":"product-type-simple"},"_links":{"self":[{"href":"https:\/\/www.globalwineries.nl\/de\/wp-json\/wp\/v2\/product\/35191","targetHints":{"allow":["GET"]}}],"collection":[{"href":"https:\/\/www.globalwineries.nl\/de\/wp-json\/wp\/v2\/product"}],"about":[{"href":"https:\/\/www.globalwineries.nl\/de\/wp-json\/wp\/v2\/types\/product"}],"replies":[{"embeddable":true,"href":"https:\/\/www.globalwineries.nl\/de\/wp-json\/wp\/v2\/comments?post=35191"}],"wp:featuredmedia":[{"embeddable":true,"href":"https:\/\/www.globalwineries.nl\/de\/wp-json\/wp\/v2\/media\/35189"}],"wp:attachment":[{"href":"https:\/\/www.globalwineries.nl\/de\/wp-json\/wp\/v2\/media?parent=35191"}],"wp:term":[{"taxonomy":"product_brand","embeddable":true,"href":"https:\/\/www.globalwineries.nl\/de\/wp-json\/wp\/v2\/product_brand?post=35191"},{"taxonomy":"product_cat","embeddable":true,"href":"https:\/\/www.globalwineries.nl\/de\/wp-json\/wp\/v2\/product_cat?post=35191"},{"taxonomy":"product_tag","embeddable":true,"href":"https:\/\/www.globalwineries.nl\/de\/wp-json\/wp\/v2\/product_tag?post=35191"}],"curies":[{"name":"wp","href":"https:\/\/api.w.org\/{rel}","templated":true}]}}