{"id":35231,"date":"2023-10-17T17:26:58","date_gmt":"2023-10-17T15:26:58","guid":{"rendered":"https:\/\/www.globalwineries.nl\/product\/gere-attila-fekete-jardovany\/"},"modified":"2025-02-12T16:34:55","modified_gmt":"2025-02-12T15:34:55","slug":"gere-attila-fekete-jardovany","status":"publish","type":"product","link":"https:\/\/www.globalwineries.nl\/de\/product\/gere-attila-fekete-jardovany\/","title":{"rendered":"Gere Attila Fekete Jardovany"},"content":{"rendered":"<p>Fekete Jardovany von Gere Atilla aus Villany, Hongarije. De kleur is een jeugdige tint met paarse reflexen. Das Aroma ist w\u00fcrzig, mit schwarzen Johannisbeeren und sehr lebendig. Der Geschmack besteht haupts\u00e4chlich aus Kaffee, Kirschen, Beeren und wei\u00dfem Pfeffer. Der Geschmack wird von einer angenehmen S\u00e4ure in Verbindung mit klaren Tanninen begleitet. Ein saftiger, lang anhaltender, fruchtiger Schluck. Eine hervorragende Kombination mit rotem Fleisch und cremigen Fleischgerichten wie Eintopf.<\/p>\n","protected":false},"excerpt":{"rendered":"<p>Fekete Jardovany von Gere Atilla aus Villany, Hongarije. De kleur is een jeugdige tint met paarse reflexen. Das Aroma ist w\u00fcrzig, mit schwarzen Johannisbeeren und sehr lebendig. Der Geschmack besteht haupts\u00e4chlich aus Kaffee, Kirschen, Beeren und wei\u00dfem Pfeffer. Der Geschmack wird von einer angenehmen S\u00e4ure in Verbindung mit klaren Tanninen begleitet. Ein saftiger, lang anhaltender, [&#8230;]\n","protected":false},"featured_media":35229,"comment_status":"open","ping_status":"closed","template":"","meta":{"_joinchat":[]},"product_brand":[],"product_cat":[4253,4936],"product_tag":[7709,5728,4944,5729],"class_list":{"0":"post-35231","1":"product","2":"type-product","3":"status-publish","4":"has-post-thumbnail","6":"product_cat-rotwein","7":"product_cat-ungarn","8":"product_tag-fekete-jardovany-de","9":"product_tag-gere-atilla-de","10":"product_tag-ungarn","11":"product_tag-villany-de","12":"product_shipping_class-wijnfles-de","13":"pa_druivensoort-fekete-jardovany-de","14":"pa_gastronomie-eintopf-de-2","15":"pa_gastronomie-rotes-fleisch","16":"pa_jaar-2022-de","17":"pa_land-ungarn","18":"pa_smaakprofiel-kraftvoll-und-voll","19":"pa_streek-villany-de","20":"pa_wijnhuis-gere-attila-de","21":"pa_wijnsoort-rotwein","23":"first","24":"instock","25":"taxable","26":"shipping-taxable","27":"purchasable","28":"product-type-simple"},"_links":{"self":[{"href":"https:\/\/www.globalwineries.nl\/de\/wp-json\/wp\/v2\/product\/35231","targetHints":{"allow":["GET"]}}],"collection":[{"href":"https:\/\/www.globalwineries.nl\/de\/wp-json\/wp\/v2\/product"}],"about":[{"href":"https:\/\/www.globalwineries.nl\/de\/wp-json\/wp\/v2\/types\/product"}],"replies":[{"embeddable":true,"href":"https:\/\/www.globalwineries.nl\/de\/wp-json\/wp\/v2\/comments?post=35231"}],"wp:featuredmedia":[{"embeddable":true,"href":"https:\/\/www.globalwineries.nl\/de\/wp-json\/wp\/v2\/media\/35229"}],"wp:attachment":[{"href":"https:\/\/www.globalwineries.nl\/de\/wp-json\/wp\/v2\/media?parent=35231"}],"wp:term":[{"taxonomy":"product_brand","embeddable":true,"href":"https:\/\/www.globalwineries.nl\/de\/wp-json\/wp\/v2\/product_brand?post=35231"},{"taxonomy":"product_cat","embeddable":true,"href":"https:\/\/www.globalwineries.nl\/de\/wp-json\/wp\/v2\/product_cat?post=35231"},{"taxonomy":"product_tag","embeddable":true,"href":"https:\/\/www.globalwineries.nl\/de\/wp-json\/wp\/v2\/product_tag?post=35231"}],"curies":[{"name":"wp","href":"https:\/\/api.w.org\/{rel}","templated":true}]}}