{"id":35380,"date":"2023-10-20T16:08:30","date_gmt":"2023-10-20T14:08:30","guid":{"rendered":"https:\/\/www.globalwineries.nl\/product\/penley-preservative-free-cabernet-sauvignon\/"},"modified":"2024-09-19T19:06:07","modified_gmt":"2024-09-19T17:06:07","slug":"penley-preservative-free-cabernet-sauvignon","status":"publish","type":"product","link":"https:\/\/www.globalwineries.nl\/de\/product\/penley-preservative-free-cabernet-sauvignon\/","title":{"rendered":"Penley Preservative Free Cabernet Sauvignon"},"content":{"rendered":"<p>Penley Cabernet Sauvignon ohne Konservierungsstoffe aus Coonawara, Australien. Tiefes und lebhaftes Rot mit violetten Reflexen. Sch\u00f6ne Nase mit schwarzen Johannisbeeren, roter Lakritze und violetten Bl\u00fcten. Ein leichter Hauch von Zimt und Blutorange ist auch nicht zu \u00fcbersehen. Sehr saftiger Geschmack mit leicht f\u00fclliger Textur und weichen Tanninen. Sch\u00f6ner leichter mineralischer Abgang. zu leichten Fleischgerichten oder als Beilage.<\/p>\n","protected":false},"excerpt":{"rendered":"<p>Penley Preservative Free Cabernet Sauvignon<\/p>\n","protected":false},"featured_media":35379,"comment_status":"open","ping_status":"closed","template":"","meta":{"_joinchat":[]},"product_brand":[],"product_cat":[4253,5384],"product_tag":[5659,4913,5887,7769],"class_list":{"0":"post-35380","1":"product","2":"type-product","3":"status-publish","4":"has-post-thumbnail","6":"product_cat-rotwein","7":"product_cat-australien","8":"product_tag-australien","9":"product_tag-cabernet-sauvignon-de","10":"product_tag-coonawara-de","11":"product_tag-penley-de","12":"product_shipping_class-wijnfles-de","13":"pa_druivensoort-cabernet-sauvignon-de","14":"pa_gastronomie-aperitif","15":"pa_gastronomie-fleisch","16":"pa_jaar-2022-de","17":"pa_land-australien","18":"pa_smaakprofiel-glatt-rund","19":"pa_streek-coonawarra-de","20":"pa_wijnhuis-penley-estate-de","21":"pa_wijnsoort-rotwein","23":"first","24":"instock","25":"taxable","26":"shipping-taxable","27":"purchasable","28":"product-type-simple"},"_links":{"self":[{"href":"https:\/\/www.globalwineries.nl\/de\/wp-json\/wp\/v2\/product\/35380","targetHints":{"allow":["GET"]}}],"collection":[{"href":"https:\/\/www.globalwineries.nl\/de\/wp-json\/wp\/v2\/product"}],"about":[{"href":"https:\/\/www.globalwineries.nl\/de\/wp-json\/wp\/v2\/types\/product"}],"replies":[{"embeddable":true,"href":"https:\/\/www.globalwineries.nl\/de\/wp-json\/wp\/v2\/comments?post=35380"}],"wp:featuredmedia":[{"embeddable":true,"href":"https:\/\/www.globalwineries.nl\/de\/wp-json\/wp\/v2\/media\/35379"}],"wp:attachment":[{"href":"https:\/\/www.globalwineries.nl\/de\/wp-json\/wp\/v2\/media?parent=35380"}],"wp:term":[{"taxonomy":"product_brand","embeddable":true,"href":"https:\/\/www.globalwineries.nl\/de\/wp-json\/wp\/v2\/product_brand?post=35380"},{"taxonomy":"product_cat","embeddable":true,"href":"https:\/\/www.globalwineries.nl\/de\/wp-json\/wp\/v2\/product_cat?post=35380"},{"taxonomy":"product_tag","embeddable":true,"href":"https:\/\/www.globalwineries.nl\/de\/wp-json\/wp\/v2\/product_tag?post=35380"}],"curies":[{"name":"wp","href":"https:\/\/api.w.org\/{rel}","templated":true}]}}