{"id":35890,"date":"2024-02-28T15:31:40","date_gmt":"2024-02-28T14:31:40","guid":{"rendered":"https:\/\/www.globalwineries.nl\/product\/tyrrells-old-winery-shiraz\/"},"modified":"2024-09-18T19:42:35","modified_gmt":"2024-09-18T17:42:35","slug":"tyrrells-old-winery-shiraz","status":"publish","type":"product","link":"https:\/\/www.globalwineries.nl\/de\/product\/tyrrells-old-winery-shiraz\/","title":{"rendered":"Tyrrell&#8217;s Old Winery Shiraz"},"content":{"rendered":"<p>Tyrrell&#8217;s Old Winery Shiraz aus S\u00fcdaustralien. Tiefrote Farbe mit violettem Rand. Ein geschmeidiger und weicher, leicht w\u00fcrziger Rotwein mit Aromen von reifen Fr\u00fcchten und einem subtilen Hauch von Vanille und Eiche. Der Abgang hat feste Tannine, die trocken sind und einen komplexen und lang anhaltenden Abgang ergeben. Mit traditionellen Gerichten aus rotem Fleisch, reifem K\u00e4se und Nudeln mit Tomatenso\u00dfe<\/p>\n","protected":false},"excerpt":{"rendered":"<p>Tyrrell&#8217;s Old Winery Shiraz<\/p>\n","protected":false},"featured_media":35889,"comment_status":"open","ping_status":"closed","template":"","meta":{"_joinchat":[]},"product_brand":[],"product_cat":[4253,5384,5398],"product_tag":[5071,6431,7860],"class_list":{"0":"post-35890","1":"product","2":"type-product","3":"status-publish","4":"has-post-thumbnail","6":"product_cat-rotwein","7":"product_cat-australien","8":"product_cat-unkategorisiert","9":"product_tag-shiraz-de","10":"product_tag-south-australia-de","11":"product_tag-tyrrells-de","12":"product_shipping_class-wijnfles-de","13":"pa_druivensoort-shiraz-de","14":"pa_gastronomie-gegrilltes-rotes-fleisch","15":"pa_gastronomie-nudeln","16":"pa_jaar-2021-de","17":"pa_land-australien","18":"pa_smaakprofiel-komplex-und-voll","19":"pa_streek-south-australie-de","20":"pa_wijnhuis-tyrrells-de","21":"pa_wijnsoort-rotwein","23":"first","24":"instock","25":"taxable","26":"shipping-taxable","27":"purchasable","28":"product-type-simple"},"_links":{"self":[{"href":"https:\/\/www.globalwineries.nl\/de\/wp-json\/wp\/v2\/product\/35890","targetHints":{"allow":["GET"]}}],"collection":[{"href":"https:\/\/www.globalwineries.nl\/de\/wp-json\/wp\/v2\/product"}],"about":[{"href":"https:\/\/www.globalwineries.nl\/de\/wp-json\/wp\/v2\/types\/product"}],"replies":[{"embeddable":true,"href":"https:\/\/www.globalwineries.nl\/de\/wp-json\/wp\/v2\/comments?post=35890"}],"wp:featuredmedia":[{"embeddable":true,"href":"https:\/\/www.globalwineries.nl\/de\/wp-json\/wp\/v2\/media\/35889"}],"wp:attachment":[{"href":"https:\/\/www.globalwineries.nl\/de\/wp-json\/wp\/v2\/media?parent=35890"}],"wp:term":[{"taxonomy":"product_brand","embeddable":true,"href":"https:\/\/www.globalwineries.nl\/de\/wp-json\/wp\/v2\/product_brand?post=35890"},{"taxonomy":"product_cat","embeddable":true,"href":"https:\/\/www.globalwineries.nl\/de\/wp-json\/wp\/v2\/product_cat?post=35890"},{"taxonomy":"product_tag","embeddable":true,"href":"https:\/\/www.globalwineries.nl\/de\/wp-json\/wp\/v2\/product_tag?post=35890"}],"curies":[{"name":"wp","href":"https:\/\/api.w.org\/{rel}","templated":true}]}}