{"id":36129,"date":"2024-05-07T09:43:10","date_gmt":"2024-05-07T07:43:10","guid":{"rendered":"https:\/\/www.globalwineries.nl\/product\/bocca-di-lupo-pietrabianca-doc-bio\/"},"modified":"2024-09-18T19:00:08","modified_gmt":"2024-09-18T17:00:08","slug":"bocca-di-lupo-pietrabianca-doc-bio","status":"publish","type":"product","link":"https:\/\/www.globalwineries.nl\/de\/product\/bocca-di-lupo-pietrabianca-doc-bio\/","title":{"rendered":"Bocca Di Lupo Pietrabianca DOC Bio"},"content":{"rendered":"<p>Bocca Di Lupo Pietrabianca DOC Bio. Chardonnay, Fiano aus Apulien, Italien.  Ein typisch mediterraner Wein, der sich durch schw\u00fcle Noten von Zitrusfr\u00fcchten, Ananas und Akazienbl\u00fcten auszeichnet, die von einer ausgewogenen Holznote \u00fcberlagert werden. Mit einer leichten Mineralit\u00e4t bietet dieser Wei\u00dfwein eine \u00fcberraschende und frische Erfahrung. Eine besondere Kombination aus Chardonnay und Fiano Pugliese, die in Holzf\u00e4ssern vergoren wurde und anschlie\u00dfend ein weiteres Jahr in der Flasche ruhte. Der Chardonnay sorgt f\u00fcr die volle und buttrige Struktur. Fiono Pugliese wiederum garantiert eine duftende Note. Dieser Wein wurde biologisch und unter Vermeidung von Chemikalien und Pestiziden angebaut. Ein sch\u00f6ner Wein zu gebackenem Fisch mit Sahneso\u00dfe und sicherlich auch zu Kalbfleisch mit einer feinen So\u00dfe.<\/p>\n","protected":false},"excerpt":{"rendered":"<p>Bocca Di Lupo Pietrabianca DOC Bio Chardonnay, Fiano von Bocca di Luppo aus Apulien, Italien.<\/p>\n","protected":false},"featured_media":36127,"comment_status":"open","ping_status":"closed","template":"","meta":{"_joinchat":[]},"product_brand":[],"product_cat":[4252,4836],"product_tag":[4854,7948,4256,4847],"class_list":{"0":"post-36129","1":"product","2":"type-product","3":"status-publish","4":"has-post-thumbnail","6":"product_cat-italien","7":"product_cat-weisswein","8":"product_tag-chardonnay-de","9":"product_tag-fiano-van-bocca-di-luppo-de","10":"product_tag-italien","11":"product_tag-puglia-de","12":"product_shipping_class-wijnfles-de","13":"pa_druivensoort-chardonnay-de","14":"pa_druivensoort-fiano-de","15":"pa_gastronomie-gebackener-fisch","16":"pa_gastronomie-kalbfleisch","17":"pa_jaar-2024-de","18":"pa_land-italien","19":"pa_smaakprofiel-intensiv-fruchtig","20":"pa_streek-puglia-de","21":"pa_wijnhuis-bocca-di-lupo-de","22":"pa_wijnsoort-weisswein","24":"first","25":"instock","26":"taxable","27":"shipping-taxable","28":"purchasable","29":"product-type-simple"},"_links":{"self":[{"href":"https:\/\/www.globalwineries.nl\/de\/wp-json\/wp\/v2\/product\/36129","targetHints":{"allow":["GET"]}}],"collection":[{"href":"https:\/\/www.globalwineries.nl\/de\/wp-json\/wp\/v2\/product"}],"about":[{"href":"https:\/\/www.globalwineries.nl\/de\/wp-json\/wp\/v2\/types\/product"}],"replies":[{"embeddable":true,"href":"https:\/\/www.globalwineries.nl\/de\/wp-json\/wp\/v2\/comments?post=36129"}],"wp:featuredmedia":[{"embeddable":true,"href":"https:\/\/www.globalwineries.nl\/de\/wp-json\/wp\/v2\/media\/36127"}],"wp:attachment":[{"href":"https:\/\/www.globalwineries.nl\/de\/wp-json\/wp\/v2\/media?parent=36129"}],"wp:term":[{"taxonomy":"product_brand","embeddable":true,"href":"https:\/\/www.globalwineries.nl\/de\/wp-json\/wp\/v2\/product_brand?post=36129"},{"taxonomy":"product_cat","embeddable":true,"href":"https:\/\/www.globalwineries.nl\/de\/wp-json\/wp\/v2\/product_cat?post=36129"},{"taxonomy":"product_tag","embeddable":true,"href":"https:\/\/www.globalwineries.nl\/de\/wp-json\/wp\/v2\/product_tag?post=36129"}],"curies":[{"name":"wp","href":"https:\/\/api.w.org\/{rel}","templated":true}]}}