{"id":36474,"date":"2024-06-05T14:19:30","date_gmt":"2024-06-05T12:19:30","guid":{"rendered":"https:\/\/www.globalwineries.nl\/product\/genium-cellar-proboleda-vi-de-vila\/"},"modified":"2025-02-12T15:14:55","modified_gmt":"2025-02-12T14:14:55","slug":"genium-cellar-proboleda-vi-de-vila","status":"publish","type":"product","link":"https:\/\/www.globalwineries.nl\/de\/product\/genium-cellar-proboleda-vi-de-vila\/","title":{"rendered":"Genium Cellar Proboleda Vi de Vila"},"content":{"rendered":"<p>Genium Kellerei Proboleda Vi de Vila. Garnatxa und Carinyna aus dem Priorat, Spanien.  Intensives Rubinrot, intensives Aroma von Fr\u00fcchten, Kirsch- und Brombeerlik\u00f6r, Mineralien, Rauch und frischen Blumen. Am Gaumen ist er weich und seidig, lang und ausgewogen, mit Ankl\u00e4ngen von Beerenlik\u00f6r und Lakritze. Er hat weiche und strukturierte Tannine, die sehr gut mit der Frucht harmonieren<\/p>\n<p>Vi Negre wird im Rahmen der neuen Klassifizierung der Vins de Vila des DOQ aus einer Auswahl unserer Reben aus der Gemeinde Poboleda hergestellt, aus der Auswahl, die alle Merkmale und Eigenschaften des Landes und des Klimas unserer kleinen Villa zum Ausdruck bringt der traditionellen Sorten. 64% Garnatxa, 36% Carinyena. Gelimiteerde oplage van 1.400 flessen van 75 cl<\/p>\n<p>12 Monate lang in franz\u00f6sischen d&#8217;Allier Roure-T\u00f6pfen umh\u00fcllt.<\/p>\n<p>Aufgrund der nat\u00fcrlichen Filterung wird empfohlen, den Wein zu dekantieren, damit sich kein Weinstein in der Flasche bildet.<\/p>\n","protected":false},"excerpt":{"rendered":"<p>Garnatxa und Carinyna von Genium Cellar aus Priorat, Spanien.<\/p>\n","protected":false},"featured_media":36396,"comment_status":"open","ping_status":"closed","template":"","meta":{"_joinchat":[]},"product_brand":[],"product_cat":[4967,4969,4253,4879],"product_tag":[8087,8083,5864,4883],"class_list":{"0":"post-36474","1":"product","2":"type-product","3":"status-publish","4":"has-post-thumbnail","6":"product_cat-biologisch-de","7":"product_cat-boutique-winery-de","8":"product_cat-rotwein","9":"product_cat-spanien","10":"product_tag-garnatxa-en-carinyna-de","11":"product_tag-genium-cellar-de","12":"product_tag-priorat-de","13":"product_tag-spanien","14":"product_shipping_class-wijnfles-de","15":"pa_druivensoort-carinyena-de","16":"pa_druivensoort-garnacha-de","17":"pa_gastronomie-blauschimmelkase","18":"pa_gastronomie-chili-con-carne-de","19":"pa_gastronomie-entenbrust","20":"pa_jaar-2018-de","21":"pa_land-spanien","22":"pa_smaakprofiel-komplex-und-voll","23":"pa_streek-priorat-de","24":"pa_wijnhuis-genium-cellar-de","25":"pa_wijnsoort-rotwein","27":"first","28":"instock","29":"taxable","30":"shipping-taxable","31":"purchasable","32":"product-type-simple"},"_links":{"self":[{"href":"https:\/\/www.globalwineries.nl\/de\/wp-json\/wp\/v2\/product\/36474","targetHints":{"allow":["GET"]}}],"collection":[{"href":"https:\/\/www.globalwineries.nl\/de\/wp-json\/wp\/v2\/product"}],"about":[{"href":"https:\/\/www.globalwineries.nl\/de\/wp-json\/wp\/v2\/types\/product"}],"replies":[{"embeddable":true,"href":"https:\/\/www.globalwineries.nl\/de\/wp-json\/wp\/v2\/comments?post=36474"}],"wp:featuredmedia":[{"embeddable":true,"href":"https:\/\/www.globalwineries.nl\/de\/wp-json\/wp\/v2\/media\/36396"}],"wp:attachment":[{"href":"https:\/\/www.globalwineries.nl\/de\/wp-json\/wp\/v2\/media?parent=36474"}],"wp:term":[{"taxonomy":"product_brand","embeddable":true,"href":"https:\/\/www.globalwineries.nl\/de\/wp-json\/wp\/v2\/product_brand?post=36474"},{"taxonomy":"product_cat","embeddable":true,"href":"https:\/\/www.globalwineries.nl\/de\/wp-json\/wp\/v2\/product_cat?post=36474"},{"taxonomy":"product_tag","embeddable":true,"href":"https:\/\/www.globalwineries.nl\/de\/wp-json\/wp\/v2\/product_tag?post=36474"}],"curies":[{"name":"wp","href":"https:\/\/api.w.org\/{rel}","templated":true}]}}