{"id":36661,"date":"2024-07-10T14:54:29","date_gmt":"2024-07-10T12:54:29","guid":{"rendered":"https:\/\/www.globalwineries.nl\/product\/neverland-wolfsheim-riesling-bio\/"},"modified":"2024-08-23T15:37:16","modified_gmt":"2024-08-23T13:37:16","slug":"neverland-wolfsheim-riesling-bio","status":"publish","type":"product","link":"https:\/\/www.globalwineries.nl\/de\/product\/neverland-wolfsheim-riesling-bio\/","title":{"rendered":"Neverland Wolfsheim Riesling Bio"},"content":{"rendered":"<p>Neverland Wolfsheim Riesling Bio aus Rheinhessen, Duitsland. Reiner und geschmeidiger Mineralwein aus \u201edem\u201c Rieslingdorf Wolfsheim. Dieser moderne Wein hat feine fruchtige Noten von wei\u00dfem Pfirsich und eine angenehme W\u00fcrze, die wundersch\u00f6n in eine kr\u00e4ftige S\u00e4ure eingebettet ist. Kr\u00e4ftig im Nachgeschmack. Der ideale Partner f\u00fcr Fischgerichte und Risotto mit Meeresfr\u00fcchten. Riesling, eine sehr edle Rebsorte, die ihren Ursprung in Deutschland hat. Die Traube wird hier immer noch weit verbreitet angebaut. Ein Missverst\u00e4ndnis ist, dass Riesling einen s\u00fc\u00dferen Wein hervorbringt. Trockene Rieslinge k\u00f6nnen feine, nuancierte Weine von gro\u00dfer Klasse sein. Auch im franz\u00f6sischen Elsass ist diese Traube seit Mitte des 19. Jahrhunderts ein Klassiker. Junge Rieslinge sind fruchtige, leichte Weine, die mit einer perfekten Harmonie zwischen s\u00fc\u00df und sauer \u00fcberraschen k\u00f6nnen. Ein reifer Riesling hat einen sehr \u00fcppigen, w\u00fcrzigen, \u00f6ligen (Petrol) und honigartigen Geruch und Geschmack, mit einer klaren, super eleganten Zitrusnote in den besten Weinen.       &nbsp;<\/p>\n","protected":false},"excerpt":{"rendered":"<p>Neverland Wolfsheim Riesling Bio aus Rheinhessen, Duitsland.<\/p>\n","protected":false},"featured_media":36659,"comment_status":"open","ping_status":"closed","template":"","meta":{"_joinchat":[]},"product_brand":[],"product_cat":[4836,5387],"product_tag":[6857,8183,8184,5744],"class_list":{"0":"post-36661","1":"product","2":"type-product","3":"status-publish","4":"has-post-thumbnail","6":"product_cat-weisswein","7":"product_cat-deutschland","8":"product_tag-deutschland-de","9":"product_tag-neverland-de","10":"product_tag-rheinhessen-de","11":"product_tag-riesling-de","12":"product_shipping_class-wijnfles-de","13":"pa_druivensoort-riesling-de","14":"pa_gastronomie-leichte-fischgerichte","15":"pa_gastronomie-meeresfruchte","16":"pa_jaar-2022-de","17":"pa_land-deutschland","18":"pa_smaakprofiel-lebendig-frisch","19":"pa_streek-rheinhessen-de","20":"pa_wijnhuis-neverland-de","21":"pa_wijnsoort-weisswein","23":"first","24":"instock","25":"taxable","26":"shipping-taxable","27":"purchasable","28":"product-type-simple"},"_links":{"self":[{"href":"https:\/\/www.globalwineries.nl\/de\/wp-json\/wp\/v2\/product\/36661","targetHints":{"allow":["GET"]}}],"collection":[{"href":"https:\/\/www.globalwineries.nl\/de\/wp-json\/wp\/v2\/product"}],"about":[{"href":"https:\/\/www.globalwineries.nl\/de\/wp-json\/wp\/v2\/types\/product"}],"replies":[{"embeddable":true,"href":"https:\/\/www.globalwineries.nl\/de\/wp-json\/wp\/v2\/comments?post=36661"}],"wp:featuredmedia":[{"embeddable":true,"href":"https:\/\/www.globalwineries.nl\/de\/wp-json\/wp\/v2\/media\/36659"}],"wp:attachment":[{"href":"https:\/\/www.globalwineries.nl\/de\/wp-json\/wp\/v2\/media?parent=36661"}],"wp:term":[{"taxonomy":"product_brand","embeddable":true,"href":"https:\/\/www.globalwineries.nl\/de\/wp-json\/wp\/v2\/product_brand?post=36661"},{"taxonomy":"product_cat","embeddable":true,"href":"https:\/\/www.globalwineries.nl\/de\/wp-json\/wp\/v2\/product_cat?post=36661"},{"taxonomy":"product_tag","embeddable":true,"href":"https:\/\/www.globalwineries.nl\/de\/wp-json\/wp\/v2\/product_tag?post=36661"}],"curies":[{"name":"wp","href":"https:\/\/api.w.org\/{rel}","templated":true}]}}