{"id":37248,"date":"2024-09-20T16:38:36","date_gmt":"2024-09-20T14:38:36","guid":{"rendered":"https:\/\/www.globalwineries.nl\/product\/hetszolo-tokaji-dry-furmint-selection-2\/"},"modified":"2025-02-11T22:06:45","modified_gmt":"2025-02-11T21:06:45","slug":"hetszolo-tokaji-dry-furmint-selection","status":"publish","type":"product","link":"https:\/\/www.globalwineries.nl\/de\/product\/hetszolo-tokaji-dry-furmint-selection\/","title":{"rendered":"Hetsz\u00f6l\u00f6 Tokaji Dry Furmint Selection"},"content":{"rendered":"<p>Hetsz\u00f6l\u00f6 Tokaji Dry Furmint Selection aus Tokaji, Ungarn. Dieser Wein hat starke Aromen von \u00fcberreifen Birnen und \u00c4pfeln in Kombination mit frischem Benzingeruch und raffinierten Holznoten. Am Gaumen ist er gut strukturiert mit elegantem K\u00f6rper und reichhaltiger S\u00e4ure. Zu Schweinebraten, Wei\u00dffisch und Reis- oder Nudelgerichten.   <\/p>\n<p>Furmint. Diese Traube hat wie viele andere Rebsorten keinen klaren Ursprung, der Ursprung des Furmints liegt vermutlich in Westeuropa. Der Furmint stammt wie viele andere wichtige Rebsorten von der Goulais Blanc ab (einer sehr alten franz\u00f6sischen Traube, die f\u00fcr viele ein wichtiger Vorfahre ist). Sie selbst ist die Mutter des idealen Mischpartners h\u00e1rslevel\u00fc. Furmint gibt es in vielen Varianten. Sie ist bekannt f\u00fcr ihre vielen S\u00e4uren, ihren kr\u00e4ftigen Nachgeschmack und ihre wilden Aromen. Furmint macht lebendige Weine, ob s\u00fc\u00df, trocken oder mit Perlmutt, ein Furmint-Wein spricht! Urspr\u00fcnglich handelte es sich um eine trockene Traube. Durch das l\u00e4ngere H\u00e4ngen der Trauben entwickelt die Traube viel Zucker. Auch gegen\u00fcber Botrytus ist die Traube sehr empfindlich. Die trockenen Furmintweine bieten viele Aromen wie Zitrusfr\u00fcchte, Limettenschale, Birne, Mineralien und rauchige Noten. Die s\u00fc\u00dfen Furmintweine verleihen Aromen wie Pfirsich, Ananas, Honig und entwickeln mit der Reifung Aromen wie Schokolade, N\u00fcsse und Kaffee. Wir finden Furmint auch in Mischungen und im Schaumwein. Der Wein wird in Mischungen hinzugef\u00fcgt, um ihm einen frischen Charakter zu verleihen.            <\/p>\n","protected":false},"excerpt":{"rendered":"<p>Hetsz\u00f6l\u00f6 Tokaji Dry Furmint Selection<\/p>\n","protected":false},"featured_media":37247,"comment_status":"open","ping_status":"closed","template":"","meta":{"_joinchat":[]},"product_brand":[],"product_cat":[4936,4836],"product_tag":[8380,5706,8379,8381,5709,4944],"class_list":{"0":"post-37248","1":"product","2":"type-product","3":"status-publish","4":"has-post-thumbnail","6":"product_cat-ungarn","7":"product_cat-weisswein","8":"product_tag-dry-de","9":"product_tag-furmint-de","10":"product_tag-hetszolo-tokaji-de","11":"product_tag-selection-de","12":"product_tag-tokaji-de","13":"product_tag-ungarn","14":"product_shipping_class-wijnfles-de","15":"pa_druivensoort-furmint-de","16":"pa_gastronomie-aperitif","17":"pa_jaar-2014-de","18":"pa_land-ungarn","19":"pa_smaakprofiel-trocken-und-frisch","20":"pa_streek-tokaj-de","21":"pa_wijnhuis-hetszolo-tokaji-de","22":"pa_wijnsoort-weisswein","24":"first","25":"instock","26":"taxable","27":"shipping-taxable","28":"purchasable","29":"product-type-simple"},"_links":{"self":[{"href":"https:\/\/www.globalwineries.nl\/de\/wp-json\/wp\/v2\/product\/37248","targetHints":{"allow":["GET"]}}],"collection":[{"href":"https:\/\/www.globalwineries.nl\/de\/wp-json\/wp\/v2\/product"}],"about":[{"href":"https:\/\/www.globalwineries.nl\/de\/wp-json\/wp\/v2\/types\/product"}],"replies":[{"embeddable":true,"href":"https:\/\/www.globalwineries.nl\/de\/wp-json\/wp\/v2\/comments?post=37248"}],"wp:featuredmedia":[{"embeddable":true,"href":"https:\/\/www.globalwineries.nl\/de\/wp-json\/wp\/v2\/media\/37247"}],"wp:attachment":[{"href":"https:\/\/www.globalwineries.nl\/de\/wp-json\/wp\/v2\/media?parent=37248"}],"wp:term":[{"taxonomy":"product_brand","embeddable":true,"href":"https:\/\/www.globalwineries.nl\/de\/wp-json\/wp\/v2\/product_brand?post=37248"},{"taxonomy":"product_cat","embeddable":true,"href":"https:\/\/www.globalwineries.nl\/de\/wp-json\/wp\/v2\/product_cat?post=37248"},{"taxonomy":"product_tag","embeddable":true,"href":"https:\/\/www.globalwineries.nl\/de\/wp-json\/wp\/v2\/product_tag?post=37248"}],"curies":[{"name":"wp","href":"https:\/\/api.w.org\/{rel}","templated":true}]}}