{"id":37671,"date":"2024-10-25T15:42:17","date_gmt":"2024-10-25T13:42:17","guid":{"rendered":"https:\/\/www.globalwineries.nl\/product\/la-cepa-de-pelayo-bobal\/"},"modified":"2025-02-09T10:39:55","modified_gmt":"2025-02-09T09:39:55","slug":"la-cepa-de-pelayo-bobal","status":"publish","type":"product","link":"https:\/\/www.globalwineries.nl\/de\/product\/la-cepa-de-pelayo-bobal\/","title":{"rendered":"La Cepa de Pelayo Bobal"},"content":{"rendered":"<p>La Cepa de Pelayo Bobal 12 Monate in franz\u00f6sischer Eiche aus Manchuela, Spanien. ist ein kraftvoller und komplexer Wein, der die Intensit\u00e4t der Bobal-Traube mit der Finesse des franz\u00f6sischen Eichenholzausbaus verbindet. Die reichen, reifen Fruchtnoten werden wunderbar durch holzige und w\u00fcrzige Nuancen erg\u00e4nzt und ergeben einen ausgewogenen und eleganten Wein. Perfekt f\u00fcr Liebhaber kr\u00e4ftiger Rotweine mit Tiefe und Charakter. Im Mund voll und kraftvoll, mit festen Tanninen, die f\u00fcr Struktur und K\u00f6rper sorgen. Der Wein f\u00fchlt sich breit und konzentriert an, mit einer deutlichen Pr\u00e4senz der reifen Frucht. Der Geschmack bringt die dunklen Fruchtnoten zur\u00fcck, zusammen mit den ger\u00f6steten und w\u00fcrzigen Nuancen der Eiche. Der Abgang ist lang und komplex, mit einer anhaltenden Kombination aus Fr\u00fcchten, Gew\u00fcrzen und einem Hauch Vanille. Die Mineralit\u00e4t des Bodens tr\u00e4gt zu einem frischen, ausgewogenen Abgang bei. Bei richtiger Lagerung kann der Wein 5 bis 8 Jahre oder sogar l\u00e4nger haltbar sein.         <\/p>\n<p>Manchuela ist eine der j\u00fcngsten spanischen DOs: offiziell anerkannt seit dem 28. Juli 2000. Der Name \u201eManchuela\u201c wurde jedoch bereits 1966 per Ministerialerlass als Weinregion anerkannt. Es handelt sich um ein weitl\u00e4ufiges Gebiet im Osten Zentralspaniens und grenzt an die D.O. La Mancha liegt zwischen zwei Fl\u00fcssen: dem J\u00facar und dem Cabriel. Die Weinberge liegen auf einer H\u00f6he von 600 bis 700 Metern; Im warmen Sommer werden die Trauben nachts durch den frischen und feuchten Wind vom Mittelmeer gek\u00fchlt.<\/p>\n<p>Bobal ist eine starke und ertragreiche Rebe mit sehr gro\u00dfen Trauben, die nur in Spanien angebaut wird. Die Trauben haben eine bunte Schale und viel farbloses Fruchtfleisch. Bobal ist eine einheimische spanische Rebsorte, die viel Farbe abgibt und vollmundige Weine hervorbringt. Diese Traube stammt aus den D\u00f6rfern Utiel und Requena in der Provinz Valencia und vertr\u00e4gt helles Sonnenlicht. Die besten Bobal-Weine haben eine tiefe Farbe und einen weichen Nachgeschmack. Besonders wenn die Bobal-Traube in h\u00f6heren Lagen angebaut wird, lassen sich daraus wundersch\u00f6ne Weine herstellen.    <\/p>\n","protected":false},"excerpt":{"rendered":"<p>La Cepa de Pelayo Bobal<span class=\"Apple-converted-space\"> <\/span><\/p>\n","protected":false},"featured_media":37669,"comment_status":"open","ping_status":"closed","template":"","meta":{"_joinchat":[]},"product_brand":[],"product_cat":[4968,4969,5398],"product_tag":[5750,8472,8471,4883],"class_list":{"0":"post-37671","1":"product","2":"type-product","3":"status-publish","4":"has-post-thumbnail","6":"product_cat-angebot","7":"product_cat-boutique-winery-de","8":"product_cat-unkategorisiert","9":"product_tag-bobal-de","10":"product_tag-la-cepa-de-pelayo-de","11":"product_tag-manchuela-de","12":"product_tag-spanien","13":"product_shipping_class-wijnfles-de","14":"pa_druivensoort-bobal-de","15":"pa_ean-nummer-8437018078080-de","16":"pa_gastronomie-bbq-de","17":"pa_gastronomie-gegrilltes-lammfleisch","18":"pa_gastronomie-pilze","19":"pa_jaar-2022-de","20":"pa_land-spanien","21":"pa_smaakprofiel-voll-rund","22":"pa_streek-manchuela-de","23":"pa_wijnhuis-la-cepa-de-pelayo-de","24":"pa_wijnsoort-rotwein","26":"first","27":"instock","28":"taxable","29":"shipping-taxable","30":"purchasable","31":"product-type-simple"},"_links":{"self":[{"href":"https:\/\/www.globalwineries.nl\/de\/wp-json\/wp\/v2\/product\/37671","targetHints":{"allow":["GET"]}}],"collection":[{"href":"https:\/\/www.globalwineries.nl\/de\/wp-json\/wp\/v2\/product"}],"about":[{"href":"https:\/\/www.globalwineries.nl\/de\/wp-json\/wp\/v2\/types\/product"}],"replies":[{"embeddable":true,"href":"https:\/\/www.globalwineries.nl\/de\/wp-json\/wp\/v2\/comments?post=37671"}],"wp:featuredmedia":[{"embeddable":true,"href":"https:\/\/www.globalwineries.nl\/de\/wp-json\/wp\/v2\/media\/37669"}],"wp:attachment":[{"href":"https:\/\/www.globalwineries.nl\/de\/wp-json\/wp\/v2\/media?parent=37671"}],"wp:term":[{"taxonomy":"product_brand","embeddable":true,"href":"https:\/\/www.globalwineries.nl\/de\/wp-json\/wp\/v2\/product_brand?post=37671"},{"taxonomy":"product_cat","embeddable":true,"href":"https:\/\/www.globalwineries.nl\/de\/wp-json\/wp\/v2\/product_cat?post=37671"},{"taxonomy":"product_tag","embeddable":true,"href":"https:\/\/www.globalwineries.nl\/de\/wp-json\/wp\/v2\/product_tag?post=37671"}],"curies":[{"name":"wp","href":"https:\/\/api.w.org\/{rel}","templated":true}]}}