{"id":38015,"date":"2024-11-19T16:49:26","date_gmt":"2024-11-19T15:49:26","guid":{"rendered":"https:\/\/www.globalwineries.nl\/product\/complices-de-loire-rouge-baiser-gamay\/"},"modified":"2025-02-09T10:23:28","modified_gmt":"2025-02-09T09:23:28","slug":"complices-de-loire-rouge-baiser-gamay","status":"publish","type":"product","link":"https:\/\/www.globalwineries.nl\/de\/product\/complices-de-loire-rouge-baiser-gamay\/","title":{"rendered":"Complices de Loire Rouge Baiser Gamay"},"content":{"rendered":"<p>Complices de Loire Rouge Baiser Gamay aus Touraine, Frankreich ist ein lebendiger und fruchtiger Rotwein aus dem Loiretal, hergestellt aus der Gamay-Traube. Dieser Wein hat einen leichten bis mittleren K\u00f6rper, mit frischer S\u00e4ure und einer eleganten Struktur. <\/p>\n<p>Die Aromen werden von saftigen roten Fr\u00fcchten wie Kirschen, Himbeeren und Erdbeeren dominiert, erg\u00e4nzt durch dezente florale und w\u00fcrzige Noten. Es handelt sich um einen zug\u00e4nglichen und sanften Wein, der sich ideal zum Trinken in jungen Jahren eignet, perfekt zu leichten Gerichten wie Gefl\u00fcgel, Salaten oder Weichk\u00e4se, aber auch k\u00f6stlich zum einfachen Genie\u00dfen. <\/p>\n<p>Die Weinregion Touraine liegt im Herzen des franz\u00f6sischen Loiretals und ist bekannt f\u00fcr ihr vielf\u00e4ltiges Terroir und ihre Weine mit einem frischen, fruchtigen Stil. Das Gebiet erstreckt sich entlang der Loire und umfasst charmante D\u00f6rfer und Weinberge. Touraine produziert Wei\u00df-, Rot- und Ros\u00e9weine mit Schwerpunkt auf Trauben wie Sauvignon Blanc, Chenin Blanc, Cabernet Franc und Gamay.  <\/p>\n<p>Die Wei\u00dfweine, oft aus Sauvignon Blanc, sind lebendig und aromatisch, w\u00e4hrend die Rotweine aus Cabernet Franc und Gamay einen weichen, fruchtigen Geschmack haben. Touraine ist auch f\u00fcr Schaumweine bekannt, die als Cr\u00e9mant de Loire bekannt sind. Das milde Klima und die kalkhaltigen B\u00f6den tragen zur Qualit\u00e4t und Vielfalt der Weine bei.  <\/p>\n<p>Die Region bietet auch malerische Landschaften, historische Schl\u00f6sser und Weintourismus.<\/p>\n","protected":false},"excerpt":{"rendered":"<hr>\n<p>Complices de Loire Rouge Baiser Gamay<span class=\"Apple-converted-space\"> <\/span><\/p>\n","protected":false},"featured_media":37994,"comment_status":"open","ping_status":"closed","template":"","meta":{"_joinchat":[]},"product_brand":[],"product_cat":[4969,4851,4253],"product_tag":[7581,4855,8531,8516],"class_list":{"0":"post-38015","1":"product","2":"type-product","3":"status-publish","4":"has-post-thumbnail","6":"product_cat-boutique-winery-de","7":"product_cat-frankreich","8":"product_cat-rotwein","9":"product_tag-complices-de-loire-de","10":"product_tag-frankreich","11":"product_tag-rouge-baiser-gamay-de","12":"product_tag-touraine-de","13":"product_shipping_class-wijnfles-de","14":"pa_druivensoort-gamay-de","15":"pa_gastronomie-aperitif","16":"pa_gastronomie-cremiger-kase","17":"pa_gastronomie-geflugel","18":"pa_gastronomie-salate","19":"pa_jaar-2022-de","20":"pa_land-frankreich","21":"pa_smaakprofiel-lebendig-frisch","22":"pa_streek-touraine-de","23":"pa_wijnhuis-complices-de-loire-de","24":"pa_wijnsoort-rotwein","26":"first","27":"instock","28":"taxable","29":"shipping-taxable","30":"purchasable","31":"product-type-simple"},"_links":{"self":[{"href":"https:\/\/www.globalwineries.nl\/de\/wp-json\/wp\/v2\/product\/38015","targetHints":{"allow":["GET"]}}],"collection":[{"href":"https:\/\/www.globalwineries.nl\/de\/wp-json\/wp\/v2\/product"}],"about":[{"href":"https:\/\/www.globalwineries.nl\/de\/wp-json\/wp\/v2\/types\/product"}],"replies":[{"embeddable":true,"href":"https:\/\/www.globalwineries.nl\/de\/wp-json\/wp\/v2\/comments?post=38015"}],"wp:featuredmedia":[{"embeddable":true,"href":"https:\/\/www.globalwineries.nl\/de\/wp-json\/wp\/v2\/media\/37994"}],"wp:attachment":[{"href":"https:\/\/www.globalwineries.nl\/de\/wp-json\/wp\/v2\/media?parent=38015"}],"wp:term":[{"taxonomy":"product_brand","embeddable":true,"href":"https:\/\/www.globalwineries.nl\/de\/wp-json\/wp\/v2\/product_brand?post=38015"},{"taxonomy":"product_cat","embeddable":true,"href":"https:\/\/www.globalwineries.nl\/de\/wp-json\/wp\/v2\/product_cat?post=38015"},{"taxonomy":"product_tag","embeddable":true,"href":"https:\/\/www.globalwineries.nl\/de\/wp-json\/wp\/v2\/product_tag?post=38015"}],"curies":[{"name":"wp","href":"https:\/\/api.w.org\/{rel}","templated":true}]}}